{"id":15056,"date":"2024-03-22T12:52:50","date_gmt":"2024-03-22T12:52:50","guid":{"rendered":"https:\/\/www.chidoluelaw.com\/inmigracion\/abogado-de-inmigracion-vawa-en-todo-el-pais\/"},"modified":"2025-02-25T13:42:40","modified_gmt":"2025-02-25T13:42:40","slug":"abogado-de-inmigracion-vawa-en-todo-el-pais","status":"publish","type":"page","link":"https:\/\/www.chidoluelaw.com\/es\/abogado-de-inmigracion-vawa-en-todo-el-pais\/","title":{"rendered":"Abogado de Inmigraci\u00f3n VAWA en todo el pa\u00eds"},"content":{"rendered":"<h2>Ayudar a las v\u00edctimas inmigrantes a convertirse en residentes permanentes<\/h2>\n<p>Si est\u00e1s sufriendo malos tratos por parte de un c\u00f3nyuge, padre o hijo adulto, y tienes miedo de denunciarlo debido a tu condici\u00f3n de inmigrante, debes ponerte en contacto con un abogado especializado en inmigraci\u00f3n. Puede que tengas derecho a ayuda a trav\u00e9s de la Ley de Violencia contra las Mujeres (VAWA). Esto te permitir\u00eda evitar la deportaci\u00f3n y obtener la tarjeta verde por tu cuenta, en lugar de tener que quedarte con un c\u00f3nyuge, hijo o padre maltratador para permanecer en EEUU.<\/p>\n<p>Entendemos que la ley de inmigraci\u00f3n estadounidense es estricta en cuanto a qui\u00e9n obtiene la residencia permanente en este pa\u00eds, por lo que puede preocuparte perder la oportunidad de obtener la tarjeta verde si abandonas a tu c\u00f3nyuge, hijo o padre ciudadano estadounidense. Pero no deber\u00edas tener que soportar malos tratos dom\u00e9sticos para obtener la tarjeta verde, por eso la VAWA permite la autopetici\u00f3n a las v\u00edctimas inmigrantes cualificadas. Consigue ayuda de abogados de inmigraci\u00f3n que estar\u00e1n encantados de ayudarte a salir de una situaci\u00f3n abusiva y convertirte en residente legal permanente.<\/p>\n<p><strong>Ponte en contacto con <a href=\"\/\">The Chidolue Law Firm<\/a> en el <a class=\"css-1rn59kg\" title=\"tel:6783251037\" href=\"tel:6783251037\" data-testid=\"link-with-safety\" data-renderer-mark=\"true\">678-325-1037 o en el 678-325-1037<\/a> para <a href=\"https:\/\/www.chidoluelaw.com\/contact\/\">programar una consulta<\/a> y hablar de tu petici\u00f3n VAWA hoy mismo.<\/strong><\/p>\n<h2>\u00bfQu\u00e9 es la Ley contra la Violencia de G\u00e9nero (VAWA)?<\/h2>\n<p>La Ley sobre la Violencia contra las Mujeres (VAWA) se aprob\u00f3 para garantizar que las inmigrantes no se sintieran presionadas o amenazadas para quedarse con un c\u00f3nyuge maltratador s\u00f3lo para evitar la deportaci\u00f3n. Al fin y al cabo, ha habido situaciones en las que un ciudadano estadounidense o titular de una tarjeta verde se ha casado con una inmigrante y la ha tra\u00eddo a Estados Unidos como c\u00f3nyuge residente permanente, s\u00f3lo para empezar a maltratarla y amenazarla con deportarla si llamaba a la polic\u00eda.<\/p>\n<p>Si esto se parece a tu situaci\u00f3n, y no has abandonado a tu c\u00f3nyuge maltratador porque no quieres perder la oportunidad de convertirte en residente permanente, tal vez puedas solicitar por tu cuenta una tarjeta verde por VAWA. Si te la aprueban, puedes evitar la deportaci\u00f3n, permanecer en EE.UU. con una tarjeta verde y solicitar que los miembros de tu familia que cumplan los requisitos se queden tambi\u00e9n en este pa\u00eds contigo.<\/p>\n<p>Tendr\u00e1s que demostrar que has sufrido violencia dom\u00e9stica o incluso crueldad extrema por parte del ciudadano o residente legal permanente que te trajo a EE.UU. Si te interesa saber c\u00f3mo puedes hacerlo antes de rellenar la solicitud de la VAWA, es hora de que hables con abogados expertos en inmigraci\u00f3n que te guiar\u00e1n a trav\u00e9s del proceso de autopetici\u00f3n.<\/p>\n<p><strong>Tu seguridad importa: <a href=\"https:\/\/www.chidoluelaw.com\/contact\/\">ponte en contacto con<\/a> un abogado especializado en VAWA.<\/strong><\/p>\n<h2>\u00bfQui\u00e9n puede acogerse a la protecci\u00f3n de la VAWA?<\/h2>\n<p>Las solicitudes de la VAWA suelen enviarlas los c\u00f3nyuges maltratados que sufren violencia dom\u00e9stica y quieren tener la oportunidad de abandonar a su c\u00f3nyuge sin salir del pa\u00eds. En particular, las mujeres inmigrantes representan un gran n\u00famero de solicitantes de la VAWA. Pero a pesar del nombre de la Ley de Violencia contra las Mujeres, los hombres y los ni\u00f1os tambi\u00e9n pueden optar a las prestaciones de la VAWA.<\/p>\n<p>Tienes la posibilidad de obtener una tarjeta verde VAWA siempre que puedas demostrar que eres v\u00edctima de violencia dom\u00e9stica iniciada por cualquiera de las siguientes personas de tu vida:<\/p>\n<ul>\n<li>Un c\u00f3nyuge maltratador que sea ciudadano estadounidense o residente permanente<\/li>\n<li>Un progenitor o padrastro que sea ciudadano estadounidense o residente permanente<\/li>\n<li>Un hijo adulto que sea ciudadano estadounidense<\/li>\n<\/ul>\n<p>Por tanto, tanto si eres c\u00f3nyuge, padre, madre, hijo o hijastro del maltratador, podr\u00edas optar a la autopetici\u00f3n de la tarjeta verde a trav\u00e9s de la VAWA. Un abogado experto en inmigraci\u00f3n puede revisar tus circunstancias y decirte si re\u00fanes los requisitos para iniciar este proceso de inmigraci\u00f3n. Ponte en contacto con nuestro bufete de abogados de inmigraci\u00f3n para tratar tu caso con abogados de inmigraci\u00f3n de confianza.<\/p>\n<h2>\u00bfQu\u00e9 tienes que demostrar en una petici\u00f3n VAWA?<\/h2>\n<p>Si est\u00e1s pensando en presentar una autopetici\u00f3n a trav\u00e9s de la VAWA, debes demostrar ciertos detalles, empezando por la situaci\u00f3n de inmigraci\u00f3n de tu agresor. Por ejemplo, si presentas una auto-petici\u00f3n debido a un c\u00f3nyuge maltratador, debes demostrar que es ciudadano estadounidense o residente permanente con el que te casaste legalmente de buena fe.<\/p>\n<p>Si t\u00fa y tu c\u00f3nyuge est\u00e1is divorciados, a\u00fan puedes optar a una tarjeta verde por VAWA, siempre que la solicites en los dos a\u00f1os siguientes al divorcio. Una vez que pruebes que estabas casada con un ciudadano estadounidense o residente permanente, debes demostrar que demostraron extrema crueldad o maltrato hacia ti o tu hijo mientras viv\u00edan con ellos en Estados Unidos.<\/p>\n<p>Si eres hijo o hijastro de un ciudadano o residente permanente de Estados Unidos que fue cruel o abusivo contigo mientras viv\u00edas con \u00e9l, tambi\u00e9n puedes optar a una tarjeta verde por VAWA. Igual que har\u00edas con un c\u00f3nyuge maltratador, debes demostrar que tu padre o padrastro te someti\u00f3 a crueldad extrema o a malos tratos. Ten en cuenta que s\u00f3lo puedes declararte hijo de un progenitor maltratador si tienes menos de 25 a\u00f1os.<\/p>\n<p>Por \u00faltimo, si sufriste malos tratos dom\u00e9sticos a manos de tu hijo o hija ciudadano estadounidense y te sentiste indefenso debido a tu situaci\u00f3n legal en Estados Unidos, puedes solicitar las prestaciones de la VAWA. Esto es as\u00ed aunque tu hijo o hija ciudadano\/a haya perdido la nacionalidad por violencia dom\u00e9stica o haya fallecido en los dos \u00faltimos a\u00f1os. Si puedes demostrar que eran ciudadanos cuando se produjeron los malos tratos y que viv\u00edas con ellos en EE.UU., puedes acogerte a la Ley sobre Violencia contra las Mujeres para solicitar la tarjeta verde.<\/p>\n<p>Para demostrar la condici\u00f3n de inmigrante de la persona que abus\u00f3 de ti suele ser necesario que env\u00edes una copia de su partida de nacimiento, pasaporte estadounidense, <a href=\"https:\/\/www.chidoluelaw.com\/naturalization\/\">certificado de naturalizaci\u00f3n<\/a> o tarjeta de residencia. Tambi\u00e9n tendr\u00e1s que enviar pruebas de tu relaci\u00f3n, como un certificado de matrimonio que demuestre que estuviste casado con un c\u00f3nyuge ciudadano o residente permanente, o un certificado de nacimiento que demuestre que eres el padre o la madre de un hijo o hija ciudadano estadounidense que abus\u00f3 de ti.<\/p>\n<p>Tambi\u00e9n debes demostrar buen car\u00e1cter moral, lo que significa que no has sido condenado por un delito violento. Por \u00faltimo, necesitar\u00e1s pruebas de los malos tratos f\u00edsicos, emocionales o psicol\u00f3gicos que sufriste, que pueden incluir informes policiales, historiales m\u00e9dicos, fotos de tus lesiones o documentos que prueben que necesitaste terapia o medicaci\u00f3n debido a los malos tratos.<\/p>\n<p>Un abogado de inmigraci\u00f3n con experiencia puede ayudarte a reunir pruebas para tu autopetici\u00f3n, as\u00ed que ponte en contacto con nuestro bufete de abogados de inmigraci\u00f3n para que te ayuden con este proceso de inmigraci\u00f3n.<\/p>\n<h2>Programa una consulta inicial<\/h2>\n<p>Si has dudado en abandonar a un c\u00f3nyuge, progenitor o hijo adulto maltratador debido a tu condici\u00f3n de inmigrante, deber\u00edas considerar c\u00f3mo podr\u00eda ayudarte la Ley sobre Violencia contra las Mujeres. No deber\u00edas tener que abandonar el pa\u00eds o enfrentarte a la deportaci\u00f3n porque alguien en quien conf\u00edas decida tratarte con extrema crueldad. Si cumples los requisitos para obtener la tarjeta verde de la VAWA, puedes convertirte en residente legal permanente incluso despu\u00e9s de dejar a tu maltratador.<\/p>\n<p>En The Chidolue Law Firm, nuestro abogado experto de inmigraci\u00f3n ha ayudado a muchas v\u00edctimas de malos tratos a presentar una auto-petici\u00f3n para convertirse en residentes legales permanentes que obtienen beneficios de inmigraci\u00f3n, incluida la posibilidad de trabajar legalmente y patrocinar a familiares en el proceso de inmigraci\u00f3n basado en la familia. Si te interesan \u00e9stas y otras ventajas que se ofrecen a los residentes legales permanentes, \u00a1ponte en contacto con nosotros hoy mismo!<\/p>\n<p><strong> <a href=\"https:\/\/www.chidoluelaw.com\/contact\/\"> Ponte en contacto con<\/a> nuestro bufete de abogados de inmigraci\u00f3n en el <a class=\"css-1rn59kg\" title=\"tel:6783251037\" href=\"tel:6783251037\" data-testid=\"link-with-safety\" data-renderer-mark=\"true\">678-325-1037 o en el 678-325-1037<\/a> para hablar con un abogado con experiencia sobre las autopeticiones VAWA.<\/strong><\/p>\n","protected":false},"excerpt":{"rendered":"<p>Ayudar a las v\u00edctimas inmigrantes a convertirse en residentes permanentes Si est\u00e1s sufriendo malos tratos por parte de un c\u00f3nyuge, padre o hijo adulto, y tienes miedo de denunciarlo debido a tu condici\u00f3n de inmigrante, debes ponerte en contacto con un abogado especializado en inmigraci\u00f3n. Puede que tengas derecho a ayuda a trav\u00e9s de la [&hellip;]<\/p>\n","protected":false},"author":31,"featured_media":14466,"parent":0,"menu_order":0,"comment_status":"closed","ping_status":"closed","template":"","meta":{"site-sidebar-layout":"default","site-content-layout":"","ast-site-content-layout":"default","site-content-style":"default","site-sidebar-style":"default","ast-global-header-display":"","ast-banner-title-visibility":"","ast-main-header-display":"","ast-hfb-above-header-display":"","ast-hfb-below-header-display":"","ast-hfb-mobile-header-display":"","site-post-title":"","ast-breadcrumbs-content":"","ast-featured-img":"","footer-sml-layout":"","ast-disable-related-posts":"","theme-transparent-header-meta":"default","adv-header-id-meta":"","stick-header-meta":"","header-above-stick-meta":"","header-main-stick-meta":"","header-below-stick-meta":"","astra-migrate-meta-layouts":"set","ast-page-background-enabled":"default","ast-page-background-meta":{"desktop":{"background-color":"var(--ast-global-color-4)","background-image":"","background-repeat":"repeat","background-position":"center center","background-size":"auto","background-attachment":"scroll","background-type":"","background-media":"","overlay-type":"","overlay-color":"","overlay-opacity":"","overlay-gradient":""},"tablet":{"background-color":"","background-image":"","background-repeat":"repeat","background-position":"center center","background-size":"auto","background-attachment":"scroll","background-type":"","background-media":"","overlay-type":"","overlay-color":"","overlay-opacity":"","overlay-gradient":""},"mobile":{"background-color":"","background-image":"","background-repeat":"repeat","background-position":"center center","background-size":"auto","background-attachment":"scroll","background-type":"","background-media":"","overlay-type":"","overlay-color":"","overlay-opacity":"","overlay-gradient":""}},"ast-content-background-meta":{"desktop":{"background-color":"var(--ast-global-color-5)","background-image":"","background-repeat":"repeat","background-position":"center center","background-size":"auto","background-attachment":"scroll","background-type":"","background-media":"","overlay-type":"","overlay-color":"","overlay-opacity":"","overlay-gradient":""},"tablet":{"background-color":"var(--ast-global-color-5)","background-image":"","background-repeat":"repeat","background-position":"center center","background-size":"auto","background-attachment":"scroll","background-type":"","background-media":"","overlay-type":"","overlay-color":"","overlay-opacity":"","overlay-gradient":""},"mobile":{"background-color":"var(--ast-global-color-5)","background-image":"","background-repeat":"repeat","background-position":"center center","background-size":"auto","background-attachment":"scroll","background-type":"","background-media":"","overlay-type":"","overlay-color":"","overlay-opacity":"","overlay-gradient":""}},"footnotes":""},"class_list":["post-15056","page","type-page","status-publish","has-post-thumbnail","hentry"],"yoast_head":"<!-- This site is optimized with the Yoast SEO plugin v27.3 - https:\/\/yoast.com\/product\/yoast-seo-wordpress\/ -->\n<title>Abogado de Inmigraci\u00f3n VAWA en todo el pa\u00eds<\/title>\n<meta name=\"description\" content=\"\u00bfEres inmigrante y sufres malos tratos por parte de tu c\u00f3nyuge, hijo adulto o progenitor en EEUU? Llama a un abogado de inmigraci\u00f3n especializado en VAWA de todo el pa\u00eds para obtener ayuda legal.\" \/>\n<meta name=\"robots\" content=\"index, follow, max-snippet:-1, max-image-preview:large, max-video-preview:-1\" \/>\n<link rel=\"canonical\" href=\"https:\/\/www.chidoluelaw.com\/es\/abogado-de-inmigracion-vawa-en-todo-el-pais\/\" \/>\n<meta property=\"og:locale\" content=\"es_ES\" \/>\n<meta property=\"og:type\" content=\"article\" \/>\n<meta property=\"og:title\" content=\"Abogado de Inmigraci\u00f3n VAWA en todo el pa\u00eds\" \/>\n<meta property=\"og:description\" content=\"\u00bfEres inmigrante y sufres malos tratos por parte de tu c\u00f3nyuge, hijo adulto o progenitor en EEUU? Llama a un abogado de inmigraci\u00f3n especializado en VAWA de todo el pa\u00eds para obtener ayuda legal.\" \/>\n<meta property=\"og:url\" content=\"https:\/\/www.chidoluelaw.com\/es\/abogado-de-inmigracion-vawa-en-todo-el-pais\/\" \/>\n<meta property=\"og:site_name\" content=\"The Chidolue Law Firm\" \/>\n<meta property=\"article:modified_time\" content=\"2025-02-25T13:42:40+00:00\" \/>\n<meta name=\"twitter:card\" content=\"summary_large_image\" \/>\n<meta name=\"twitter:label1\" content=\"Tiempo de lectura\" \/>\n\t<meta name=\"twitter:data1\" content=\"6 minutos\" \/>\n<!-- \/ Yoast SEO plugin. -->","yoast_head_json":{"title":"Abogado de Inmigraci\u00f3n VAWA en todo el pa\u00eds","description":"\u00bfEres inmigrante y sufres malos tratos por parte de tu c\u00f3nyuge, hijo adulto o progenitor en EEUU? Llama a un abogado de inmigraci\u00f3n especializado en VAWA de todo el pa\u00eds para obtener ayuda legal.","robots":{"index":"index","follow":"follow","max-snippet":"max-snippet:-1","max-image-preview":"max-image-preview:large","max-video-preview":"max-video-preview:-1"},"canonical":"https:\/\/www.chidoluelaw.com\/es\/abogado-de-inmigracion-vawa-en-todo-el-pais\/","og_locale":"es_ES","og_type":"article","og_title":"Abogado de Inmigraci\u00f3n VAWA en todo el pa\u00eds","og_description":"\u00bfEres inmigrante y sufres malos tratos por parte de tu c\u00f3nyuge, hijo adulto o progenitor en EEUU? Llama a un abogado de inmigraci\u00f3n especializado en VAWA de todo el pa\u00eds para obtener ayuda legal.","og_url":"https:\/\/www.chidoluelaw.com\/es\/abogado-de-inmigracion-vawa-en-todo-el-pais\/","og_site_name":"The Chidolue Law Firm","article_modified_time":"2025-02-25T13:42:40+00:00","twitter_card":"summary_large_image","twitter_misc":{"Tiempo de lectura":"6 minutos"},"schema":{"@context":"https:\/\/schema.org","@graph":[{"@type":"WebPage","@id":"https:\/\/www.chidoluelaw.com\/es\/abogado-de-inmigracion-vawa-en-todo-el-pais\/","url":"https:\/\/www.chidoluelaw.com\/es\/abogado-de-inmigracion-vawa-en-todo-el-pais\/","name":"Abogado de Inmigraci\u00f3n VAWA en todo el pa\u00eds","isPartOf":{"@id":"https:\/\/www.chidoluelaw.com\/es\/#website"},"primaryImageOfPage":{"@id":"https:\/\/www.chidoluelaw.com\/es\/abogado-de-inmigracion-vawa-en-todo-el-pais\/#primaryimage"},"image":{"@id":"https:\/\/www.chidoluelaw.com\/es\/abogado-de-inmigracion-vawa-en-todo-el-pais\/#primaryimage"},"thumbnailUrl":"https:\/\/www.chidoluelaw.com\/wp-content\/uploads\/2024\/03\/fetured-1.svg","datePublished":"2024-03-22T12:52:50+00:00","dateModified":"2025-02-25T13:42:40+00:00","description":"\u00bfEres inmigrante y sufres malos tratos por parte de tu c\u00f3nyuge, hijo adulto o progenitor en EEUU? Llama a un abogado de inmigraci\u00f3n especializado en VAWA de todo el pa\u00eds para obtener ayuda legal.","breadcrumb":{"@id":"https:\/\/www.chidoluelaw.com\/es\/abogado-de-inmigracion-vawa-en-todo-el-pais\/#breadcrumb"},"inLanguage":"es","potentialAction":[{"@type":"ReadAction","target":["https:\/\/www.chidoluelaw.com\/es\/abogado-de-inmigracion-vawa-en-todo-el-pais\/"]}]},{"@type":"ImageObject","inLanguage":"es","@id":"https:\/\/www.chidoluelaw.com\/es\/abogado-de-inmigracion-vawa-en-todo-el-pais\/#primaryimage","url":"https:\/\/www.chidoluelaw.com\/wp-content\/uploads\/2024\/03\/fetured-1.svg","contentUrl":"https:\/\/www.chidoluelaw.com\/wp-content\/uploads\/2024\/03\/fetured-1.svg"},{"@type":"BreadcrumbList","@id":"https:\/\/www.chidoluelaw.com\/es\/abogado-de-inmigracion-vawa-en-todo-el-pais\/#breadcrumb","itemListElement":[{"@type":"ListItem","position":1,"name":"Home","item":"https:\/\/www.chidoluelaw.com\/es\/"},{"@type":"ListItem","position":2,"name":"Abogado de Inmigraci\u00f3n VAWA en todo el pa\u00eds"}]},{"@type":"WebSite","@id":"https:\/\/www.chidoluelaw.com\/es\/#website","url":"https:\/\/www.chidoluelaw.com\/es\/","name":"The Chidolue Law Firm","description":"","publisher":{"@id":"https:\/\/www.chidoluelaw.com\/es\/#organization"},"potentialAction":[{"@type":"SearchAction","target":{"@type":"EntryPoint","urlTemplate":"https:\/\/www.chidoluelaw.com\/es\/?s={search_term_string}"},"query-input":{"@type":"PropertyValueSpecification","valueRequired":true,"valueName":"search_term_string"}}],"inLanguage":"es"},{"@type":"Organization","@id":"https:\/\/www.chidoluelaw.com\/es\/#organization","name":"The Chidolue Law Firm","url":"https:\/\/www.chidoluelaw.com\/es\/","logo":{"@type":"ImageObject","inLanguage":"es","@id":"https:\/\/www.chidoluelaw.com\/es\/#\/schema\/logo\/image\/","url":"https:\/\/www.chidoluelaw.com\/wp-content\/uploads\/2024\/03\/logo-w.svg","contentUrl":"https:\/\/www.chidoluelaw.com\/wp-content\/uploads\/2024\/03\/logo-w.svg","caption":"The Chidolue Law Firm"},"image":{"@id":"https:\/\/www.chidoluelaw.com\/es\/#\/schema\/logo\/image\/"}}]}},"_links":{"self":[{"href":"https:\/\/www.chidoluelaw.com\/es\/wp-json\/wp\/v2\/pages\/15056","targetHints":{"allow":["GET"]}}],"collection":[{"href":"https:\/\/www.chidoluelaw.com\/es\/wp-json\/wp\/v2\/pages"}],"about":[{"href":"https:\/\/www.chidoluelaw.com\/es\/wp-json\/wp\/v2\/types\/page"}],"author":[{"embeddable":true,"href":"https:\/\/www.chidoluelaw.com\/es\/wp-json\/wp\/v2\/users\/31"}],"replies":[{"embeddable":true,"href":"https:\/\/www.chidoluelaw.com\/es\/wp-json\/wp\/v2\/comments?post=15056"}],"version-history":[{"count":0,"href":"https:\/\/www.chidoluelaw.com\/es\/wp-json\/wp\/v2\/pages\/15056\/revisions"}],"wp:featuredmedia":[{"embeddable":true,"href":"https:\/\/www.chidoluelaw.com\/es\/wp-json\/wp\/v2\/media\/14466"}],"wp:attachment":[{"href":"https:\/\/www.chidoluelaw.com\/es\/wp-json\/wp\/v2\/media?parent=15056"}],"curies":[{"name":"wp","href":"https:\/\/api.w.org\/{rel}","templated":true}]}}