{"id":15054,"date":"2024-03-22T12:55:25","date_gmt":"2024-03-22T12:55:25","guid":{"rendered":"https:\/\/www.chidoluelaw.com\/inmigracion\/abogado-de-inmigracion-para-visados-t-en-todo-el-pais\/"},"modified":"2025-02-25T13:44:32","modified_gmt":"2025-02-25T13:44:32","slug":"abogado-de-inmigracion-para-visados-t-en-todo-el-pais","status":"publish","type":"page","link":"https:\/\/www.chidoluelaw.com\/es\/abogado-de-inmigracion-para-visados-t-en-todo-el-pais\/","title":{"rendered":"Abogado de Inmigraci\u00f3n para Visados T en todo el pa\u00eds"},"content":{"rendered":"<h2>Prestaci\u00f3n de Servicios de Inmigraci\u00f3n a las V\u00edctimas de la Trata de Seres Humanos<\/h2>\n<p>Si te trajeron a EE.UU. traficantes de seres humanos y est\u00e1s dispuesto a ayudar a las fuerzas de seguridad en la investigaci\u00f3n del delito, puedes optar al estatus de no inmigrante T. Cuando obtienes un visado T, puedes permanecer en EE.UU. temporalmente mientras buscas ayuda legal o m\u00e9dica y protecci\u00f3n frente a los implicados en la operaci\u00f3n de tr\u00e1fico que te trajo a este pa\u00eds contra tu voluntad.<\/p>\n<p>Antes de que te concedan esta prestaci\u00f3n temporal de inmigraci\u00f3n, tendr\u00e1s que demostrar que cumples los criterios de elegibilidad como v\u00edctima de trata de seres humanos que puede ayudar a las fuerzas del orden estadounidenses a perseguir a los delincuentes. Un abogado experto en visados T puede guiarte a trav\u00e9s de este proceso, as\u00ed que ponte en contacto con <a href=\"\/\">The Chidolue Law Firm<\/a> para obtener ayuda de un abogado de inmigraci\u00f3n con experiencia que realmente se preocupa por apoyar a las v\u00edctimas de la trata de seres humanos.<\/p>\n<p><strong>Tu camino hacia la seguridad empieza aqu\u00ed: <a href=\"https:\/\/www.chidoluelaw.com\/contact\/\">ponte en contacto con nosotros<\/a> para una consulta en el <a class=\"css-1rn59kg\" title=\"tel:6783251037\" href=\"tel:6783251037\" data-testid=\"link-with-safety\" data-renderer-mark=\"true\">678-325-1037 .<\/a><\/strong><\/p>\n<h2>\u00bfQui\u00e9n puede optar a un visado T?<\/h2>\n<p>Hace m\u00e1s de 20 a\u00f1os, se aprob\u00f3 la Ley de Protecci\u00f3n de las V\u00edctimas de la Trata y la Violencia para crear el visado T y el visado U con el fin de proteger a las v\u00edctimas de determinados delitos graves que no pod\u00edan ser devueltas a su pa\u00eds de origen de forma segura. Aunque estos visados proporcionan una protecci\u00f3n muy necesaria a las v\u00edctimas, exigen que los solicitantes cumplan estrictos criterios de elegibilidad para obtener un alivio migratorio temporal. Para obtener un visado T, debes ser<\/p>\n<ul>\n<li>V\u00edctima de una forma grave de trata de seres humanos, como la trata laboral o sexual, por medio de la fuerza, la falsedad o el enga\u00f1o.<\/li>\n<li>Actualmente en Estados Unidos, la Mancomunidad de las Islas Marianas del Norte, Samoa Americana o en un puerto de entrada como consecuencia de la trata de seres humanos<\/li>\n<li>Ser capaz de demostrar que sufrir\u00edas dificultades extremas si los funcionarios encargados de hacer cumplir la ley te expulsaran de EE.UU.<\/li>\n<li>Admisible en Estados Unidos<\/li>\n<li>Puedes demostrar que has atendido o est\u00e1s dispuesto a atender cualquier petici\u00f3n razonable de los organismos encargados de hacer cumplir la ley para ayudar en la investigaci\u00f3n y persecuci\u00f3n de los traficantes de seres humanos<\/li>\n<\/ul>\n<p>Ten en cuenta que hay dos tipos principales de trata de seres humanos que podr\u00edan hacer que una v\u00edctima pudiera optar a un visado T. Uno es el tr\u00e1fico sexual, que implica el uso de fraude, coacci\u00f3n o fuerza para reclutar, albergar, transportar u obtener a una persona para utilizarla en un acto sexual comercial.<\/p>\n<p>El otro tipo de trata de seres humanos es la trata laboral, en la que el delincuente utiliza el fraude, la coacci\u00f3n o la fuerza para captar, albergar, transportar u obtener a una persona para someterla a servidumbre por deudas, peonaje, servidumbre involuntaria, esclavitud moderna o cualquier otro tipo de trabajo forzado.<\/p>\n<p>Tanto si eres v\u00edctima del tr\u00e1fico sexual como del tr\u00e1fico laboral, puedes obtener un visado T siempre que aceptes ayudar a las fuerzas de seguridad a identificar y procesar a los delincuentes para que rindan cuentas por sus graves delitos. Si quieres saber m\u00e1s sobre este tipo de ayuda de inmigraci\u00f3n, ponte en contacto con nuestro bufete de abogados de inmigraci\u00f3n para saber c\u00f3mo solicitarla.<\/p>\n<h2>\u00bfQu\u00e9 derechos te da el visado T?<\/h2>\n<p>Los solicitantes de un visado T pueden preguntarse si merece la pena dedicar tiempo a solicitar un visado temporal de este tipo. Para muchas personas, la respuesta es s\u00ed, porque el visado T te permite permanecer en EE.UU. hasta cuatro a\u00f1os.<\/p>\n<p>Durante ese tiempo, no tendr\u00e1s que preocuparte de que te deporten, e incluso podr\u00e1s trabajar una vez que tengas un documento de autorizaci\u00f3n de empleo. Tambi\u00e9n podr\u00edas tener derecho a ciertas prestaciones del gobierno si necesitas ayuda para mantenerte durante tu estancia en EE.UU. Adem\u00e1s, los miembros de tu familia pueden obtener visados T para que puedan vivir contigo mientras est\u00e9s en EEUU.<\/p>\n<p>Por supuesto, muchos titulares de visados T esperan permanecer en EE.UU. m\u00e1s de cuatro a\u00f1os. Afortunadamente, es una posibilidad con este tipo de visado. De hecho, siempre que hayas permanecido en este pa\u00eds tres a\u00f1os con el visado T, puedes solicitar la residencia permanente legal para permanecer aqu\u00ed como titular de la tarjeta verde.<\/p>\n<p>Si est\u00e1s interesado en averiguar si re\u00fanes los requisitos para el visado T u otra opci\u00f3n de inmigraci\u00f3n, como el visado U, ponte en contacto con nuestro bufete de abogados para recibir asesoramiento jur\u00eddico hoy mismo. Nuestro abogado experto en visados T ha ayudado a v\u00edctimas de trata de seres humanos a permanecer en el pa\u00eds e incluso a solicitar la residencia permanente legal cuando cumpl\u00edan los requisitos, por lo que confiamos en poder ayudarte.<\/p>\n<p><strong>Conoce tus derechos y opciones legales. Habla con un abogado especializado en visados T y <a href=\"https:\/\/www.chidoluelaw.com\/contact\/\">reserva una primera consulta<\/a>.   <\/strong><\/p>\n<h2>\u00bfC\u00f3mo puedes demostrar que re\u00fanes los requisitos para un visado T?<\/h2>\n<p>Antes de iniciar la solicitud del visado T, es esencial que entiendas lo que implica el proceso. De este modo, podr\u00e1s determinar si necesitas contratar a un abogado especializado en visados T para que te ayude a rellenar los formularios y a reunir los documentos que servir\u00e1n como prueba s\u00f3lida de los delitos tipificados contra ti.<\/p>\n<p>En primer lugar, debes rellenar y entregar la Solicitud de estatuto de no inmigrante T, en la que tendr\u00e1s que indicar tu nombre completo, fecha de nacimiento, lugar de nacimiento y pa\u00eds del que tienes la nacionalidad. Tambi\u00e9n tendr\u00e1s que indicar los nombres de los familiares que necesiten visados T<\/p>\n<p>Adem\u00e1s, deber\u00e1s presentar una declaraci\u00f3n personal que describa c\u00f3mo los trabajos forzados o la explotaci\u00f3n sexual que has sufrido te trajeron a Estados Unidos y te impidieron marcharte. Si tienes pruebas de que eres admisible en EE.UU. y de que has atendido las peticiones de los organismos encargados de hacer cumplir la ley, debes incluirlas en tus formularios legales. Las pruebas de que has cumplido con la polic\u00eda pueden incluir informes policiales, art\u00edculos de prensa, documentos judiciales y correos electr\u00f3nicos con ellos.<\/p>\n<p>Una vez que hayas presentado toda la documentaci\u00f3n y las pruebas ante el tribunal, es probable que tengas que presentarte para que te tomen las huellas dactilares, te hagan fotos y te entrevisten. Si te ponen nervioso estos pasos, deber\u00edas pedir ayuda a un profesional del derecho que entienda la ley de inmigraci\u00f3n lo suficientemente bien como para guiarte en tu caso. Ponte en contacto con nuestro bufete hoy mismo para hablar con abogados de inmigraci\u00f3n atentos y deseosos de ayudarte a conseguir el visado de no inmigrante que necesitas.<\/p>\n<h2>\u00bfDeber\u00edas llamar a un abogado de inmigraci\u00f3n especializado en visados T?<\/h2>\n<p>Si crees que re\u00fanes los requisitos para ser titular de un visado T con el fin de permanecer en EE.UU., debes hablar con abogados expertos en visados T antes de enviar tu solicitud. La ley de inmigraci\u00f3n puede ser dif\u00edcil de entender y aplicar a casos de la vida real, y no querr\u00e1s retrasar tu solicitud o que te la denieguen por un simple error en un formulario. Abogados de inmigraci\u00f3n comprometidos se asegurar\u00e1n de que re\u00fanes los requisitos para el visado que deseas y te ayudar\u00e1n a reforzar tu solicitud con pruebas de apoyo cuando sea necesario. Esto puede darte la mejor oportunidad de obtener el resultado que esperas si quieres permanecer en EE.UU. el mayor tiempo posible.<\/p>\n<h2>Contacta hoy con nuestro bufete<\/h2>\n<p>Cuando contrates a The Chidolue Law Firm para que te asesore legalmente en tu solicitud de visado T, tendr\u00e1s toda la atenci\u00f3n de un equipo legal compasivo que comprende plenamente la importancia de que te aprueben la estancia en EE.UU. Tanto si quieres solicitar un visado como si ya tienes uno y est\u00e1s dispuesto a conseguir la tarjeta verde, estamos deseando ayudarte.<\/p>\n<p><strong><a href=\"https:\/\/www.chidoluelaw.com\/contact\/\">Ponte en contacto con<\/a> nuestro bufete de abogados de inmigraci\u00f3n hoy mismo en el <a class=\"css-1rn59kg\" title=\"tel:6783251037\" href=\"tel:6783251037\" data-testid=\"link-with-safety\" data-renderer-mark=\"true\">678-325-1037 o en el 678-325-1037<\/a> para una evaluaci\u00f3n de tu caso con abogados expertos.<\/strong><\/p>\n","protected":false},"excerpt":{"rendered":"<p>Prestaci\u00f3n de Servicios de Inmigraci\u00f3n a las V\u00edctimas de la Trata de Seres Humanos Si te trajeron a EE.UU. traficantes de seres humanos y est\u00e1s dispuesto a ayudar a las fuerzas de seguridad en la investigaci\u00f3n del delito, puedes optar al estatus de no inmigrante T. Cuando obtienes un visado T, puedes permanecer en EE.UU. [&hellip;]<\/p>\n","protected":false},"author":31,"featured_media":14466,"parent":0,"menu_order":0,"comment_status":"closed","ping_status":"closed","template":"","meta":{"site-sidebar-layout":"default","site-content-layout":"","ast-site-content-layout":"default","site-content-style":"default","site-sidebar-style":"default","ast-global-header-display":"","ast-banner-title-visibility":"","ast-main-header-display":"","ast-hfb-above-header-display":"","ast-hfb-below-header-display":"","ast-hfb-mobile-header-display":"","site-post-title":"","ast-breadcrumbs-content":"","ast-featured-img":"","footer-sml-layout":"","ast-disable-related-posts":"","theme-transparent-header-meta":"default","adv-header-id-meta":"","stick-header-meta":"","header-above-stick-meta":"","header-main-stick-meta":"","header-below-stick-meta":"","astra-migrate-meta-layouts":"default","ast-page-background-enabled":"default","ast-page-background-meta":{"desktop":{"background-color":"var(--ast-global-color-4)","background-image":"","background-repeat":"repeat","background-position":"center center","background-size":"auto","background-attachment":"scroll","background-type":"","background-media":"","overlay-type":"","overlay-color":"","overlay-opacity":"","overlay-gradient":""},"tablet":{"background-color":"","background-image":"","background-repeat":"repeat","background-position":"center center","background-size":"auto","background-attachment":"scroll","background-type":"","background-media":"","overlay-type":"","overlay-color":"","overlay-opacity":"","overlay-gradient":""},"mobile":{"background-color":"","background-image":"","background-repeat":"repeat","background-position":"center center","background-size":"auto","background-attachment":"scroll","background-type":"","background-media":"","overlay-type":"","overlay-color":"","overlay-opacity":"","overlay-gradient":""}},"ast-content-background-meta":{"desktop":{"background-color":"var(--ast-global-color-5)","background-image":"","background-repeat":"repeat","background-position":"center center","background-size":"auto","background-attachment":"scroll","background-type":"","background-media":"","overlay-type":"","overlay-color":"","overlay-opacity":"","overlay-gradient":""},"tablet":{"background-color":"var(--ast-global-color-5)","background-image":"","background-repeat":"repeat","background-position":"center center","background-size":"auto","background-attachment":"scroll","background-type":"","background-media":"","overlay-type":"","overlay-color":"","overlay-opacity":"","overlay-gradient":""},"mobile":{"background-color":"var(--ast-global-color-5)","background-image":"","background-repeat":"repeat","background-position":"center center","background-size":"auto","background-attachment":"scroll","background-type":"","background-media":"","overlay-type":"","overlay-color":"","overlay-opacity":"","overlay-gradient":""}},"footnotes":""},"class_list":["post-15054","page","type-page","status-publish","has-post-thumbnail","hentry"],"yoast_head":"<!-- This site is optimized with the Yoast SEO plugin v27.3 - https:\/\/yoast.com\/product\/yoast-seo-wordpress\/ -->\n<title>Abogado de inmigraci\u00f3n para visados T en todo el pa\u00eds<\/title>\n<meta name=\"description\" content=\"\u00bfEres v\u00edctima de la trata de seres humanos? Llama a un abogado de inmigraci\u00f3n especializado en visados T de todo el pa\u00eds para averiguar c\u00f3mo puedes permanecer en EE.UU. con un visado T.\" \/>\n<meta name=\"robots\" content=\"index, follow, max-snippet:-1, max-image-preview:large, max-video-preview:-1\" \/>\n<link rel=\"canonical\" href=\"https:\/\/www.chidoluelaw.com\/es\/abogado-de-inmigracion-para-visados-t-en-todo-el-pais\/\" \/>\n<meta property=\"og:locale\" content=\"es_ES\" \/>\n<meta property=\"og:type\" content=\"article\" \/>\n<meta property=\"og:title\" content=\"Abogado de inmigraci\u00f3n para visados T en todo el pa\u00eds\" \/>\n<meta property=\"og:description\" content=\"\u00bfEres v\u00edctima de la trata de seres humanos? Llama a un abogado de inmigraci\u00f3n especializado en visados T de todo el pa\u00eds para averiguar c\u00f3mo puedes permanecer en EE.UU. con un visado T.\" \/>\n<meta property=\"og:url\" content=\"https:\/\/www.chidoluelaw.com\/es\/abogado-de-inmigracion-para-visados-t-en-todo-el-pais\/\" \/>\n<meta property=\"og:site_name\" content=\"The Chidolue Law Firm\" \/>\n<meta property=\"article:modified_time\" content=\"2025-02-25T13:44:32+00:00\" \/>\n<meta name=\"twitter:card\" content=\"summary_large_image\" \/>\n<meta name=\"twitter:label1\" content=\"Tiempo de lectura\" \/>\n\t<meta name=\"twitter:data1\" content=\"7 minutos\" \/>\n<!-- \/ Yoast SEO plugin. -->","yoast_head_json":{"title":"Abogado de inmigraci\u00f3n para visados T en todo el pa\u00eds","description":"\u00bfEres v\u00edctima de la trata de seres humanos? Llama a un abogado de inmigraci\u00f3n especializado en visados T de todo el pa\u00eds para averiguar c\u00f3mo puedes permanecer en EE.UU. con un visado T.","robots":{"index":"index","follow":"follow","max-snippet":"max-snippet:-1","max-image-preview":"max-image-preview:large","max-video-preview":"max-video-preview:-1"},"canonical":"https:\/\/www.chidoluelaw.com\/es\/abogado-de-inmigracion-para-visados-t-en-todo-el-pais\/","og_locale":"es_ES","og_type":"article","og_title":"Abogado de inmigraci\u00f3n para visados T en todo el pa\u00eds","og_description":"\u00bfEres v\u00edctima de la trata de seres humanos? Llama a un abogado de inmigraci\u00f3n especializado en visados T de todo el pa\u00eds para averiguar c\u00f3mo puedes permanecer en EE.UU. con un visado T.","og_url":"https:\/\/www.chidoluelaw.com\/es\/abogado-de-inmigracion-para-visados-t-en-todo-el-pais\/","og_site_name":"The Chidolue Law Firm","article_modified_time":"2025-02-25T13:44:32+00:00","twitter_card":"summary_large_image","twitter_misc":{"Tiempo de lectura":"7 minutos"},"schema":{"@context":"https:\/\/schema.org","@graph":[{"@type":"WebPage","@id":"https:\/\/www.chidoluelaw.com\/es\/abogado-de-inmigracion-para-visados-t-en-todo-el-pais\/","url":"https:\/\/www.chidoluelaw.com\/es\/abogado-de-inmigracion-para-visados-t-en-todo-el-pais\/","name":"Abogado de inmigraci\u00f3n para visados T en todo el pa\u00eds","isPartOf":{"@id":"https:\/\/www.chidoluelaw.com\/es\/#website"},"primaryImageOfPage":{"@id":"https:\/\/www.chidoluelaw.com\/es\/abogado-de-inmigracion-para-visados-t-en-todo-el-pais\/#primaryimage"},"image":{"@id":"https:\/\/www.chidoluelaw.com\/es\/abogado-de-inmigracion-para-visados-t-en-todo-el-pais\/#primaryimage"},"thumbnailUrl":"https:\/\/www.chidoluelaw.com\/wp-content\/uploads\/2024\/03\/fetured-1.svg","datePublished":"2024-03-22T12:55:25+00:00","dateModified":"2025-02-25T13:44:32+00:00","description":"\u00bfEres v\u00edctima de la trata de seres humanos? Llama a un abogado de inmigraci\u00f3n especializado en visados T de todo el pa\u00eds para averiguar c\u00f3mo puedes permanecer en EE.UU. con un visado T.","breadcrumb":{"@id":"https:\/\/www.chidoluelaw.com\/es\/abogado-de-inmigracion-para-visados-t-en-todo-el-pais\/#breadcrumb"},"inLanguage":"es","potentialAction":[{"@type":"ReadAction","target":["https:\/\/www.chidoluelaw.com\/es\/abogado-de-inmigracion-para-visados-t-en-todo-el-pais\/"]}]},{"@type":"ImageObject","inLanguage":"es","@id":"https:\/\/www.chidoluelaw.com\/es\/abogado-de-inmigracion-para-visados-t-en-todo-el-pais\/#primaryimage","url":"https:\/\/www.chidoluelaw.com\/wp-content\/uploads\/2024\/03\/fetured-1.svg","contentUrl":"https:\/\/www.chidoluelaw.com\/wp-content\/uploads\/2024\/03\/fetured-1.svg"},{"@type":"BreadcrumbList","@id":"https:\/\/www.chidoluelaw.com\/es\/abogado-de-inmigracion-para-visados-t-en-todo-el-pais\/#breadcrumb","itemListElement":[{"@type":"ListItem","position":1,"name":"Home","item":"https:\/\/www.chidoluelaw.com\/es\/"},{"@type":"ListItem","position":2,"name":"Abogado de Inmigraci\u00f3n para Visados T en todo el pa\u00eds"}]},{"@type":"WebSite","@id":"https:\/\/www.chidoluelaw.com\/es\/#website","url":"https:\/\/www.chidoluelaw.com\/es\/","name":"The Chidolue Law Firm","description":"","publisher":{"@id":"https:\/\/www.chidoluelaw.com\/es\/#organization"},"potentialAction":[{"@type":"SearchAction","target":{"@type":"EntryPoint","urlTemplate":"https:\/\/www.chidoluelaw.com\/es\/?s={search_term_string}"},"query-input":{"@type":"PropertyValueSpecification","valueRequired":true,"valueName":"search_term_string"}}],"inLanguage":"es"},{"@type":"Organization","@id":"https:\/\/www.chidoluelaw.com\/es\/#organization","name":"The Chidolue Law Firm","url":"https:\/\/www.chidoluelaw.com\/es\/","logo":{"@type":"ImageObject","inLanguage":"es","@id":"https:\/\/www.chidoluelaw.com\/es\/#\/schema\/logo\/image\/","url":"https:\/\/www.chidoluelaw.com\/wp-content\/uploads\/2024\/03\/logo-w.svg","contentUrl":"https:\/\/www.chidoluelaw.com\/wp-content\/uploads\/2024\/03\/logo-w.svg","caption":"The Chidolue Law Firm"},"image":{"@id":"https:\/\/www.chidoluelaw.com\/es\/#\/schema\/logo\/image\/"}}]}},"_links":{"self":[{"href":"https:\/\/www.chidoluelaw.com\/es\/wp-json\/wp\/v2\/pages\/15054","targetHints":{"allow":["GET"]}}],"collection":[{"href":"https:\/\/www.chidoluelaw.com\/es\/wp-json\/wp\/v2\/pages"}],"about":[{"href":"https:\/\/www.chidoluelaw.com\/es\/wp-json\/wp\/v2\/types\/page"}],"author":[{"embeddable":true,"href":"https:\/\/www.chidoluelaw.com\/es\/wp-json\/wp\/v2\/users\/31"}],"replies":[{"embeddable":true,"href":"https:\/\/www.chidoluelaw.com\/es\/wp-json\/wp\/v2\/comments?post=15054"}],"version-history":[{"count":0,"href":"https:\/\/www.chidoluelaw.com\/es\/wp-json\/wp\/v2\/pages\/15054\/revisions"}],"wp:featuredmedia":[{"embeddable":true,"href":"https:\/\/www.chidoluelaw.com\/es\/wp-json\/wp\/v2\/media\/14466"}],"wp:attachment":[{"href":"https:\/\/www.chidoluelaw.com\/es\/wp-json\/wp\/v2\/media?parent=15054"}],"curies":[{"name":"wp","href":"https:\/\/api.w.org\/{rel}","templated":true}]}}