{"id":15051,"date":"2024-03-22T13:00:25","date_gmt":"2024-03-22T13:00:25","guid":{"rendered":"https:\/\/www.chidoluelaw.com\/abogado-de-inmigracion-familiar-en-alabama\/"},"modified":"2024-08-07T22:37:08","modified_gmt":"2024-08-07T22:37:08","slug":"abogado-de-inmigracion-familiar-en-alabama","status":"publish","type":"page","link":"https:\/\/www.chidoluelaw.com\/es\/abogado-de-inmigracion-familiar-en-alabama\/","title":{"rendered":"ABOGADO DE INMIGRACI\u00d3N FAMILIAR EN ALABAMA"},"content":{"rendered":"<h2>Ayudar a las familias inmigrantes a obtener la tarjeta verde<\/h2>\n<p>Tanto si te has trasladado a Estados Unidos desde otro pa\u00eds como si tienes familia viviendo fuera de Estados Unidos, quiz\u00e1 te preguntes c\u00f3mo puedes traer aqu\u00ed a tus seres queridos para poder estar cerca de ellos. Afortunadamente, la inmigraci\u00f3n basada en la familia te da la oportunidad de hacerlo, siempre que seas ciudadano estadounidense o residente permanente. Por supuesto, primero tendr\u00e1s que superar el complejo proceso de inmigraci\u00f3n, en el que pueden ayudarte abogados expertos en inmigraci\u00f3n.<\/p>\n<p>Si est\u00e1s preparado para hablar con un abogado de inmigraci\u00f3n de Alabama sobre c\u00f3mo ayudar a tus familiares a trasladarse a EE.UU., ponte en contacto con <a href=\"\/\">The Chidolue Law Firm<\/a> para programar una consulta. Nuestro equipo jur\u00eddico comprende el atractivo de tener a los parientes cerca por el apoyo y la compa\u00f1\u00eda que s\u00f3lo la familia puede ofrecer, as\u00ed que estaremos encantados de prestarte los servicios jur\u00eddicos de inmigraci\u00f3n que necesites. Ll\u00e1manos para una consulta inicial gratuita con un abogado de inmigraci\u00f3n de Alabama.<\/p>\n<h2>\u00bfPuedes solicitar un visado de familiar directo?<\/h2>\n<p>Antes de iniciar tu caso de inmigraci\u00f3n familiar, considera el tipo de visado que puedes solicitar para tus familiares. Tu estatus de inmigrante marca una gran diferencia aqu\u00ed, ya que debes tener la ciudadan\u00eda para poder optar a algunos. Por ejemplo, si quieres un visado de familiar directo, debes ser ciudadano estadounidense y solicitar traer a ciertos familiares directos a vivir contigo.<\/p>\n<p>M\u00e1s concretamente, si eres ciudadano estadounidense mayor de 18 a\u00f1os, puedes solicitar que tu c\u00f3nyuge y tus hijos solteros menores de 21 a\u00f1os inmigren a EE.UU. mediante el visado de familiar directo. Tambi\u00e9n puedes ayudar a tus padres a inmigrar aqu\u00ed siempre que tengas 21 a\u00f1os o m\u00e1s.<\/p>\n<p>El sistema de inmigraci\u00f3n estadounidense no tiene un l\u00edmite en el n\u00famero de visados para familiares directos expedidos cada a\u00f1o. Por eso es la forma recomendada de ayudar a los familiares cercanos a inmigrar r\u00e1pidamente, a menudo a los pocos meses de presentar la solicitud, ya que no hay periodos de espera con los que lidiar. Los abogados especializados en inmigraci\u00f3n pueden informarte si tus familiares directos re\u00fanen los requisitos para obtener la tarjeta verde de esta forma, as\u00ed que llama hoy mismo a nuestro bufete de Alabama para hablar de tu caso de inmigraci\u00f3n familiar.<\/p>\n<h2>\u00bfDeber\u00edas solicitar un visado de preferencia familiar?<\/h2>\n<p>El visado de preferencia familiar es otra forma de que las familias se re\u00fanan en EE.UU. Tanto si eres ciudadano estadounidense y quieres traer a tu familia ampliada a este pa\u00eds como si eres residente permanente y quieres traer a tus parientes cercanos, es probable que puedas utilizar este visado.<\/p>\n<p>Los familiares que puedes patrocinar dependen de tu situaci\u00f3n legal en EE.UU. Si tienes la nacionalidad estadounidense, puedes patrocinar a tus hijos adultos y hermanos con este visado. Si eres residente legal permanente, puedes utilizar esta opci\u00f3n de inmigraci\u00f3n familiar para traer a tus hijos solteros y a tu c\u00f3nyuge. Sin embargo, como indica el nombre del visado de preferencia familiar, algunos familiares tienen preferencia sobre otros, lo que significa que pueden inmigrar m\u00e1s r\u00e1pidamente. \u00c9stas son las categor\u00edas en orden de mayor a menor prioridad seg\u00fan la ley de inmigraci\u00f3n estadounidense:<\/p>\n<ul>\n<li>Hijos adultos de ciudadanos estadounidenses, siempre que tengan 21 a\u00f1os o m\u00e1s y no est\u00e9n casados<\/li>\n<li>C\u00f3nyuges, hijos mayores solteros e hijos menores solteros de residentes permanentes<\/li>\n<li>Hijos casados de residentes en EE.UU., as\u00ed como sus c\u00f3nyuges e hijos menores de edad<\/li>\n<li>Hermanos de ciudadanos estadounidenses, as\u00ed como sus c\u00f3nyuges e hijos menores de edad<\/li>\n<\/ul>\n<p>La ley federal limita el n\u00famero de visados de preferencia familiar que se conceden cada a\u00f1o, lo que da lugar a largos periodos de espera para los inmigrantes que quedan fuera de la categor\u00eda de la primera preferencia. Si esto te preocupa y quieres saber cu\u00e1nto tardar\u00e1n en aceptar las solicitudes de inmigraci\u00f3n de tu familia, ponte en contacto con un abogado experto en inmigraci\u00f3n para una consulta. Te mereces estar tranquilo durante todo el proceso de inmigraci\u00f3n familiar, y eso es lo que pueden ofrecerte los abogados de inmigraci\u00f3n compasivos de Alabama que te representen. Llama a nuestro bufete de abogados de inmigraci\u00f3n para saber m\u00e1s sobre casos de inmigraci\u00f3n como el tuyo.<\/p>\n<h2>\u00bfPuedes ayudar a tu prometido a inmigrar desde otro pa\u00eds?<\/h2>\n<p>Aunque la mayor\u00eda de las opciones de inmigraci\u00f3n familiar se centran en ayudar a c\u00f3nyuges, padres, hijos y otros parientes a venir a EE.UU., tambi\u00e9n hay formas de traer a tu prometido. Si eres ciudadano estadounidense y est\u00e1s dispuesto a casarte en los tres meses siguientes a la llegada de tu prometido, puedes utilizar el visado K-1 para un proceso de inmigraci\u00f3n r\u00e1pido.<\/p>\n<p>Con esta opci\u00f3n de inmigraci\u00f3n, debes demostrar la validez de tu relaci\u00f3n con tu prometido. Prep\u00e1rate para mostrar correos electr\u00f3nicos, mensajes de texto, mensajes y publicaciones en redes sociales que sugieran que son pareja. Tambi\u00e9n tienes que demostrar que tu prometido y t\u00fa hab\u00e9is pasado tiempo juntos en persona en los \u00faltimos dos a\u00f1os, por lo que debes reunir todas las fotos o publicaciones en redes sociales que puedan servir como prueba de ello.<\/p>\n<p>Adem\u00e1s, tienes que demostrar que re\u00fanes los requisitos para casarte, lo que significa que debes demostrar que nunca has estado casado o que cualquier matrimonio anterior se disolvi\u00f3 legalmente. Por \u00faltimo, debes demostrar que tienes dinero suficiente para mantenerte a ti y a tu prometido, ya que al principio no podr\u00e1n trabajar legalmente.<\/p>\n<p>Una vez que demuestres que t\u00fa y tu prometido cumplen los requisitos para el visado K-1, tu prometido tendr\u00e1 que asistir a una o m\u00e1s entrevistas y pasar una comprobaci\u00f3n de antecedentes antes de poder venir a EE.UU. Una vez que llegue, tendr\u00e9is 90 d\u00edas para casaros. Si tu prometido tiene hijos solteros menores de 21 a\u00f1os, es probable que se les permita venir a EE.UU. con ellos mediante el visado K-1.<\/p>\n<p>Despu\u00e9s de la boda, puedes solicitar al gobierno un ajuste de estatus para que tu prometido obtenga la tarjeta verde. Si tienes alguna duda sobre este proceso, ponte en contacto con nuestro bufete de abogados de inmigraci\u00f3n de Alabama para hablar con un abogado experto en inmigraci\u00f3n. Tenemos el conocimiento y la comprensi\u00f3n de las leyes de inmigraci\u00f3n de EE.UU. necesarios para ayudar a que los casos de inmigraci\u00f3n se desarrollen sin problemas para los clientes a los que representamos, por lo que estaremos encantados de ofrecerte los servicios de inmigraci\u00f3n que necesites.<\/p>\n<h2>\u00bfPor qu\u00e9 necesitas que te represente un abogado de inmigraci\u00f3n familiar en Alabama?<\/h2>\n<p>Sabemos lo complejas e intimidatorias que pueden ser las leyes de inmigraci\u00f3n estadounidenses cuando no se tienen a\u00f1os de experiencia tratando con ellas, por lo que te instamos a que nos llames si est\u00e1s pensando en utilizar visados de inmigraci\u00f3n basados en la familia para traer aqu\u00ed a tus seres queridos. Todos los asuntos de inmigraci\u00f3n requieren el cumplimiento de normas y plazos estrictos para obtener el mejor resultado posible, lo que significa que no puedes correr ning\u00fan riesgo con tu caso de inmigraci\u00f3n. Saltarse un plazo o rellenar un formulario incorrectamente puede hacer que tu solicitud se retrase o se deniegue, por lo que es mejor obtener ayuda de un abogado de inmigraci\u00f3n de Alabama desde el principio.<\/p>\n<p>Cuando contrates a The Chidolue Law Firm, contar\u00e1s con la orientaci\u00f3n jur\u00eddica de un abogado de inmigraci\u00f3n atento que tiene experiencia personal en inmigraci\u00f3n familiar. Entendemos lo importante que es para tu familiar obtener la tarjeta de residencia lo antes posible, por lo que puedes esperar de nosotros que hagamos todo lo posible para conseguir los resultados que deseas. Llama hoy a nuestro bufete de abogados de inmigraci\u00f3n de Alabama al <a href=\"tel:407-871-3643\">407-995-6567<\/a> para una consulta gratuita con un abogado de inmigraci\u00f3n de confianza.<\/p>\n","protected":false},"excerpt":{"rendered":"<p>Ayudar a las familias inmigrantes a obtener la tarjeta verde Tanto si te has trasladado a Estados Unidos desde otro pa\u00eds como si tienes familia viviendo fuera de Estados Unidos, quiz\u00e1 te preguntes c\u00f3mo puedes traer aqu\u00ed a tus seres queridos para poder estar cerca de ellos. Afortunadamente, la inmigraci\u00f3n basada en la familia te [&hellip;]<\/p>\n","protected":false},"author":31,"featured_media":14466,"parent":0,"menu_order":0,"comment_status":"closed","ping_status":"closed","template":"","meta":{"site-sidebar-layout":"default","site-content-layout":"","ast-site-content-layout":"default","site-content-style":"default","site-sidebar-style":"default","ast-global-header-display":"","ast-banner-title-visibility":"","ast-main-header-display":"","ast-hfb-above-header-display":"","ast-hfb-below-header-display":"","ast-hfb-mobile-header-display":"","site-post-title":"","ast-breadcrumbs-content":"","ast-featured-img":"","footer-sml-layout":"","ast-disable-related-posts":"","theme-transparent-header-meta":"default","adv-header-id-meta":"","stick-header-meta":"","header-above-stick-meta":"","header-main-stick-meta":"","header-below-stick-meta":"","astra-migrate-meta-layouts":"default","ast-page-background-enabled":"default","ast-page-background-meta":{"desktop":{"background-color":"var(--ast-global-color-4)","background-image":"","background-repeat":"repeat","background-position":"center center","background-size":"auto","background-attachment":"scroll","background-type":"","background-media":"","overlay-type":"","overlay-color":"","overlay-opacity":"","overlay-gradient":""},"tablet":{"background-color":"","background-image":"","background-repeat":"repeat","background-position":"center center","background-size":"auto","background-attachment":"scroll","background-type":"","background-media":"","overlay-type":"","overlay-color":"","overlay-opacity":"","overlay-gradient":""},"mobile":{"background-color":"","background-image":"","background-repeat":"repeat","background-position":"center center","background-size":"auto","background-attachment":"scroll","background-type":"","background-media":"","overlay-type":"","overlay-color":"","overlay-opacity":"","overlay-gradient":""}},"ast-content-background-meta":{"desktop":{"background-color":"var(--ast-global-color-5)","background-image":"","background-repeat":"repeat","background-position":"center center","background-size":"auto","background-attachment":"scroll","background-type":"","background-media":"","overlay-type":"","overlay-color":"","overlay-opacity":"","overlay-gradient":""},"tablet":{"background-color":"var(--ast-global-color-5)","background-image":"","background-repeat":"repeat","background-position":"center center","background-size":"auto","background-attachment":"scroll","background-type":"","background-media":"","overlay-type":"","overlay-color":"","overlay-opacity":"","overlay-gradient":""},"mobile":{"background-color":"var(--ast-global-color-5)","background-image":"","background-repeat":"repeat","background-position":"center center","background-size":"auto","background-attachment":"scroll","background-type":"","background-media":"","overlay-type":"","overlay-color":"","overlay-opacity":"","overlay-gradient":""}},"footnotes":""},"class_list":["post-15051","page","type-page","status-publish","has-post-thumbnail","hentry"],"yoast_head":"<!-- This site is optimized with the Yoast SEO plugin v27.5 - https:\/\/yoast.com\/product\/yoast-seo-wordpress\/ -->\n<title>Abogado de Inmigraci\u00f3n Familiar de Alabama | The Chidolue Law Firm<\/title>\n<meta name=\"description\" content=\"\u00bfTienes familiares en otro pa\u00eds que quieren trasladarse a EEUU? Llama a un abogado de inmigraci\u00f3n familiar de Alabama para que te asesore legalmente.\" \/>\n<meta name=\"robots\" content=\"index, follow, max-snippet:-1, max-image-preview:large, max-video-preview:-1\" \/>\n<link rel=\"canonical\" href=\"https:\/\/www.chidoluelaw.com\/es\/abogado-de-inmigracion-familiar-en-alabama\/\" \/>\n<meta property=\"og:locale\" content=\"es_ES\" \/>\n<meta property=\"og:type\" content=\"article\" \/>\n<meta property=\"og:title\" content=\"Abogado de Inmigraci\u00f3n Familiar de Alabama | The Chidolue Law Firm\" \/>\n<meta property=\"og:description\" content=\"\u00bfTienes familiares en otro pa\u00eds que quieren trasladarse a EEUU? Llama a un abogado de inmigraci\u00f3n familiar de Alabama para que te asesore legalmente.\" \/>\n<meta property=\"og:url\" content=\"https:\/\/www.chidoluelaw.com\/es\/abogado-de-inmigracion-familiar-en-alabama\/\" \/>\n<meta property=\"og:site_name\" content=\"The Chidolue Law Firm\" \/>\n<meta property=\"article:modified_time\" content=\"2024-08-07T22:37:08+00:00\" \/>\n<meta name=\"twitter:card\" content=\"summary_large_image\" \/>\n<meta name=\"twitter:label1\" content=\"Tiempo de lectura\" \/>\n\t<meta name=\"twitter:data1\" content=\"7 minutos\" \/>\n<!-- \/ Yoast SEO plugin. -->","yoast_head_json":{"title":"Abogado de Inmigraci\u00f3n Familiar de Alabama | The Chidolue Law Firm","description":"\u00bfTienes familiares en otro pa\u00eds que quieren trasladarse a EEUU? Llama a un abogado de inmigraci\u00f3n familiar de Alabama para que te asesore legalmente.","robots":{"index":"index","follow":"follow","max-snippet":"max-snippet:-1","max-image-preview":"max-image-preview:large","max-video-preview":"max-video-preview:-1"},"canonical":"https:\/\/www.chidoluelaw.com\/es\/abogado-de-inmigracion-familiar-en-alabama\/","og_locale":"es_ES","og_type":"article","og_title":"Abogado de Inmigraci\u00f3n Familiar de Alabama | The Chidolue Law Firm","og_description":"\u00bfTienes familiares en otro pa\u00eds que quieren trasladarse a EEUU? Llama a un abogado de inmigraci\u00f3n familiar de Alabama para que te asesore legalmente.","og_url":"https:\/\/www.chidoluelaw.com\/es\/abogado-de-inmigracion-familiar-en-alabama\/","og_site_name":"The Chidolue Law Firm","article_modified_time":"2024-08-07T22:37:08+00:00","twitter_card":"summary_large_image","twitter_misc":{"Tiempo de lectura":"7 minutos"},"schema":{"@context":"https:\/\/schema.org","@graph":[{"@type":"WebPage","@id":"https:\/\/www.chidoluelaw.com\/es\/abogado-de-inmigracion-familiar-en-alabama\/","url":"https:\/\/www.chidoluelaw.com\/es\/abogado-de-inmigracion-familiar-en-alabama\/","name":"Abogado de Inmigraci\u00f3n Familiar de Alabama | The Chidolue Law Firm","isPartOf":{"@id":"https:\/\/www.chidoluelaw.com\/es\/#website"},"primaryImageOfPage":{"@id":"https:\/\/www.chidoluelaw.com\/es\/abogado-de-inmigracion-familiar-en-alabama\/#primaryimage"},"image":{"@id":"https:\/\/www.chidoluelaw.com\/es\/abogado-de-inmigracion-familiar-en-alabama\/#primaryimage"},"thumbnailUrl":"https:\/\/www.chidoluelaw.com\/wp-content\/uploads\/2024\/03\/fetured-1.svg","datePublished":"2024-03-22T13:00:25+00:00","dateModified":"2024-08-07T22:37:08+00:00","description":"\u00bfTienes familiares en otro pa\u00eds que quieren trasladarse a EEUU? Llama a un abogado de inmigraci\u00f3n familiar de Alabama para que te asesore legalmente.","breadcrumb":{"@id":"https:\/\/www.chidoluelaw.com\/es\/abogado-de-inmigracion-familiar-en-alabama\/#breadcrumb"},"inLanguage":"es","potentialAction":[{"@type":"ReadAction","target":["https:\/\/www.chidoluelaw.com\/es\/abogado-de-inmigracion-familiar-en-alabama\/"]}]},{"@type":"ImageObject","inLanguage":"es","@id":"https:\/\/www.chidoluelaw.com\/es\/abogado-de-inmigracion-familiar-en-alabama\/#primaryimage","url":"https:\/\/www.chidoluelaw.com\/wp-content\/uploads\/2024\/03\/fetured-1.svg","contentUrl":"https:\/\/www.chidoluelaw.com\/wp-content\/uploads\/2024\/03\/fetured-1.svg"},{"@type":"BreadcrumbList","@id":"https:\/\/www.chidoluelaw.com\/es\/abogado-de-inmigracion-familiar-en-alabama\/#breadcrumb","itemListElement":[{"@type":"ListItem","position":1,"name":"Home","item":"https:\/\/www.chidoluelaw.com\/es\/"},{"@type":"ListItem","position":2,"name":"ABOGADO DE INMIGRACI\u00d3N FAMILIAR EN ALABAMA"}]},{"@type":"WebSite","@id":"https:\/\/www.chidoluelaw.com\/es\/#website","url":"https:\/\/www.chidoluelaw.com\/es\/","name":"The Chidolue Law Firm","description":"","publisher":{"@id":"https:\/\/www.chidoluelaw.com\/es\/#organization"},"potentialAction":[{"@type":"SearchAction","target":{"@type":"EntryPoint","urlTemplate":"https:\/\/www.chidoluelaw.com\/es\/?s={search_term_string}"},"query-input":{"@type":"PropertyValueSpecification","valueRequired":true,"valueName":"search_term_string"}}],"inLanguage":"es"},{"@type":"Organization","@id":"https:\/\/www.chidoluelaw.com\/es\/#organization","name":"The Chidolue Law Firm","url":"https:\/\/www.chidoluelaw.com\/es\/","logo":{"@type":"ImageObject","inLanguage":"es","@id":"https:\/\/www.chidoluelaw.com\/es\/#\/schema\/logo\/image\/","url":"https:\/\/www.chidoluelaw.com\/wp-content\/uploads\/2024\/03\/logo-w.svg","contentUrl":"https:\/\/www.chidoluelaw.com\/wp-content\/uploads\/2024\/03\/logo-w.svg","caption":"The Chidolue Law Firm"},"image":{"@id":"https:\/\/www.chidoluelaw.com\/es\/#\/schema\/logo\/image\/"}}]}},"_links":{"self":[{"href":"https:\/\/www.chidoluelaw.com\/es\/wp-json\/wp\/v2\/pages\/15051","targetHints":{"allow":["GET"]}}],"collection":[{"href":"https:\/\/www.chidoluelaw.com\/es\/wp-json\/wp\/v2\/pages"}],"about":[{"href":"https:\/\/www.chidoluelaw.com\/es\/wp-json\/wp\/v2\/types\/page"}],"author":[{"embeddable":true,"href":"https:\/\/www.chidoluelaw.com\/es\/wp-json\/wp\/v2\/users\/31"}],"replies":[{"embeddable":true,"href":"https:\/\/www.chidoluelaw.com\/es\/wp-json\/wp\/v2\/comments?post=15051"}],"version-history":[{"count":0,"href":"https:\/\/www.chidoluelaw.com\/es\/wp-json\/wp\/v2\/pages\/15051\/revisions"}],"wp:featuredmedia":[{"embeddable":true,"href":"https:\/\/www.chidoluelaw.com\/es\/wp-json\/wp\/v2\/media\/14466"}],"wp:attachment":[{"href":"https:\/\/www.chidoluelaw.com\/es\/wp-json\/wp\/v2\/media?parent=15051"}],"curies":[{"name":"wp","href":"https:\/\/api.w.org\/{rel}","templated":true}]}}