{"id":15036,"date":"2024-06-05T12:58:55","date_gmt":"2024-06-05T12:58:55","guid":{"rendered":"https:\/\/www.chidoluelaw.com\/condiciones-del-servicio\/"},"modified":"2026-01-05T11:45:09","modified_gmt":"2026-01-05T11:45:09","slug":"condiciones-del-servicio","status":"publish","type":"page","link":"https:\/\/www.chidoluelaw.com\/es\/condiciones-del-servicio\/","title":{"rendered":"Condiciones del servicio"},"content":{"rendered":"<p><strong>\u00daltima actualizaci\u00f3n: 05 de junio de 2024<\/strong><\/p>\n<p>Lee atentamente estas Condiciones de uso (\u00abCondiciones\u00bb, \u00abCondiciones de uso\u00bb) antes de utilizar el sitio web <a href=\"https:\/\/www.chidoluelaw.com\/es\/\">https:\/\/www.chidoluelaw.com\/<\/a> (el \u00abServicio\u00bb) operado por <strong>el bufete de abogados Chidolue<\/strong> (\u00abnosotros\u00bb, \u00abnos\u00bb o \u00abnuestro\u00bb).<\/p>\n<p>Tu acceso y uso del Servicio est\u00e1n condicionados a tu aceptaci\u00f3n y cumplimiento de dichas Condiciones. Estas Condiciones se aplican a todos los visitantes, usuarios y dem\u00e1s personas que accedan o utilicen el Servicio.<\/p>\n<p>Al acceder o utilizar el Servicio, aceptas quedar vinculado por estas Condiciones. Si no est\u00e1s de acuerdo con alguna parte de las condiciones, no podr\u00e1s acceder al Servicio.<\/p>\n<p><strong>Enlaces a otros sitios web<\/strong><\/p>\n<p>Nuestro Servicio puede contener enlaces a sitios web o servicios de terceros que no son propiedad ni est\u00e1n controlados por <strong>el Bufete Chidolue<\/strong>.<\/p>\n<p><strong>El Bufete Chidolue<\/strong> no tiene control sobre el contenido, las pol\u00edticas de privacidad o las pr\u00e1cticas de los sitios web o servicios de terceros, ni asume responsabilidad alguna por ellos. Adem\u00e1s, reconoces y aceptas que <strong>el Bufete Chidolue<\/strong> no ser\u00e1 responsable, directa o indirectamente, de ning\u00fan da\u00f1o o p\u00e9rdida causados o supuestamente causados por o en conexi\u00f3n con el uso o la confianza en cualquier contenido, bienes o servicios disponibles en o a trav\u00e9s de dichos sitios web o servicios.<\/p>\n<p>Te recomendamos encarecidamente que leas los t\u00e9rminos y condiciones y las pol\u00edticas de privacidad de cualquier sitio web o servicio de terceros que visites.<\/p>\n<p><strong>Ley aplicable<\/strong><\/p>\n<p>Estas Condiciones se regir\u00e1n e interpretar\u00e1n de acuerdo con las leyes de Estados Unidos, sin tener en cuenta su conflicto de disposiciones legales.<\/p>\n<p>El hecho de que no hagamos valer cualquier derecho o disposici\u00f3n de estas Condiciones no se considerar\u00e1 una renuncia a dichos derechos. Si alguna disposici\u00f3n de estas Condiciones es declarada inv\u00e1lida o inaplicable por un tribunal, las disposiciones restantes de estas Condiciones permanecer\u00e1n en vigor. Estas Condiciones constituyen el acuerdo completo entre nosotros en relaci\u00f3n con nuestro Servicio y sustituyen y reemplazan cualquier acuerdo anterior que pudi\u00e9ramos tener entre nosotros en relaci\u00f3n con el Servicio.<\/p>\n<p><strong>Cambios<\/strong><\/p>\n<p>Nos reservamos el derecho, a nuestra entera discreci\u00f3n, de modificar o sustituir estas Condiciones en cualquier momento. Si una revisi\u00f3n es material, intentaremos avisar con al menos d\u00edas de antelaci\u00f3n antes de que las nuevas condiciones entren en vigor. Lo que constituya un cambio material se determinar\u00e1 a nuestra entera discreci\u00f3n.<\/p>\n<p>Al continuar accediendo o utilizando nuestro Servicio despu\u00e9s de que dichas revisiones entren en vigor, aceptas quedar vinculado por las condiciones revisadas. Si no est\u00e1s de acuerdo con las nuevas condiciones, deja de utilizar el Servicio.<\/p>\n<p><strong>T\u00e9rminos y condiciones de los SMS<\/strong><\/p>\n<p>1- Comunicaci\u00f3n de consentimiento por SMS:<\/p>\n<p>La informaci\u00f3n (n\u00fameros de tel\u00e9fono) obtenida como parte del proceso de consentimiento por SMS no se compartir\u00e1 con terceros con fines de marketing.<\/p>\n<p>2- Tipos de Comunicaciones SMS:<\/p>\n<p>Si has dado tu consentimiento para recibir mensajes de texto de The Chidolue Law Firm PLLC, puedes recibir mensajes relacionados con lo siguiente:<\/p>\n<p>Notificaci\u00f3n de cuenta<\/p>\n<p>Enviaremos mensajes de texto a los usuarios para notificaciones esenciales relacionadas con la cuenta y necesarias para el uso, mantenimiento y seguridad de sus cuentas. Estos mensajes incluyen actualizaciones del estado de la cuenta, recordatorios de renovaci\u00f3n, confirmaciones o fallos de pago y alertas de seguridad. Los mensajes son transaccionales, activados por eventos y enviados s\u00f3lo a los usuarios que han proporcionado su n\u00famero de tel\u00e9fono y han optado expl\u00edcitamente por ello. No se incluye contenido promocional o de marketing.   <\/p>\n<p>Atenci\u00f3n al cliente<\/p>\n<p>Enviaremos mensajes de texto a los usuarios con fines de atenci\u00f3n al cliente y soporte transaccional en respuesta a acciones o solicitudes de los usuarios. Estos mensajes incluyen actualizaciones de tickets de soporte, respuestas a consultas, notificaciones de estado de servicio o entrega, y seguimientos relacionados con interacciones de atenci\u00f3n al cliente. Los mensajes se env\u00edan s\u00f3lo a los usuarios que han optado por el contacto o lo han iniciado, son de naturaleza informativa y no contienen ning\u00fan contenido de marketing o publicidad.  <\/p>\n<p>3- Frecuencia de los mensajes:<\/p>\n<p>La frecuencia de los mensajes puede variar seg\u00fan el tipo de comunicaci\u00f3n. Puedes recibir entre 3 y 5 mensajes SMS a la semana relacionados con el estado de tu caso, citas o actualizaciones legales. <\/p>\n<p>Ejemplo: \u00abLa frecuencia de los mensajes puede variar. Puedes recibir hasta 5 mensajes SMS a la semana sobre el estado de tu caso, citas o plazos de entrega de documentos legales.\u00bb<\/p>\n<p>4- Posibles tarifas por mensajer\u00eda SMS:<\/p>\n<p>Ten en cuenta que pueden aplicarse tarifas est\u00e1ndar de mensajes y datos, dependiendo del plan de precios de tu operador. Estas tarifas pueden variar si el mensaje se env\u00eda a nivel nacional o internacional. <\/p>\n<p>5- M\u00e9todo Opt-In:<\/p>\n<p>Puedes optar por recibir mensajes SMS de The Chidolue Law Firm PLLC de las siguientes maneras:<\/p>\n<p>Enviando un formulario de admisi\u00f3n online<br \/>\nConfirmando el consentimiento durante una conversaci\u00f3n telef\u00f3nica<br \/>\n6- M\u00e9todo de exclusi\u00f3n voluntaria:<\/p>\n<p>Puedes dejar de recibir mensajes SMS en cualquier momento. Para ello, s\u00f3lo tienes que responder \u00abBAJA\u00bb a cualquier mensaje SMS que recibas. Tambi\u00e9n puedes ponerte en contacto con nosotros directamente en contact@chidoluelaw.com para solicitar la baja de nuestra lista de mensajes.  <\/p>\n<p>7- Ayuda:<\/p>\n<p>Si tienes alg\u00fan problema, puedes responder con la palabra clave AYUDA. Tambi\u00e9n puedes pedirnos ayuda directamente en chidoluelaw.com o enviarnos un correo electr\u00f3nico a contact@chidoluelaw.com. <\/p>\n<p><strong>Contacta con nosotros<\/strong><\/p>\n<p>Si tienes alguna pregunta sobre estas Condiciones, <a href=\"https:\/\/www.chidoluelaw.com\/es\/contacta-con-nosotros\/\">ponte en contacto con nosotros<\/a>.<\/p>\n","protected":false},"excerpt":{"rendered":"<p>\u00daltima actualizaci\u00f3n: 05 de junio de 2024 Lee atentamente estas Condiciones de uso (\u00abCondiciones\u00bb, \u00abCondiciones de uso\u00bb) antes de utilizar el sitio web https:\/\/www.chidoluelaw.com\/ (el \u00abServicio\u00bb) operado por el bufete de abogados Chidolue (\u00abnosotros\u00bb, \u00abnos\u00bb o \u00abnuestro\u00bb). Tu acceso y uso del Servicio est\u00e1n condicionados a tu aceptaci\u00f3n y cumplimiento de dichas Condiciones. Estas Condiciones [&hellip;]<\/p>\n","protected":false},"author":31,"featured_media":14466,"parent":0,"menu_order":0,"comment_status":"closed","ping_status":"closed","template":"","meta":{"site-sidebar-layout":"default","site-content-layout":"","ast-site-content-layout":"default","site-content-style":"default","site-sidebar-style":"default","ast-global-header-display":"","ast-banner-title-visibility":"","ast-main-header-display":"","ast-hfb-above-header-display":"","ast-hfb-below-header-display":"","ast-hfb-mobile-header-display":"","site-post-title":"","ast-breadcrumbs-content":"","ast-featured-img":"","footer-sml-layout":"","ast-disable-related-posts":"","theme-transparent-header-meta":"default","adv-header-id-meta":"","stick-header-meta":"","header-above-stick-meta":"","header-main-stick-meta":"","header-below-stick-meta":"","astra-migrate-meta-layouts":"default","ast-page-background-enabled":"default","ast-page-background-meta":{"desktop":{"background-color":"var(--ast-global-color-4)","background-image":"","background-repeat":"repeat","background-position":"center center","background-size":"auto","background-attachment":"scroll","background-type":"","background-media":"","overlay-type":"","overlay-color":"","overlay-opacity":"","overlay-gradient":""},"tablet":{"background-color":"","background-image":"","background-repeat":"repeat","background-position":"center center","background-size":"auto","background-attachment":"scroll","background-type":"","background-media":"","overlay-type":"","overlay-color":"","overlay-opacity":"","overlay-gradient":""},"mobile":{"background-color":"","background-image":"","background-repeat":"repeat","background-position":"center center","background-size":"auto","background-attachment":"scroll","background-type":"","background-media":"","overlay-type":"","overlay-color":"","overlay-opacity":"","overlay-gradient":""}},"ast-content-background-meta":{"desktop":{"background-color":"var(--ast-global-color-5)","background-image":"","background-repeat":"repeat","background-position":"center center","background-size":"auto","background-attachment":"scroll","background-type":"","background-media":"","overlay-type":"","overlay-color":"","overlay-opacity":"","overlay-gradient":""},"tablet":{"background-color":"var(--ast-global-color-5)","background-image":"","background-repeat":"repeat","background-position":"center center","background-size":"auto","background-attachment":"scroll","background-type":"","background-media":"","overlay-type":"","overlay-color":"","overlay-opacity":"","overlay-gradient":""},"mobile":{"background-color":"var(--ast-global-color-5)","background-image":"","background-repeat":"repeat","background-position":"center center","background-size":"auto","background-attachment":"scroll","background-type":"","background-media":"","overlay-type":"","overlay-color":"","overlay-opacity":"","overlay-gradient":""}},"footnotes":""},"class_list":["post-15036","page","type-page","status-publish","has-post-thumbnail","hentry"],"yoast_head":"<!-- This site is optimized with the Yoast SEO plugin v27.3 - https:\/\/yoast.com\/product\/yoast-seo-wordpress\/ -->\n<title>Condiciones del servicio - The Chidolue Law Firm<\/title>\n<meta name=\"description\" content=\"Condiciones del servicio - %\" \/>\n<meta name=\"robots\" content=\"index, follow, max-snippet:-1, max-image-preview:large, max-video-preview:-1\" \/>\n<link rel=\"canonical\" href=\"https:\/\/www.chidoluelaw.com\/es\/condiciones-del-servicio\/\" \/>\n<meta property=\"og:locale\" content=\"es_ES\" \/>\n<meta property=\"og:type\" content=\"article\" \/>\n<meta property=\"og:title\" content=\"Condiciones del servicio - The Chidolue Law Firm\" \/>\n<meta property=\"og:description\" content=\"Condiciones del servicio - %\" \/>\n<meta property=\"og:url\" content=\"https:\/\/www.chidoluelaw.com\/es\/condiciones-del-servicio\/\" \/>\n<meta property=\"og:site_name\" content=\"The Chidolue Law Firm\" \/>\n<meta property=\"article:modified_time\" content=\"2026-01-05T11:45:09+00:00\" \/>\n<meta name=\"twitter:card\" content=\"summary_large_image\" \/>\n<meta name=\"twitter:label1\" content=\"Tiempo de lectura\" \/>\n\t<meta name=\"twitter:data1\" content=\"5 minutos\" \/>\n<!-- \/ Yoast SEO plugin. -->","yoast_head_json":{"title":"Condiciones del servicio - The Chidolue Law Firm","description":"Condiciones del servicio - %","robots":{"index":"index","follow":"follow","max-snippet":"max-snippet:-1","max-image-preview":"max-image-preview:large","max-video-preview":"max-video-preview:-1"},"canonical":"https:\/\/www.chidoluelaw.com\/es\/condiciones-del-servicio\/","og_locale":"es_ES","og_type":"article","og_title":"Condiciones del servicio - The Chidolue Law Firm","og_description":"Condiciones del servicio - %","og_url":"https:\/\/www.chidoluelaw.com\/es\/condiciones-del-servicio\/","og_site_name":"The Chidolue Law Firm","article_modified_time":"2026-01-05T11:45:09+00:00","twitter_card":"summary_large_image","twitter_misc":{"Tiempo de lectura":"5 minutos"},"schema":{"@context":"https:\/\/schema.org","@graph":[{"@type":"WebPage","@id":"https:\/\/www.chidoluelaw.com\/es\/condiciones-del-servicio\/","url":"https:\/\/www.chidoluelaw.com\/es\/condiciones-del-servicio\/","name":"Condiciones del servicio - The Chidolue Law Firm","isPartOf":{"@id":"https:\/\/www.chidoluelaw.com\/es\/#website"},"primaryImageOfPage":{"@id":"https:\/\/www.chidoluelaw.com\/es\/condiciones-del-servicio\/#primaryimage"},"image":{"@id":"https:\/\/www.chidoluelaw.com\/es\/condiciones-del-servicio\/#primaryimage"},"thumbnailUrl":"https:\/\/www.chidoluelaw.com\/wp-content\/uploads\/2024\/03\/fetured-1.svg","datePublished":"2024-06-05T12:58:55+00:00","dateModified":"2026-01-05T11:45:09+00:00","description":"Condiciones del servicio - %","breadcrumb":{"@id":"https:\/\/www.chidoluelaw.com\/es\/condiciones-del-servicio\/#breadcrumb"},"inLanguage":"es","potentialAction":[{"@type":"ReadAction","target":["https:\/\/www.chidoluelaw.com\/es\/condiciones-del-servicio\/"]}]},{"@type":"ImageObject","inLanguage":"es","@id":"https:\/\/www.chidoluelaw.com\/es\/condiciones-del-servicio\/#primaryimage","url":"https:\/\/www.chidoluelaw.com\/wp-content\/uploads\/2024\/03\/fetured-1.svg","contentUrl":"https:\/\/www.chidoluelaw.com\/wp-content\/uploads\/2024\/03\/fetured-1.svg"},{"@type":"BreadcrumbList","@id":"https:\/\/www.chidoluelaw.com\/es\/condiciones-del-servicio\/#breadcrumb","itemListElement":[{"@type":"ListItem","position":1,"name":"Home","item":"https:\/\/www.chidoluelaw.com\/es\/"},{"@type":"ListItem","position":2,"name":"Condiciones del servicio"}]},{"@type":"WebSite","@id":"https:\/\/www.chidoluelaw.com\/es\/#website","url":"https:\/\/www.chidoluelaw.com\/es\/","name":"The Chidolue Law Firm","description":"","publisher":{"@id":"https:\/\/www.chidoluelaw.com\/es\/#organization"},"potentialAction":[{"@type":"SearchAction","target":{"@type":"EntryPoint","urlTemplate":"https:\/\/www.chidoluelaw.com\/es\/?s={search_term_string}"},"query-input":{"@type":"PropertyValueSpecification","valueRequired":true,"valueName":"search_term_string"}}],"inLanguage":"es"},{"@type":"Organization","@id":"https:\/\/www.chidoluelaw.com\/es\/#organization","name":"The Chidolue Law Firm","url":"https:\/\/www.chidoluelaw.com\/es\/","logo":{"@type":"ImageObject","inLanguage":"es","@id":"https:\/\/www.chidoluelaw.com\/es\/#\/schema\/logo\/image\/","url":"https:\/\/www.chidoluelaw.com\/wp-content\/uploads\/2024\/03\/logo-w.svg","contentUrl":"https:\/\/www.chidoluelaw.com\/wp-content\/uploads\/2024\/03\/logo-w.svg","caption":"The Chidolue Law Firm"},"image":{"@id":"https:\/\/www.chidoluelaw.com\/es\/#\/schema\/logo\/image\/"}}]}},"_links":{"self":[{"href":"https:\/\/www.chidoluelaw.com\/es\/wp-json\/wp\/v2\/pages\/15036","targetHints":{"allow":["GET"]}}],"collection":[{"href":"https:\/\/www.chidoluelaw.com\/es\/wp-json\/wp\/v2\/pages"}],"about":[{"href":"https:\/\/www.chidoluelaw.com\/es\/wp-json\/wp\/v2\/types\/page"}],"author":[{"embeddable":true,"href":"https:\/\/www.chidoluelaw.com\/es\/wp-json\/wp\/v2\/users\/31"}],"replies":[{"embeddable":true,"href":"https:\/\/www.chidoluelaw.com\/es\/wp-json\/wp\/v2\/comments?post=15036"}],"version-history":[{"count":0,"href":"https:\/\/www.chidoluelaw.com\/es\/wp-json\/wp\/v2\/pages\/15036\/revisions"}],"wp:featuredmedia":[{"embeddable":true,"href":"https:\/\/www.chidoluelaw.com\/es\/wp-json\/wp\/v2\/media\/14466"}],"wp:attachment":[{"href":"https:\/\/www.chidoluelaw.com\/es\/wp-json\/wp\/v2\/media?parent=15036"}],"curies":[{"name":"wp","href":"https:\/\/api.w.org\/{rel}","templated":true}]}}