{"id":15020,"date":"2024-03-22T12:36:49","date_gmt":"2024-03-22T12:36:49","guid":{"rendered":"https:\/\/www.chidoluelaw.com\/inmigracion\/abogado-de-inmigracion-daca-en-todo-el-pais\/"},"modified":"2025-02-25T13:53:37","modified_gmt":"2025-02-25T13:53:37","slug":"abogado-de-inmigracion-daca-en-todo-el-pais","status":"publish","type":"page","link":"https:\/\/www.chidoluelaw.com\/es\/abogado-de-inmigracion-daca-en-todo-el-pais\/","title":{"rendered":"Abogado de Inmigraci\u00f3n DACA en todo el pa\u00eds"},"content":{"rendered":"<h2>Ayudar a los j\u00f3venes inmigrantes indocumentados a aplazar la deportaci\u00f3n<\/h2>\n<p>Si llegaste a EE.UU. de ni\u00f1o y te preocupa que te deporten debido a tu condici\u00f3n de inmigrante indocumentado, quiz\u00e1 puedas acogerte a un programa que te permita permanecer en el pa\u00eds un poco m\u00e1s de tiempo. M\u00e1s concretamente, podr\u00edas acogerte al Programa de Acci\u00f3n Diferida para los Llegados en la Infancia (DACA). Al igual que la ley de inmigraci\u00f3n en general, el programa DACA no es muy conocido, ya que a menudo existe confusi\u00f3n sobre qui\u00e9n cumple los requisitos y cu\u00e1les son sus beneficios.<\/p>\n<p>Por esta raz\u00f3n, debes hablar con un abogado de inmigraci\u00f3n cualificado que pueda determinar si eres elegible para DACA y guiarte a trav\u00e9s del proceso de solicitud. Si ya eres beneficiario de DACA, un abogado puede ayudarte a enviar tu solicitud de renovaci\u00f3n para que no tengas que preocuparte por la deportaci\u00f3n por ahora.<\/p>\n<p><strong><a href=\"https:\/\/www.chidoluelaw.com\/contact\/\">Ponte en contacto con<\/a> nuestro bufete de abogados hoy mismo en el <a class=\"css-1rn59kg\" title=\"tel:6783251037\" href=\"tel:6783251037\" data-testid=\"link-with-safety\" data-renderer-mark=\"true\">678-325-1037 o en el 678-325-1037<\/a> para obtener servicios de inmigraci\u00f3n de calidad prestados por abogados compasivos y expertos.<\/strong><\/p>\n<h2>\u00bfQu\u00e9 es el programa DACA?<\/h2>\n<p>El Programa de Acci\u00f3n Diferida para los Llegados en la Infancia se estableci\u00f3 en 2012 como una forma de ayudar a los j\u00f3venes inmigrantes cualificados a aplazar la deportaci\u00f3n durante dos a\u00f1os. El razonamiento que subyace al programa es que los j\u00f3venes no pidieron ser tra\u00eddos ilegalmente a EEUU y no deber\u00edan tener que preocuparse por ser deportados mientras van a la escuela, planean la universidad o se plantean incorporarse a la poblaci\u00f3n activa. Deben tener la oportunidad de terminar sus estudios y hacer un plan para su futuro, ya sea trabajar para conseguir una tarjeta verde o salir del pa\u00eds por su cuenta.<\/p>\n<p>Es esencial que sepas que tu estatus DACA no te otorga la ciudadan\u00eda estadounidense ni la residencia permanente. Simplemente significa que no ser\u00e1s deportado en los pr\u00f3ximos dos a\u00f1os, lo que te da la oportunidad de solicitar una autorizaci\u00f3n de trabajo para poder ganar dinero mientras determinas d\u00f3nde vivir\u00e1s en el futuro.<\/p>\n<p>Abogados expertos en inmigraci\u00f3n estudiar\u00e1n tus circunstancias para decirte si te beneficiar\u00edas de este programa o si te convendr\u00edan m\u00e1s otras opciones de inmigraci\u00f3n legal. Ponte en contacto con nuestro bufete hoy mismo para programar una consulta inicial con un abogado de inmigraci\u00f3n atento.<\/p>\n<h2>\u00bfCu\u00e1les son los beneficios de DACA?<\/h2>\n<p>La raz\u00f3n principal por la que los beneficiarios de DACA se benefician de este programa es la posibilidad de aplazar la deportaci\u00f3n durante dos a\u00f1os. As\u00ed pues, si te trajeron a EEUU de ni\u00f1o y a\u00fan no tienes estatus legal en este pa\u00eds, puede que te preocupe la posibilidad de que te deporten. Solicitar el programa de Acci\u00f3n Diferida para los Llegados en la Infancia te da la oportunidad de evitar los procedimientos de expulsi\u00f3n durante los pr\u00f3ximos dos a\u00f1os.<\/p>\n<p>Otras ventajas para los beneficiarios de DACA son la posibilidad de obtener permisos de trabajo, un n\u00famero de la Seguridad Social y un permiso de conducir, dependiendo del estado. Estos elementos permiten a las personas con estatus DACA solicitar tarjetas de cr\u00e9dito y poner a su nombre las facturas de los servicios p\u00fablicos, lo que hace posible que construyan su cr\u00e9dito mientras est\u00e1n en EE.UU.<\/p>\n<p>Si te interesan estas prestaciones, debes hablar con un abogado experto en inmigraci\u00f3n para saber c\u00f3mo iniciar este proceso de inmigraci\u00f3n. Es importante tener en cuenta que DACA tiene ciertas limitaciones, ya que no te da la residencia permanente ni un camino hacia la ciudadan\u00eda. Tampoco te da derecho a votar en las elecciones federales ni a recibir prestaciones del gobierno, como cupones de alimentos o ayuda econ\u00f3mica para la universidad. Ahora que conoces las ventajas y limitaciones de este estatus migratorio, ponte en contacto con nuestro bufete para saber c\u00f3mo pueden ayudar los abogados expertos en inmigraci\u00f3n a los solicitantes de DACA con las solicitudes iniciales y de renovaci\u00f3n.<\/p>\n<h2>\u00bfQui\u00e9n puede optar a DACA?<\/h2>\n<p>Si esperas obtener un permiso de trabajo y una acci\u00f3n diferida en el proceso de expulsi\u00f3n, primero tienes que averiguar si re\u00fanes los requisitos para DACA. Estos son los requisitos para este programa:<\/p>\n<ul>\n<li>Tu fecha de nacimiento fue el 16 de junio de 1981 o posterior<\/li>\n<li>Te trajeron a EE.UU. antes de cumplir 16 a\u00f1os<\/li>\n<li>Has vivido ininterrumpidamente en EE.UU. desde el 15 de junio de 2007<\/li>\n<li>No ten\u00edas estatus legal en EE.UU. el 15 de junio de 2012 y sigues sin tenerlo en la fecha de tu solicitud.<\/li>\n<li>Estabas f\u00edsicamente en EE.UU. el 15 de junio de 2012 y sigues est\u00e1ndolo en la fecha de tu solicitud<\/li>\n<li>Actualmente est\u00e1s en la escuela, te graduaste con un diploma o GED, o te dieron de baja con honores de las Fuerzas Armadas o la Guardia Costera de EE.UU.<\/li>\n<li>Nunca has sido condenado por un delito grave o un delito menor violento y no se te considera de ning\u00fan modo una amenaza para la seguridad nacional o la seguridad p\u00fablica<\/li>\n<\/ul>\n<p>Si cumples estos criterios, puedes solicitar la DACA. Sin embargo, el programa DACA se cuestiona a menudo en los tribunales, ya que no todo el mundo lo apoya ni cree que se ajuste a la ley de inmigraci\u00f3n estadounidense. Por este motivo, el Servicio de Ciudadan\u00eda e Inmigraci\u00f3n de EE.UU. (USCIS) ha tenido que pausar el programa y detener la tramitaci\u00f3n de solicitudes en numerosas ocasiones bas\u00e1ndose en decisiones judiciales. Si presentas la solicitud en ese momento, el USCIS podr\u00eda dejarla en suspenso hasta que se permita legalmente su tramitaci\u00f3n. Los abogados de inmigraci\u00f3n con experiencia se mantienen al d\u00eda de las \u00faltimas noticias sobre este programa, por lo que es importante que hables con uno si no est\u00e1s seguro de la situaci\u00f3n de DACA.<\/p>\n<p>Si ya eres beneficiario de DACA, debes renovar tu estatus cada dos a\u00f1os. Tienes muchas posibilidades de que aprueben tu solicitud de renovaci\u00f3n de DACA si se cumple lo siguiente:<\/p>\n<ul>\n<li>Has vivido en EE.UU. ininterrumpidamente desde que cumpliste los requisitos para participar en el programa<\/li>\n<li>No has salido de EE.UU. desde el 15 de agosto de 2012 sin haber obtenido antes la libertad condicional anticipada<\/li>\n<li>No se te considera una amenaza para la seguridad nacional o la seguridad p\u00fablica<\/li>\n<\/ul>\n<p>Abogados de inmigraci\u00f3n de confianza pueden ayudarte a determinar si puedes acogerte a este programa y guiarte a trav\u00e9s de los procedimientos judiciales de inmigraci\u00f3n en caso afirmativo.<\/p>\n<p><strong><a href=\"https:\/\/www.chidoluelaw.com\/contact\/\">Ponte en contacto con<\/a> nuestro equipo legal si est\u00e1s preparado para iniciar tu caso de inmigraci\u00f3n hoy mismo.<\/strong><\/p>\n<h2>\u00bfC\u00f3mo puede ayudarte un abogado de inmigraci\u00f3n especializado en DACA en todo el pa\u00eds?<\/h2>\n<p>Las leyes de inmigraci\u00f3n son demasiado complejas para navegar por ellas sin el asesoramiento de abogados expertos, por lo que se recomienda que contrates a un profesional del derecho para informarte sobre los programas de inmigraci\u00f3n legal que pueden ser adecuados para ti. Tanto si buscas la nacionalidad como si quieres convertirte en residente permanente o simplemente quieres un documento de autorizaci\u00f3n de empleo sin miedo a que te deporten, los abogados expertos en inmigraci\u00f3n pueden ayudarte.<\/p>\n<p>En <a href=\"\/\">The Chidolue Law<\/a> Firm, tenemos a\u00f1os de experiencia guiando a inmigrantes a trav\u00e9s del sistema judicial de inmigraci\u00f3n de EE.UU. para que puedan convertirse en residentes permanentes, ciudadanos naturalizados o beneficiarios de DACA. En concreto, hemos ayudado a solicitantes de DACA a determinar su elegibilidad y a enviar formularios legales para que pudieran obtener permisos de trabajo y una acci\u00f3n diferida sobre las \u00f3rdenes de deportaci\u00f3n. Si solicitas DACA por primera vez, nuestro abogado te ayudar\u00e1 a presentar el Formulario I-821D y el Formulario I-765 junto con los documentos acreditativos y las tasas. Si vas a renovar tu estatus DACA, te ayudaremos a presentar de nuevo estos formularios al menos 120 d\u00edas antes de la fecha de expiraci\u00f3n de tu estatus.<\/p>\n<h2>Habla con un abogado de inmigraci\u00f3n de confianza<\/h2>\n<p>Si est\u00e1s preparado para averiguar si re\u00fanes los requisitos para DACA, una tarjeta verde, la ciudadan\u00eda u otras opciones para inmigrantes, es hora de hablar con abogados cualificados que puedan asesorarte bas\u00e1ndose en su experiencia con la ley de inmigraci\u00f3n.<\/p>\n<p><strong>Ll\u00e1manos al <a class=\"css-1rn59kg\" title=\"tel:6783251037\" href=\"tel:6783251037\" data-testid=\"link-with-safety\" data-renderer-mark=\"true\">678-325-1037 o al 678-325-1037<\/a> para programar hoy mismo una <a href=\"https:\/\/www.chidoluelaw.com\/contact\/\">consulta<\/a> y obtener asesoramiento jur\u00eddico y recursos de abogados compasivos.<\/strong><\/p>\n","protected":false},"excerpt":{"rendered":"<p>Ayudar a los j\u00f3venes inmigrantes indocumentados a aplazar la deportaci\u00f3n Si llegaste a EE.UU. de ni\u00f1o y te preocupa que te deporten debido a tu condici\u00f3n de inmigrante indocumentado, quiz\u00e1 puedas acogerte a un programa que te permita permanecer en el pa\u00eds un poco m\u00e1s de tiempo. M\u00e1s concretamente, podr\u00edas acogerte al Programa de Acci\u00f3n [&hellip;]<\/p>\n","protected":false},"author":31,"featured_media":14466,"parent":0,"menu_order":0,"comment_status":"closed","ping_status":"closed","template":"","meta":{"site-sidebar-layout":"default","site-content-layout":"","ast-site-content-layout":"default","site-content-style":"default","site-sidebar-style":"default","ast-global-header-display":"","ast-banner-title-visibility":"","ast-main-header-display":"","ast-hfb-above-header-display":"","ast-hfb-below-header-display":"","ast-hfb-mobile-header-display":"","site-post-title":"","ast-breadcrumbs-content":"","ast-featured-img":"","footer-sml-layout":"","ast-disable-related-posts":"","theme-transparent-header-meta":"default","adv-header-id-meta":"","stick-header-meta":"","header-above-stick-meta":"","header-main-stick-meta":"","header-below-stick-meta":"","astra-migrate-meta-layouts":"default","ast-page-background-enabled":"default","ast-page-background-meta":{"desktop":{"background-color":"var(--ast-global-color-4)","background-image":"","background-repeat":"repeat","background-position":"center center","background-size":"auto","background-attachment":"scroll","background-type":"","background-media":"","overlay-type":"","overlay-color":"","overlay-opacity":"","overlay-gradient":""},"tablet":{"background-color":"","background-image":"","background-repeat":"repeat","background-position":"center center","background-size":"auto","background-attachment":"scroll","background-type":"","background-media":"","overlay-type":"","overlay-color":"","overlay-opacity":"","overlay-gradient":""},"mobile":{"background-color":"","background-image":"","background-repeat":"repeat","background-position":"center center","background-size":"auto","background-attachment":"scroll","background-type":"","background-media":"","overlay-type":"","overlay-color":"","overlay-opacity":"","overlay-gradient":""}},"ast-content-background-meta":{"desktop":{"background-color":"var(--ast-global-color-5)","background-image":"","background-repeat":"repeat","background-position":"center center","background-size":"auto","background-attachment":"scroll","background-type":"","background-media":"","overlay-type":"","overlay-color":"","overlay-opacity":"","overlay-gradient":""},"tablet":{"background-color":"var(--ast-global-color-5)","background-image":"","background-repeat":"repeat","background-position":"center center","background-size":"auto","background-attachment":"scroll","background-type":"","background-media":"","overlay-type":"","overlay-color":"","overlay-opacity":"","overlay-gradient":""},"mobile":{"background-color":"var(--ast-global-color-5)","background-image":"","background-repeat":"repeat","background-position":"center center","background-size":"auto","background-attachment":"scroll","background-type":"","background-media":"","overlay-type":"","overlay-color":"","overlay-opacity":"","overlay-gradient":""}},"footnotes":""},"class_list":["post-15020","page","type-page","status-publish","has-post-thumbnail","hentry"],"yoast_head":"<!-- This site is optimized with the Yoast SEO plugin v27.3 - https:\/\/yoast.com\/product\/yoast-seo-wordpress\/ -->\n<title>Abogado de Asistencia DACA | En todo el pa\u00eds | Chidolue Law<\/title>\n<meta name=\"description\" content=\"\u00bfTe preocupa que te expulsen de EE.UU. debido a tu situaci\u00f3n legal? Llama a un abogado de inmigraci\u00f3n especializado en DACA de todo el pa\u00eds para obtener ayuda legal.\" \/>\n<meta name=\"robots\" content=\"index, follow, max-snippet:-1, max-image-preview:large, max-video-preview:-1\" \/>\n<link rel=\"canonical\" href=\"https:\/\/www.chidoluelaw.com\/es\/abogado-de-inmigracion-daca-en-todo-el-pais\/\" \/>\n<meta property=\"og:locale\" content=\"es_ES\" \/>\n<meta property=\"og:type\" content=\"article\" \/>\n<meta property=\"og:title\" content=\"Abogado de Asistencia DACA | En todo el pa\u00eds | Chidolue Law\" \/>\n<meta property=\"og:description\" content=\"\u00bfTe preocupa que te expulsen de EE.UU. debido a tu situaci\u00f3n legal? Llama a un abogado de inmigraci\u00f3n especializado en DACA de todo el pa\u00eds para obtener ayuda legal.\" \/>\n<meta property=\"og:url\" content=\"https:\/\/www.chidoluelaw.com\/es\/abogado-de-inmigracion-daca-en-todo-el-pais\/\" \/>\n<meta property=\"og:site_name\" content=\"The Chidolue Law Firm\" \/>\n<meta property=\"article:modified_time\" content=\"2025-02-25T13:53:37+00:00\" \/>\n<meta name=\"twitter:card\" content=\"summary_large_image\" \/>\n<meta name=\"twitter:label1\" content=\"Tiempo de lectura\" \/>\n\t<meta name=\"twitter:data1\" content=\"7 minutos\" \/>\n<!-- \/ Yoast SEO plugin. -->","yoast_head_json":{"title":"Abogado de Asistencia DACA | En todo el pa\u00eds | Chidolue Law","description":"\u00bfTe preocupa que te expulsen de EE.UU. debido a tu situaci\u00f3n legal? Llama a un abogado de inmigraci\u00f3n especializado en DACA de todo el pa\u00eds para obtener ayuda legal.","robots":{"index":"index","follow":"follow","max-snippet":"max-snippet:-1","max-image-preview":"max-image-preview:large","max-video-preview":"max-video-preview:-1"},"canonical":"https:\/\/www.chidoluelaw.com\/es\/abogado-de-inmigracion-daca-en-todo-el-pais\/","og_locale":"es_ES","og_type":"article","og_title":"Abogado de Asistencia DACA | En todo el pa\u00eds | Chidolue Law","og_description":"\u00bfTe preocupa que te expulsen de EE.UU. debido a tu situaci\u00f3n legal? Llama a un abogado de inmigraci\u00f3n especializado en DACA de todo el pa\u00eds para obtener ayuda legal.","og_url":"https:\/\/www.chidoluelaw.com\/es\/abogado-de-inmigracion-daca-en-todo-el-pais\/","og_site_name":"The Chidolue Law Firm","article_modified_time":"2025-02-25T13:53:37+00:00","twitter_card":"summary_large_image","twitter_misc":{"Tiempo de lectura":"7 minutos"},"schema":{"@context":"https:\/\/schema.org","@graph":[{"@type":"WebPage","@id":"https:\/\/www.chidoluelaw.com\/es\/abogado-de-inmigracion-daca-en-todo-el-pais\/","url":"https:\/\/www.chidoluelaw.com\/es\/abogado-de-inmigracion-daca-en-todo-el-pais\/","name":"Abogado de Asistencia DACA | En todo el pa\u00eds | Chidolue Law","isPartOf":{"@id":"https:\/\/www.chidoluelaw.com\/es\/#website"},"primaryImageOfPage":{"@id":"https:\/\/www.chidoluelaw.com\/es\/abogado-de-inmigracion-daca-en-todo-el-pais\/#primaryimage"},"image":{"@id":"https:\/\/www.chidoluelaw.com\/es\/abogado-de-inmigracion-daca-en-todo-el-pais\/#primaryimage"},"thumbnailUrl":"https:\/\/www.chidoluelaw.com\/wp-content\/uploads\/2024\/03\/fetured-1.svg","datePublished":"2024-03-22T12:36:49+00:00","dateModified":"2025-02-25T13:53:37+00:00","description":"\u00bfTe preocupa que te expulsen de EE.UU. debido a tu situaci\u00f3n legal? Llama a un abogado de inmigraci\u00f3n especializado en DACA de todo el pa\u00eds para obtener ayuda legal.","breadcrumb":{"@id":"https:\/\/www.chidoluelaw.com\/es\/abogado-de-inmigracion-daca-en-todo-el-pais\/#breadcrumb"},"inLanguage":"es","potentialAction":[{"@type":"ReadAction","target":["https:\/\/www.chidoluelaw.com\/es\/abogado-de-inmigracion-daca-en-todo-el-pais\/"]}]},{"@type":"ImageObject","inLanguage":"es","@id":"https:\/\/www.chidoluelaw.com\/es\/abogado-de-inmigracion-daca-en-todo-el-pais\/#primaryimage","url":"https:\/\/www.chidoluelaw.com\/wp-content\/uploads\/2024\/03\/fetured-1.svg","contentUrl":"https:\/\/www.chidoluelaw.com\/wp-content\/uploads\/2024\/03\/fetured-1.svg"},{"@type":"BreadcrumbList","@id":"https:\/\/www.chidoluelaw.com\/es\/abogado-de-inmigracion-daca-en-todo-el-pais\/#breadcrumb","itemListElement":[{"@type":"ListItem","position":1,"name":"Home","item":"https:\/\/www.chidoluelaw.com\/es\/"},{"@type":"ListItem","position":2,"name":"Abogado de Inmigraci\u00f3n DACA en todo el pa\u00eds"}]},{"@type":"WebSite","@id":"https:\/\/www.chidoluelaw.com\/es\/#website","url":"https:\/\/www.chidoluelaw.com\/es\/","name":"The Chidolue Law Firm","description":"","publisher":{"@id":"https:\/\/www.chidoluelaw.com\/es\/#organization"},"potentialAction":[{"@type":"SearchAction","target":{"@type":"EntryPoint","urlTemplate":"https:\/\/www.chidoluelaw.com\/es\/?s={search_term_string}"},"query-input":{"@type":"PropertyValueSpecification","valueRequired":true,"valueName":"search_term_string"}}],"inLanguage":"es"},{"@type":"Organization","@id":"https:\/\/www.chidoluelaw.com\/es\/#organization","name":"The Chidolue Law Firm","url":"https:\/\/www.chidoluelaw.com\/es\/","logo":{"@type":"ImageObject","inLanguage":"es","@id":"https:\/\/www.chidoluelaw.com\/es\/#\/schema\/logo\/image\/","url":"https:\/\/www.chidoluelaw.com\/wp-content\/uploads\/2024\/03\/logo-w.svg","contentUrl":"https:\/\/www.chidoluelaw.com\/wp-content\/uploads\/2024\/03\/logo-w.svg","caption":"The Chidolue Law Firm"},"image":{"@id":"https:\/\/www.chidoluelaw.com\/es\/#\/schema\/logo\/image\/"}}]}},"_links":{"self":[{"href":"https:\/\/www.chidoluelaw.com\/es\/wp-json\/wp\/v2\/pages\/15020","targetHints":{"allow":["GET"]}}],"collection":[{"href":"https:\/\/www.chidoluelaw.com\/es\/wp-json\/wp\/v2\/pages"}],"about":[{"href":"https:\/\/www.chidoluelaw.com\/es\/wp-json\/wp\/v2\/types\/page"}],"author":[{"embeddable":true,"href":"https:\/\/www.chidoluelaw.com\/es\/wp-json\/wp\/v2\/users\/31"}],"replies":[{"embeddable":true,"href":"https:\/\/www.chidoluelaw.com\/es\/wp-json\/wp\/v2\/comments?post=15020"}],"version-history":[{"count":0,"href":"https:\/\/www.chidoluelaw.com\/es\/wp-json\/wp\/v2\/pages\/15020\/revisions"}],"wp:featuredmedia":[{"embeddable":true,"href":"https:\/\/www.chidoluelaw.com\/es\/wp-json\/wp\/v2\/media\/14466"}],"wp:attachment":[{"href":"https:\/\/www.chidoluelaw.com\/es\/wp-json\/wp\/v2\/media?parent=15020"}],"curies":[{"name":"wp","href":"https:\/\/api.w.org\/{rel}","templated":true}]}}