{"id":15018,"date":"2024-03-22T12:41:09","date_gmt":"2024-03-22T12:41:09","guid":{"rendered":"https:\/\/www.chidoluelaw.com\/inmigracion\/abogado-de-inmigracion-para-visados-u-en-todo-el-pais\/"},"modified":"2025-02-25T13:47:29","modified_gmt":"2025-02-25T13:47:29","slug":"abogado-de-inmigracion-para-visados-u-en-todo-el-pais","status":"publish","type":"page","link":"https:\/\/www.chidoluelaw.com\/es\/abogado-de-inmigracion-para-visados-u-en-todo-el-pais\/","title":{"rendered":"Abogado de Inmigraci\u00f3n para Visados U en todo el pa\u00eds"},"content":{"rendered":"<h2>Ayudar a las v\u00edctimas de delitos a buscar justicia sin miedo a la deportaci\u00f3n<\/h2>\n<p>Si has sido v\u00edctima de un delito en Estados Unidos y te preocupa que denunciarlo a la polic\u00eda pueda poner en peligro tu situaci\u00f3n migratoria, deber\u00edas hablar con abogados expertos en inmigraci\u00f3n sobre la posibilidad de solicitar un visado U. Si re\u00fanes los requisitos para este tipo de visado, puedes permanecer en EE.UU. durante cuatro a\u00f1os y, con el tiempo, solicitar la tarjeta verde, de modo que no tengas que preocuparte de que se inicie un procedimiento de deportaci\u00f3n contra ti tras llamar a la polic\u00eda por un delito.<\/p>\n<p>Por supuesto, debes cumplir ciertos criterios antes de obtener un visado U, entre ellos estar dispuesto a ayudar a las fuerzas de seguridad en la investigaci\u00f3n del delito. Para averiguar si re\u00fanes los requisitos y c\u00f3mo solicitar un visado U, debes contratar a abogados de inmigraci\u00f3n con a\u00f1os de experiencia en ayudar a inmigrantes indocumentados con asuntos de la ley de inmigraci\u00f3n.<\/p>\n<p><strong>Llama a <a href=\"\/\">The Chidolue Law Firm<\/a> al <a class=\"css-1rn59kg\" title=\"tel:6783251037\" href=\"tel:6783251037\" data-testid=\"link-with-safety\" data-renderer-mark=\"true\">678-325-1037 o al 678-325-1037<\/a> para <a href=\"https:\/\/www.chidoluelaw.com\/contact\/\">programar la evaluaci\u00f3n de tu caso<\/a> con un abogado experto en visados U.<\/strong><\/p>\n<h2>\u00bfQu\u00e9 es un visado U?<\/h2>\n<p>En oto\u00f1o de 2000, miembros del Congreso reconocieron que las v\u00edctimas de delitos que no tienen la ciudadan\u00eda estadounidense o la residencia legal pod\u00edan dudar en llamar a la polic\u00eda para pedir ayuda por miedo a la deportaci\u00f3n. Por este motivo, el Congreso aprob\u00f3 la Ley de Protecci\u00f3n de las V\u00edctimas de la Trata y la Violencia, que dio lugar al visado de no inmigrante U.<\/p>\n<p>Este visado beneficia a los inmigrantes, a las fuerzas de seguridad y al p\u00fablico en general. Al fin y al cabo, el objetivo es que los inmigrantes indocumentados se sientan m\u00e1s c\u00f3modos llamando a la polic\u00eda si son v\u00edctimas de un delito. Cuando proporcionan detalles importantes sobre el delito, la polic\u00eda puede obtener la informaci\u00f3n que necesita para identificar al sospechoso, de modo que est\u00e9 entre rejas y no libre para cometer m\u00e1s delitos. A cambio, el visado U ofrece a la v\u00edctima las siguientes ventajas:<\/p>\n<ul>\n<li>La posibilidad de permanecer legalmente en EE.UU. durante cuatro a\u00f1os<\/li>\n<li>Permiso para trabajar en EE.UU.<\/li>\n<li>La posibilidad de ajustar su situaci\u00f3n de visado para obtener la tarjeta verde al cabo de tres a\u00f1os<\/li>\n<li>La oportunidad de solicitar finalmente la ciudadan\u00eda estadounidense<\/li>\n<li>Derecho a determinadas prestaciones p\u00fablicas en algunos estados<\/li>\n<\/ul>\n<p>Si est\u00e1s interesado en alguna de las ventajas de inmigraci\u00f3n que ofrece un visado U, debes ponerte en contacto con un abogado especializado en visados U para determinar si re\u00fanes los requisitos para obtener un visado U o cualquier otra opci\u00f3n de inmigraci\u00f3n.<\/p>\n<p><strong>Estamos con las v\u00edctimas de delitos. Ponte <a href=\"https:\/\/www.chidoluelaw.com\/contact\/\">en<\/a> contacto con nuestro equipo para hablar de tus opciones hoy mismo.<\/strong><\/p>\n<h2>\u00bfQui\u00e9n puede optar a un visado U?<\/h2>\n<p>Antes de iniciar el proceso de solicitud del visado U, debes consultar a un abogado experto en visados U para saber si cumples los requisitos. Los criterios de elegibilidad para el visado U son los siguientes:<\/p>\n<ul>\n<li>Fuiste v\u00edctima de una actividad delictiva cualificada ocurrida en EE.UU.<\/li>\n<li>Sufriste importantes abusos f\u00edsicos o mentales a causa del delito<\/li>\n<li>Tienes informaci\u00f3n importante sobre actividades delictivas<\/li>\n<li>Est\u00e1s dispuesto a ayudar a las fuerzas de seguridad en la investigaci\u00f3n o persecuci\u00f3n penal en cualquiera de sus fases<\/li>\n<li>Eres admisible en EE.UU. y, si no lo eres, est\u00e1s dispuesto a solicitar una dispensa<\/li>\n<\/ul>\n<p>En resumen, si has sufrido malos tratos ps\u00edquicos o f\u00edsicos como v\u00edctima de un delito en EE.UU., y tienes informaci\u00f3n que pueda ayudar a la polic\u00eda en la investigaci\u00f3n, debes hablar con un abogado especializado en visados U sobre el proceso de solicitud.<\/p>\n<p>Para empezar, ten en cuenta que el delito cometido contra ti debe considerarse un delito tipificado antes de que puedas obtener el estatus de visado U. Hay docenas de delitos tipificados, algunos de los cuales son:<\/p>\n<ul>\n<li>Violencia dom\u00e9stica<\/li>\n<li>Agresi\u00f3n sexual<\/li>\n<li>Chantaje<\/li>\n<li>Secuestro<\/li>\n<li>Trata de seres humanos<\/li>\n<li>Secuestro<\/li>\n<li>Retenci\u00f3n criminal ilegal<\/li>\n<li>Servidumbre involuntaria<\/li>\n<li>Encarcelamiento falso<\/li>\n<li>Asesinato<\/li>\n<li>Homicidio involuntario<\/li>\n<li>Prostituci\u00f3n forzada<\/li>\n<li>Explotaci\u00f3n sexual<\/li>\n<li>Tortura<\/li>\n<li>Acoso<\/li>\n<\/ul>\n<p>Si has sido v\u00edctima de \u00e9stos u otros delitos relacionados, tienes derecho a sentirte c\u00f3modo denunci\u00e1ndolos a las fuerzas del orden sin preocuparte por tu situaci\u00f3n de inmigrante. El visado U lo hace posible, por lo que debes hablar con un abogado especializado en visados U para iniciar el proceso de solicitud del visado lo antes posible.<\/p>\n<p><strong>Mereces protecci\u00f3n. <a href=\"https:\/\/www.chidoluelaw.com\/contact\/\">Ponte en contacto con<\/a> nuestros abogados especializados en visados U para una consulta.<\/strong><\/p>\n<h2>\u00bfQu\u00e9 debes esperar del proceso de solicitud del visado U?<\/h2>\n<p>Si quieres obtener los beneficios de un visado U, debes demostrar que ciertos elementos son ciertos, como que se produjo un delito tipificado y que sufriste malos tratos f\u00edsicos o ps\u00edquicos como consecuencia de ello. Si no est\u00e1s seguro de c\u00f3mo demostrar estos detalles, debes contratar a abogados expertos en visados U de inmigraci\u00f3n antes de iniciar el proceso del visado U.<\/p>\n<p>El primer paso del proceso de solicitud del visado U es solicitar un impreso de certificaci\u00f3n de visado U a la oficina policial a la que ayudaste. Esto sirve como prueba de que ayudaste a la polic\u00eda durante la investigaci\u00f3n, lo cual es un detalle importante si quieres optar a un visado U.<\/p>\n<p>Tendr\u00e1s que presentar este formulario al Servicio de Ciudadan\u00eda e Inmigraci\u00f3n de EE.UU. (USCIS), junto con el formulario I-918, Petici\u00f3n de estatus U de no inmigrante. Estos formularios requieren documentos justificativos, como una declaraci\u00f3n personal en la que se describa la actividad delictiva calificada, informes policiales relacionados y expedientes m\u00e9dicos que confirmen tus lesiones. Si eres inadmisible en EE.UU., tambi\u00e9n tendr\u00e1s que presentar el formulario I-192 para obtener una dispensa.<\/p>\n<p>Una vez que hayas presentado toda la informaci\u00f3n necesaria, tendr\u00e1s que esperar a que el USCIS tome una decisi\u00f3n. Esto puede llevar alg\u00fan tiempo, ya que EE.UU. s\u00f3lo expide 10.000 visados U al a\u00f1o. Cometer un error en tu solicitud puede aumentar tu espera o incluso provocar la denegaci\u00f3n del visado U, as\u00ed que aseg\u00farate de que tu solicitud est\u00e1 completa y que es precisa desde el principio. Contratar a abogados expertos en visados U puede ayudarte a conseguirlo. Llama hoy a nuestro bufete de abogados de inmigraci\u00f3n para hablar de tu caso con un abogado compasivo especializado en visados U.<\/p>\n<h2>\u00bfDeber\u00edas contratar a un abogado de inmigraci\u00f3n especializado en visados U a nivel nacional?<\/h2>\n<p>Si eres v\u00edctima de determinados delitos, como violencia dom\u00e9stica, trata de seres humanos u otros, debes averiguar c\u00f3mo los visados U pueden proteger a v\u00edctimas como t\u00fa. Abogados con experiencia en visados U te informar\u00e1n de c\u00f3mo funciona el proceso, incluyendo qu\u00e9 te hace merecedor de un visado U y c\u00f3mo demostrar que cooperaste con las fuerzas de seguridad tras el delito.<\/p>\n<p>Un bufete de abogados de inmigraci\u00f3n de confianza puede ayudarte a conseguir el visado U no s\u00f3lo para ti, sino tambi\u00e9n para cualquier familiar directo que re\u00fana los requisitos para este visado. Al fin y al cabo, siempre que tengas 21 a\u00f1os o m\u00e1s, puedes solicitar un visado U para tu c\u00f3nyuge y tus hijos solteros menores de 21 a\u00f1os. Si eres menor de 21 a\u00f1os, puedes solicitar un visado U para tu c\u00f3nyuge, padres, hijos menores y hermanos solteros menores de 18 a\u00f1os.<\/p>\n<h2>Inicia ahora el proceso del visado U<\/h2>\n<p>Si tienes preguntas sobre qu\u00e9 miembros de la familia pueden optar a un visado U, c\u00f3mo solicitar la residencia permanente o qu\u00e9 hace que un inmigrante indocumentado no pueda entrar, es hora de hablar con abogados que conozcan la ley de inmigraci\u00f3n estadounidense. Cuando contrates a The Chidolue Law Firm, obtendr\u00e1s orientaci\u00f3n legal de un abogado atento y dedicado a proporcionarte tranquilidad e informaci\u00f3n precisa a lo largo de tu caso de inmigraci\u00f3n.<\/p>\n<p><strong>Si est\u00e1s preparado para saber m\u00e1s, llama a nuestro bufete de abogados de inmigraci\u00f3n al <a class=\"css-1rn59kg\" title=\"tel:6783251037\" href=\"tel:6783251037\" data-testid=\"link-with-safety\" data-renderer-mark=\"true\">678-325-1037<\/a> para una <a href=\"https:\/\/www.chidoluelaw.com\/contact\/\"> consulta inicial<\/a> con un abogado experto.<\/strong><\/p>\n","protected":false},"excerpt":{"rendered":"<p>Ayudar a las v\u00edctimas de delitos a buscar justicia sin miedo a la deportaci\u00f3n Si has sido v\u00edctima de un delito en Estados Unidos y te preocupa que denunciarlo a la polic\u00eda pueda poner en peligro tu situaci\u00f3n migratoria, deber\u00edas hablar con abogados expertos en inmigraci\u00f3n sobre la posibilidad de solicitar un visado U. Si [&hellip;]<\/p>\n","protected":false},"author":31,"featured_media":14466,"parent":0,"menu_order":0,"comment_status":"closed","ping_status":"closed","template":"","meta":{"site-sidebar-layout":"default","site-content-layout":"","ast-site-content-layout":"default","site-content-style":"default","site-sidebar-style":"default","ast-global-header-display":"","ast-banner-title-visibility":"","ast-main-header-display":"","ast-hfb-above-header-display":"","ast-hfb-below-header-display":"","ast-hfb-mobile-header-display":"","site-post-title":"","ast-breadcrumbs-content":"","ast-featured-img":"","footer-sml-layout":"","ast-disable-related-posts":"","theme-transparent-header-meta":"default","adv-header-id-meta":"","stick-header-meta":"","header-above-stick-meta":"","header-main-stick-meta":"","header-below-stick-meta":"","astra-migrate-meta-layouts":"default","ast-page-background-enabled":"default","ast-page-background-meta":{"desktop":{"background-color":"var(--ast-global-color-4)","background-image":"","background-repeat":"repeat","background-position":"center center","background-size":"auto","background-attachment":"scroll","background-type":"","background-media":"","overlay-type":"","overlay-color":"","overlay-opacity":"","overlay-gradient":""},"tablet":{"background-color":"","background-image":"","background-repeat":"repeat","background-position":"center center","background-size":"auto","background-attachment":"scroll","background-type":"","background-media":"","overlay-type":"","overlay-color":"","overlay-opacity":"","overlay-gradient":""},"mobile":{"background-color":"","background-image":"","background-repeat":"repeat","background-position":"center center","background-size":"auto","background-attachment":"scroll","background-type":"","background-media":"","overlay-type":"","overlay-color":"","overlay-opacity":"","overlay-gradient":""}},"ast-content-background-meta":{"desktop":{"background-color":"var(--ast-global-color-5)","background-image":"","background-repeat":"repeat","background-position":"center center","background-size":"auto","background-attachment":"scroll","background-type":"","background-media":"","overlay-type":"","overlay-color":"","overlay-opacity":"","overlay-gradient":""},"tablet":{"background-color":"var(--ast-global-color-5)","background-image":"","background-repeat":"repeat","background-position":"center center","background-size":"auto","background-attachment":"scroll","background-type":"","background-media":"","overlay-type":"","overlay-color":"","overlay-opacity":"","overlay-gradient":""},"mobile":{"background-color":"var(--ast-global-color-5)","background-image":"","background-repeat":"repeat","background-position":"center center","background-size":"auto","background-attachment":"scroll","background-type":"","background-media":"","overlay-type":"","overlay-color":"","overlay-opacity":"","overlay-gradient":""}},"footnotes":""},"class_list":["post-15018","page","type-page","status-publish","has-post-thumbnail","hentry"],"yoast_head":"<!-- This site is optimized with the Yoast SEO plugin v27.3 - https:\/\/yoast.com\/product\/yoast-seo-wordpress\/ -->\n<title>Abogado de inmigraci\u00f3n con visado U en todo el pa\u00eds<\/title>\n<meta name=\"description\" content=\"\u00bfTienes miedo de denunciar un delito debido a tu condici\u00f3n de inmigrante? Llama a un abogado de inmigraci\u00f3n especializado en visados U de todo el pa\u00eds para saber si re\u00fanes los requisitos para obtener un visado U.\" \/>\n<meta name=\"robots\" content=\"index, follow, max-snippet:-1, max-image-preview:large, max-video-preview:-1\" \/>\n<link rel=\"canonical\" href=\"https:\/\/www.chidoluelaw.com\/es\/abogado-de-inmigracion-para-visados-u-en-todo-el-pais\/\" \/>\n<meta property=\"og:locale\" content=\"es_ES\" \/>\n<meta property=\"og:type\" content=\"article\" \/>\n<meta property=\"og:title\" content=\"Abogado de inmigraci\u00f3n con visado U en todo el pa\u00eds\" \/>\n<meta property=\"og:description\" content=\"\u00bfTienes miedo de denunciar un delito debido a tu condici\u00f3n de inmigrante? Llama a un abogado de inmigraci\u00f3n especializado en visados U de todo el pa\u00eds para saber si re\u00fanes los requisitos para obtener un visado U.\" \/>\n<meta property=\"og:url\" content=\"https:\/\/www.chidoluelaw.com\/es\/abogado-de-inmigracion-para-visados-u-en-todo-el-pais\/\" \/>\n<meta property=\"og:site_name\" content=\"The Chidolue Law Firm\" \/>\n<meta property=\"article:modified_time\" content=\"2025-02-25T13:47:29+00:00\" \/>\n<meta name=\"twitter:card\" content=\"summary_large_image\" \/>\n<meta name=\"twitter:label1\" content=\"Tiempo de lectura\" \/>\n\t<meta name=\"twitter:data1\" content=\"7 minutos\" \/>\n<!-- \/ Yoast SEO plugin. -->","yoast_head_json":{"title":"Abogado de inmigraci\u00f3n con visado U en todo el pa\u00eds","description":"\u00bfTienes miedo de denunciar un delito debido a tu condici\u00f3n de inmigrante? Llama a un abogado de inmigraci\u00f3n especializado en visados U de todo el pa\u00eds para saber si re\u00fanes los requisitos para obtener un visado U.","robots":{"index":"index","follow":"follow","max-snippet":"max-snippet:-1","max-image-preview":"max-image-preview:large","max-video-preview":"max-video-preview:-1"},"canonical":"https:\/\/www.chidoluelaw.com\/es\/abogado-de-inmigracion-para-visados-u-en-todo-el-pais\/","og_locale":"es_ES","og_type":"article","og_title":"Abogado de inmigraci\u00f3n con visado U en todo el pa\u00eds","og_description":"\u00bfTienes miedo de denunciar un delito debido a tu condici\u00f3n de inmigrante? Llama a un abogado de inmigraci\u00f3n especializado en visados U de todo el pa\u00eds para saber si re\u00fanes los requisitos para obtener un visado U.","og_url":"https:\/\/www.chidoluelaw.com\/es\/abogado-de-inmigracion-para-visados-u-en-todo-el-pais\/","og_site_name":"The Chidolue Law Firm","article_modified_time":"2025-02-25T13:47:29+00:00","twitter_card":"summary_large_image","twitter_misc":{"Tiempo de lectura":"7 minutos"},"schema":{"@context":"https:\/\/schema.org","@graph":[{"@type":"WebPage","@id":"https:\/\/www.chidoluelaw.com\/es\/abogado-de-inmigracion-para-visados-u-en-todo-el-pais\/","url":"https:\/\/www.chidoluelaw.com\/es\/abogado-de-inmigracion-para-visados-u-en-todo-el-pais\/","name":"Abogado de inmigraci\u00f3n con visado U en todo el pa\u00eds","isPartOf":{"@id":"https:\/\/www.chidoluelaw.com\/es\/#website"},"primaryImageOfPage":{"@id":"https:\/\/www.chidoluelaw.com\/es\/abogado-de-inmigracion-para-visados-u-en-todo-el-pais\/#primaryimage"},"image":{"@id":"https:\/\/www.chidoluelaw.com\/es\/abogado-de-inmigracion-para-visados-u-en-todo-el-pais\/#primaryimage"},"thumbnailUrl":"https:\/\/www.chidoluelaw.com\/wp-content\/uploads\/2024\/03\/fetured-1.svg","datePublished":"2024-03-22T12:41:09+00:00","dateModified":"2025-02-25T13:47:29+00:00","description":"\u00bfTienes miedo de denunciar un delito debido a tu condici\u00f3n de inmigrante? Llama a un abogado de inmigraci\u00f3n especializado en visados U de todo el pa\u00eds para saber si re\u00fanes los requisitos para obtener un visado U.","breadcrumb":{"@id":"https:\/\/www.chidoluelaw.com\/es\/abogado-de-inmigracion-para-visados-u-en-todo-el-pais\/#breadcrumb"},"inLanguage":"es","potentialAction":[{"@type":"ReadAction","target":["https:\/\/www.chidoluelaw.com\/es\/abogado-de-inmigracion-para-visados-u-en-todo-el-pais\/"]}]},{"@type":"ImageObject","inLanguage":"es","@id":"https:\/\/www.chidoluelaw.com\/es\/abogado-de-inmigracion-para-visados-u-en-todo-el-pais\/#primaryimage","url":"https:\/\/www.chidoluelaw.com\/wp-content\/uploads\/2024\/03\/fetured-1.svg","contentUrl":"https:\/\/www.chidoluelaw.com\/wp-content\/uploads\/2024\/03\/fetured-1.svg"},{"@type":"BreadcrumbList","@id":"https:\/\/www.chidoluelaw.com\/es\/abogado-de-inmigracion-para-visados-u-en-todo-el-pais\/#breadcrumb","itemListElement":[{"@type":"ListItem","position":1,"name":"Home","item":"https:\/\/www.chidoluelaw.com\/es\/"},{"@type":"ListItem","position":2,"name":"Abogado de Inmigraci\u00f3n para Visados U en todo el pa\u00eds"}]},{"@type":"WebSite","@id":"https:\/\/www.chidoluelaw.com\/es\/#website","url":"https:\/\/www.chidoluelaw.com\/es\/","name":"The Chidolue Law Firm","description":"","publisher":{"@id":"https:\/\/www.chidoluelaw.com\/es\/#organization"},"potentialAction":[{"@type":"SearchAction","target":{"@type":"EntryPoint","urlTemplate":"https:\/\/www.chidoluelaw.com\/es\/?s={search_term_string}"},"query-input":{"@type":"PropertyValueSpecification","valueRequired":true,"valueName":"search_term_string"}}],"inLanguage":"es"},{"@type":"Organization","@id":"https:\/\/www.chidoluelaw.com\/es\/#organization","name":"The Chidolue Law Firm","url":"https:\/\/www.chidoluelaw.com\/es\/","logo":{"@type":"ImageObject","inLanguage":"es","@id":"https:\/\/www.chidoluelaw.com\/es\/#\/schema\/logo\/image\/","url":"https:\/\/www.chidoluelaw.com\/wp-content\/uploads\/2024\/03\/logo-w.svg","contentUrl":"https:\/\/www.chidoluelaw.com\/wp-content\/uploads\/2024\/03\/logo-w.svg","caption":"The Chidolue Law Firm"},"image":{"@id":"https:\/\/www.chidoluelaw.com\/es\/#\/schema\/logo\/image\/"}}]}},"_links":{"self":[{"href":"https:\/\/www.chidoluelaw.com\/es\/wp-json\/wp\/v2\/pages\/15018","targetHints":{"allow":["GET"]}}],"collection":[{"href":"https:\/\/www.chidoluelaw.com\/es\/wp-json\/wp\/v2\/pages"}],"about":[{"href":"https:\/\/www.chidoluelaw.com\/es\/wp-json\/wp\/v2\/types\/page"}],"author":[{"embeddable":true,"href":"https:\/\/www.chidoluelaw.com\/es\/wp-json\/wp\/v2\/users\/31"}],"replies":[{"embeddable":true,"href":"https:\/\/www.chidoluelaw.com\/es\/wp-json\/wp\/v2\/comments?post=15018"}],"version-history":[{"count":0,"href":"https:\/\/www.chidoluelaw.com\/es\/wp-json\/wp\/v2\/pages\/15018\/revisions"}],"wp:featuredmedia":[{"embeddable":true,"href":"https:\/\/www.chidoluelaw.com\/es\/wp-json\/wp\/v2\/media\/14466"}],"wp:attachment":[{"href":"https:\/\/www.chidoluelaw.com\/es\/wp-json\/wp\/v2\/media?parent=15018"}],"curies":[{"name":"wp","href":"https:\/\/api.w.org\/{rel}","templated":true}]}}