{"id":15012,"date":"2024-03-22T12:50:07","date_gmt":"2024-03-22T12:50:07","guid":{"rendered":"https:\/\/www.chidoluelaw.com\/inmigracion\/abogado-de-inmigracion-para-visados-de-matrimonio-en-todo-el-pais\/"},"modified":"2024-11-26T14:54:13","modified_gmt":"2024-11-26T14:54:13","slug":"abogado-de-inmigracion-para-visados-de-matrimonio-en-todo-el-pais","status":"publish","type":"page","link":"https:\/\/www.chidoluelaw.com\/es\/abogado-de-inmigracion-para-visados-de-matrimonio-en-todo-el-pais\/","title":{"rendered":"Abogado de Inmigraci\u00f3n para Visados de Matrimonio en todo el pa\u00eds"},"content":{"rendered":"<h2>Ayudar a las parejas casadas a iniciar una vida en com\u00fan en EE.UU.<\/h2>\n<p>Si eres ciudadano estadounidense o residente legal permanente y te has casado con alguien de otro pa\u00eds, puede que est\u00e9s pensando en establecerte con tu nuevo c\u00f3nyuge en EE.UU. Para ello, tendr\u00e1s que solicitar un visado de matrimonio para que pueda venir a EE.UU. y convertirse en residente legal permanente. Por supuesto, la ley de inmigraci\u00f3n puede ser dif\u00edcil de entender por tu cuenta, por lo que debes consultar a un abogado de inmigraci\u00f3n con experiencia antes de iniciar el proceso del visado de matrimonio.<\/p>\n<p>Si contratas a <a href=\"\/\">The Chidolue Law Firm<\/a>, puedes estar seguro de que nuestro equipo jur\u00eddico conoce las leyes de inmigraci\u00f3n relativas a los visados matrimoniales, por lo que nos esforzaremos para que el proceso sea fluido y tu c\u00f3nyuge extranjero obtenga la tarjeta verde por matrimonio.<\/p>\n<p><strong> <a href=\"https:\/\/www.chidoluelaw.com\/contact\/\"> Ponte en contacto con<\/a> nuestro bufete de abogados de inmigraci\u00f3n para hablar de tu caso con un abogado experto en visados de matrimonio.<\/strong><\/p>\n<h2>\u00bfQu\u00e9 es un visado de matrimonio?<\/h2>\n<p>El visado de matrimonio disponible para tu c\u00f3nyuge extranjero depende de tu situaci\u00f3n legal, ya que los ciudadanos y los residentes permanentes pueden solicitar visados de c\u00f3nyuge diferentes. Las principales opciones son los visados CR-1, IR-1 y F-2A, y los visados K est\u00e1n disponibles para los ciudadanos estadounidenses comprometidos con ciudadanos extranjeros y que deseen casarse con ellos en Estados Unidos.<\/p>\n<p>Si eres ciudadano estadounidense y quieres apadrinar a tu c\u00f3nyuge para que venga a vivir a EE.UU., puedes solicitar el visado CR-1 siempre que llev\u00e9is casados menos de dos a\u00f1os. Si llevas casado m\u00e1s de dos a\u00f1os, puedes solicitar el visado IR-1.<\/p>\n<p>Si eres residente permanente, puedes patrocinar a tu c\u00f3nyuge extranjero con el visado F-2A. El proceso de solicitud y los beneficios de inmigraci\u00f3n de este visado de matrimonio son similares a los del visado CR-1, salvo que la aprobaci\u00f3n del visado F-2A puede llevar m\u00e1s tiempo.<\/p>\n<p>Si a\u00fan no te has casado y eres ciudadano estadounidense, puedes solicitar un visado K-1 para traer a tu prometido a EE.UU. Este visado exige que te cases en un plazo de 90 d\u00edas desde la llegada de tu prometido. Despu\u00e9s de eso, puedes enviar una solicitud para ajustar su estatus de modo que obtengan la residencia permanente.<\/p>\n<p>Los abogados especializados en visados matrimoniales pueden ayudarte a determinar a qu\u00e9 visado de c\u00f3nyuge puedes optar. Tambi\u00e9n pueden guiarte en el proceso de solicitud del visado de matrimonio, as\u00ed que llama a nuestro bufete para hablar de tus opciones.<\/p>\n<h2>\u00bfQui\u00e9n puede obtener un visado de matrimonio en EE.UU.?<\/h2>\n<p>T\u00fa y tu c\u00f3nyuge deb\u00e9is cumplir ciertos requisitos para que os aprueben un visado de matrimonio. Como persona que solicita que tu c\u00f3nyuge extranjero inmigre a EE.UU. mediante un visado conyugal CR-1, IR-1 o F-2A, debes demostrar lo siguiente:<\/p>\n<ul>\n<li>Eres ciudadano o residente permanente de Estados Unidos<\/li>\n<li>Tienes un matrimonio v\u00e1lido<\/li>\n<li>Est\u00e1s dispuesto a apoyar econ\u00f3micamente a tu c\u00f3nyuge<\/li>\n<\/ul>\n<p>Si cumples estas directrices, tu c\u00f3nyuge extranjero tiene muchas posibilidades de que le aprueben la entrada en EE.UU. con un visado conyugal, suponiendo que no se den ciertas excepciones. Por ejemplo, si tu c\u00f3nyuge entr\u00f3 ilegalmente en EE.UU., minti\u00f3 a los agentes de la patrulla fronteriza o a los Servicios de Ciudadan\u00eda e Inmigraci\u00f3n de EE.UU., o fue condenado por un delito violento, es posible que no pueda optar a un visado de inmigrante.<\/p>\n<p>Abogados expertos en visados de matrimonio pueden revisar tus datos para asegurarse de que cumplen los criterios de elegibilidad para los visados de matrimonio estadounidenses. Estaremos encantados de ayudarte a ti y a tu c\u00f3nyuge a empezar vuestra vida juntos en EE.UU. lo antes posible.<\/p>\n<p><strong>Ponte en contacto con nuestro bufete para programar una <a href=\"https:\/\/www.chidoluelaw.com\/contact\/\">consulta inicial gratuita<\/a> con un abogado de confianza especializado en visados de matrimonio.<\/strong><\/p>\n<h2>\u00bfQu\u00e9 debes esperar del proceso de solicitud del visado de matrimonio?<\/h2>\n<p>Antes de iniciar el proceso del visado de matrimonio, debes hacerte una idea de cu\u00e1nto tiempo llevar\u00e1 y qu\u00e9 pasos tendr\u00e1s que completar. Estos detalles dependen del visado matrimonial que est\u00e9s solicitando, por lo que tu abogado especializado en visados matrimoniales te informar\u00e1 sobre tu caso concreto.<\/p>\n<p>En general, tienes que demostrar que eres ciudadano o residente permanente legal de EE.UU., para lo que tendr\u00e1s que enviar copias de tu partida de nacimiento, pasaporte, <a href=\"https:\/\/www.chidoluelaw.com\/immigration\/naturalization\/\">certificado de naturalizaci\u00f3n<\/a>, tarjeta verde u otros documentos. A continuaci\u00f3n, prep\u00e1rate para demostrar que tienes un matrimonio v\u00e1lido con tu c\u00f3nyuge, lo que podr\u00eda significar presentar copias de vuestras cuentas bancarias conjuntas, tarjetas de cr\u00e9dito o p\u00f3lizas de seguro en las que figuren los nombres de ambos, as\u00ed como vuestro certificado de matrimonio.<\/p>\n<p>Tambi\u00e9n tendr\u00e1s que enviar las declaraciones de la renta y cualquier otro documento econ\u00f3mico que demuestre que puedes mantener a tu c\u00f3nyuge una vez que se apruebe su solicitud de visado. Es posible que te pidan documentos adicionales, como pruebas de que los matrimonios anteriores se disolvieron legalmente y de que tu c\u00f3nyuge nunca ha sido acusado de mentir o infringir la ley durante el proceso de inmigraci\u00f3n.<\/p>\n<p>Una vez que hayas presentado los documentos requeridos en el proceso de solicitud de visado, el Centro Nacional de Visados los revisar\u00e1. Si se aprueba, tu c\u00f3nyuge tendr\u00e1 que prepararse para una entrevista con un funcionario consular para responder preguntas sobre vuestro matrimonio. Luego tendr\u00e1n que pasar un reconocimiento m\u00e9dico antes de que se les expida la tarjeta verde por matrimonio.<\/p>\n<p>Si eres ciudadano estadounidense y solicitas el visado CR-1, el proceso de solicitud deber\u00eda durar aproximadamente un a\u00f1o. Una vez que tu c\u00f3nyuge obtenga el visado basado en el matrimonio para venir a EE.UU., obtendr\u00e1 una tarjeta verde condicional. Cuando demuestres que tienes un matrimonio de buena fe v\u00e1lido en el pa\u00eds donde te casaste, se eliminar\u00e1n las condiciones de la tarjeta verde. Ten en cuenta que si solicitas el visado de c\u00f3nyuge IR-1, tu c\u00f3nyuge obtendr\u00e1 una tarjeta verde normal basada en el matrimonio sin condiciones.<\/p>\n<p>Si tienes la condici\u00f3n de residente legal permanente en EE.UU. y solicitas el visado F-2A para tu c\u00f3nyuge, es probable que el proceso de inmigraci\u00f3n lleve m\u00e1s tiempo que el de un visado CR-1 o IR-1. En muchos casos, puede llevar dos o m\u00e1s a\u00f1os. Los abogados expertos en inmigraci\u00f3n pueden informarte m\u00e1s sobre este proceso, as\u00ed que ponte en contacto con nuestro despacho hoy mismo.<\/p>\n<h2>\u00bfPor qu\u00e9 deber\u00edas contratar a un abogado de inmigraci\u00f3n especializado en visados de matrimonio a nivel nacional?<\/h2>\n<p>Tanto los residentes legales permanentes como los ciudadanos pueden apadrinar a su c\u00f3nyuge antes de iniciar una vida en este pa\u00eds, pero el proceso suele ser demasiado complicado para manejarlo solos. No s\u00f3lo tendr\u00e9is que demostrar que est\u00e1is legalmente casados con un ciudadano extranjero, sino que tambi\u00e9n tendr\u00e9is que hablar de vuestra situaci\u00f3n econ\u00f3mica y aseguraros de que no hay nada que haga que tu c\u00f3nyuge no pueda optar a la residencia permanente poco despu\u00e9s de llegar con un visado. Si no est\u00e1s seguro de c\u00f3mo probar estos detalles, deber\u00edas hablar con un abogado especializado en visados de matrimonio en el que puedas confiar.<\/p>\n<h2>Empieza con una consulta inicial<\/h2>\n<p>En The Chidolue Law Firm, nos comprometemos a ayudarte a conseguir el visado de inmigrante que necesitas para que tu c\u00f3nyuge obtenga la tarjeta verde. De este modo, pueden vivir y trabajar aqu\u00ed a largo plazo y, con el tiempo, solicitar la nacionalidad estadounidense.<\/p>\n<p><strong>Para obtener m\u00e1s informaci\u00f3n sobre c\u00f3mo conseguir un visado de inmigraci\u00f3n para tu marido o tu mujer, <a href=\"https:\/\/www.chidoluelaw.com\/contact\/\">ponte en contacto con nosotros<\/a> en el <a href=\"tel:4078713643\">407-995-6567<\/a> para hablar con abogados de inmigraci\u00f3n atentos sobre las tarjetas de residencia por matrimonio.<\/strong><\/p>\n","protected":false},"excerpt":{"rendered":"<p>Ayudar a las parejas casadas a iniciar una vida en com\u00fan en EE.UU. Si eres ciudadano estadounidense o residente legal permanente y te has casado con alguien de otro pa\u00eds, puede que est\u00e9s pensando en establecerte con tu nuevo c\u00f3nyuge en EE.UU. Para ello, tendr\u00e1s que solicitar un visado de matrimonio para que pueda venir [&hellip;]<\/p>\n","protected":false},"author":31,"featured_media":14466,"parent":0,"menu_order":0,"comment_status":"closed","ping_status":"closed","template":"","meta":{"site-sidebar-layout":"default","site-content-layout":"","ast-site-content-layout":"default","site-content-style":"default","site-sidebar-style":"default","ast-global-header-display":"","ast-banner-title-visibility":"","ast-main-header-display":"","ast-hfb-above-header-display":"","ast-hfb-below-header-display":"","ast-hfb-mobile-header-display":"","site-post-title":"","ast-breadcrumbs-content":"","ast-featured-img":"","footer-sml-layout":"","ast-disable-related-posts":"","theme-transparent-header-meta":"default","adv-header-id-meta":"","stick-header-meta":"","header-above-stick-meta":"","header-main-stick-meta":"","header-below-stick-meta":"","astra-migrate-meta-layouts":"set","ast-page-background-enabled":"default","ast-page-background-meta":{"desktop":{"background-color":"var(--ast-global-color-4)","background-image":"","background-repeat":"repeat","background-position":"center center","background-size":"auto","background-attachment":"scroll","background-type":"","background-media":"","overlay-type":"","overlay-color":"","overlay-opacity":"","overlay-gradient":""},"tablet":{"background-color":"","background-image":"","background-repeat":"repeat","background-position":"center center","background-size":"auto","background-attachment":"scroll","background-type":"","background-media":"","overlay-type":"","overlay-color":"","overlay-opacity":"","overlay-gradient":""},"mobile":{"background-color":"","background-image":"","background-repeat":"repeat","background-position":"center center","background-size":"auto","background-attachment":"scroll","background-type":"","background-media":"","overlay-type":"","overlay-color":"","overlay-opacity":"","overlay-gradient":""}},"ast-content-background-meta":{"desktop":{"background-color":"var(--ast-global-color-5)","background-image":"","background-repeat":"repeat","background-position":"center center","background-size":"auto","background-attachment":"scroll","background-type":"","background-media":"","overlay-type":"","overlay-color":"","overlay-opacity":"","overlay-gradient":""},"tablet":{"background-color":"var(--ast-global-color-5)","background-image":"","background-repeat":"repeat","background-position":"center center","background-size":"auto","background-attachment":"scroll","background-type":"","background-media":"","overlay-type":"","overlay-color":"","overlay-opacity":"","overlay-gradient":""},"mobile":{"background-color":"var(--ast-global-color-5)","background-image":"","background-repeat":"repeat","background-position":"center center","background-size":"auto","background-attachment":"scroll","background-type":"","background-media":"","overlay-type":"","overlay-color":"","overlay-opacity":"","overlay-gradient":""}},"footnotes":""},"class_list":["post-15012","page","type-page","status-publish","has-post-thumbnail","hentry"],"yoast_head":"<!-- This site is optimized with the Yoast SEO plugin v27.3 - https:\/\/yoast.com\/product\/yoast-seo-wordpress\/ -->\n<title>Abogado de inmigraci\u00f3n para visas matrimoniales en EE. UU.<\/title>\n<meta name=\"description\" content=\"\u00bfQuieres traer a tu c\u00f3nyuge extranjero a EE.UU. para que viva contigo? Contrata a un abogado de inmigraci\u00f3n especializado en visados de matrimonio a nivel nacional para que te ayude con esto.\" \/>\n<meta name=\"robots\" content=\"index, follow, max-snippet:-1, max-image-preview:large, max-video-preview:-1\" \/>\n<link rel=\"canonical\" href=\"https:\/\/www.chidoluelaw.com\/es\/abogado-de-inmigracion-para-visados-de-matrimonio-en-todo-el-pais\/\" \/>\n<meta property=\"og:locale\" content=\"es_ES\" \/>\n<meta property=\"og:type\" content=\"article\" \/>\n<meta property=\"og:title\" content=\"Abogado de inmigraci\u00f3n para visas matrimoniales en EE. UU.\" \/>\n<meta property=\"og:description\" content=\"\u00bfQuieres traer a tu c\u00f3nyuge extranjero a EE.UU. para que viva contigo? Contrata a un abogado de inmigraci\u00f3n especializado en visados de matrimonio a nivel nacional para que te ayude con esto.\" \/>\n<meta property=\"og:url\" content=\"https:\/\/www.chidoluelaw.com\/es\/abogado-de-inmigracion-para-visados-de-matrimonio-en-todo-el-pais\/\" \/>\n<meta property=\"og:site_name\" content=\"The Chidolue Law Firm\" \/>\n<meta property=\"article:modified_time\" content=\"2024-11-26T14:54:13+00:00\" \/>\n<meta name=\"twitter:card\" content=\"summary_large_image\" \/>\n<meta name=\"twitter:label1\" content=\"Tiempo de lectura\" \/>\n\t<meta name=\"twitter:data1\" content=\"6 minutos\" \/>\n<!-- \/ Yoast SEO plugin. -->","yoast_head_json":{"title":"Abogado de inmigraci\u00f3n para visas matrimoniales en EE. UU.","description":"\u00bfQuieres traer a tu c\u00f3nyuge extranjero a EE.UU. para que viva contigo? Contrata a un abogado de inmigraci\u00f3n especializado en visados de matrimonio a nivel nacional para que te ayude con esto.","robots":{"index":"index","follow":"follow","max-snippet":"max-snippet:-1","max-image-preview":"max-image-preview:large","max-video-preview":"max-video-preview:-1"},"canonical":"https:\/\/www.chidoluelaw.com\/es\/abogado-de-inmigracion-para-visados-de-matrimonio-en-todo-el-pais\/","og_locale":"es_ES","og_type":"article","og_title":"Abogado de inmigraci\u00f3n para visas matrimoniales en EE. UU.","og_description":"\u00bfQuieres traer a tu c\u00f3nyuge extranjero a EE.UU. para que viva contigo? Contrata a un abogado de inmigraci\u00f3n especializado en visados de matrimonio a nivel nacional para que te ayude con esto.","og_url":"https:\/\/www.chidoluelaw.com\/es\/abogado-de-inmigracion-para-visados-de-matrimonio-en-todo-el-pais\/","og_site_name":"The Chidolue Law Firm","article_modified_time":"2024-11-26T14:54:13+00:00","twitter_card":"summary_large_image","twitter_misc":{"Tiempo de lectura":"6 minutos"},"schema":{"@context":"https:\/\/schema.org","@graph":[{"@type":"WebPage","@id":"https:\/\/www.chidoluelaw.com\/es\/abogado-de-inmigracion-para-visados-de-matrimonio-en-todo-el-pais\/","url":"https:\/\/www.chidoluelaw.com\/es\/abogado-de-inmigracion-para-visados-de-matrimonio-en-todo-el-pais\/","name":"Abogado de inmigraci\u00f3n para visas matrimoniales en EE. UU.","isPartOf":{"@id":"https:\/\/www.chidoluelaw.com\/es\/#website"},"primaryImageOfPage":{"@id":"https:\/\/www.chidoluelaw.com\/es\/abogado-de-inmigracion-para-visados-de-matrimonio-en-todo-el-pais\/#primaryimage"},"image":{"@id":"https:\/\/www.chidoluelaw.com\/es\/abogado-de-inmigracion-para-visados-de-matrimonio-en-todo-el-pais\/#primaryimage"},"thumbnailUrl":"https:\/\/www.chidoluelaw.com\/wp-content\/uploads\/2024\/03\/fetured-1.svg","datePublished":"2024-03-22T12:50:07+00:00","dateModified":"2024-11-26T14:54:13+00:00","description":"\u00bfQuieres traer a tu c\u00f3nyuge extranjero a EE.UU. para que viva contigo? Contrata a un abogado de inmigraci\u00f3n especializado en visados de matrimonio a nivel nacional para que te ayude con esto.","breadcrumb":{"@id":"https:\/\/www.chidoluelaw.com\/es\/abogado-de-inmigracion-para-visados-de-matrimonio-en-todo-el-pais\/#breadcrumb"},"inLanguage":"es","potentialAction":[{"@type":"ReadAction","target":["https:\/\/www.chidoluelaw.com\/es\/abogado-de-inmigracion-para-visados-de-matrimonio-en-todo-el-pais\/"]}]},{"@type":"ImageObject","inLanguage":"es","@id":"https:\/\/www.chidoluelaw.com\/es\/abogado-de-inmigracion-para-visados-de-matrimonio-en-todo-el-pais\/#primaryimage","url":"https:\/\/www.chidoluelaw.com\/wp-content\/uploads\/2024\/03\/fetured-1.svg","contentUrl":"https:\/\/www.chidoluelaw.com\/wp-content\/uploads\/2024\/03\/fetured-1.svg"},{"@type":"BreadcrumbList","@id":"https:\/\/www.chidoluelaw.com\/es\/abogado-de-inmigracion-para-visados-de-matrimonio-en-todo-el-pais\/#breadcrumb","itemListElement":[{"@type":"ListItem","position":1,"name":"Home","item":"https:\/\/www.chidoluelaw.com\/es\/"},{"@type":"ListItem","position":2,"name":"Abogado de Inmigraci\u00f3n para Visados de Matrimonio en todo el pa\u00eds"}]},{"@type":"WebSite","@id":"https:\/\/www.chidoluelaw.com\/es\/#website","url":"https:\/\/www.chidoluelaw.com\/es\/","name":"The Chidolue Law Firm","description":"","publisher":{"@id":"https:\/\/www.chidoluelaw.com\/es\/#organization"},"potentialAction":[{"@type":"SearchAction","target":{"@type":"EntryPoint","urlTemplate":"https:\/\/www.chidoluelaw.com\/es\/?s={search_term_string}"},"query-input":{"@type":"PropertyValueSpecification","valueRequired":true,"valueName":"search_term_string"}}],"inLanguage":"es"},{"@type":"Organization","@id":"https:\/\/www.chidoluelaw.com\/es\/#organization","name":"The Chidolue Law Firm","url":"https:\/\/www.chidoluelaw.com\/es\/","logo":{"@type":"ImageObject","inLanguage":"es","@id":"https:\/\/www.chidoluelaw.com\/es\/#\/schema\/logo\/image\/","url":"https:\/\/www.chidoluelaw.com\/wp-content\/uploads\/2024\/03\/logo-w.svg","contentUrl":"https:\/\/www.chidoluelaw.com\/wp-content\/uploads\/2024\/03\/logo-w.svg","caption":"The Chidolue Law Firm"},"image":{"@id":"https:\/\/www.chidoluelaw.com\/es\/#\/schema\/logo\/image\/"}}]}},"_links":{"self":[{"href":"https:\/\/www.chidoluelaw.com\/es\/wp-json\/wp\/v2\/pages\/15012","targetHints":{"allow":["GET"]}}],"collection":[{"href":"https:\/\/www.chidoluelaw.com\/es\/wp-json\/wp\/v2\/pages"}],"about":[{"href":"https:\/\/www.chidoluelaw.com\/es\/wp-json\/wp\/v2\/types\/page"}],"author":[{"embeddable":true,"href":"https:\/\/www.chidoluelaw.com\/es\/wp-json\/wp\/v2\/users\/31"}],"replies":[{"embeddable":true,"href":"https:\/\/www.chidoluelaw.com\/es\/wp-json\/wp\/v2\/comments?post=15012"}],"version-history":[{"count":0,"href":"https:\/\/www.chidoluelaw.com\/es\/wp-json\/wp\/v2\/pages\/15012\/revisions"}],"wp:featuredmedia":[{"embeddable":true,"href":"https:\/\/www.chidoluelaw.com\/es\/wp-json\/wp\/v2\/media\/14466"}],"wp:attachment":[{"href":"https:\/\/www.chidoluelaw.com\/es\/wp-json\/wp\/v2\/media?parent=15012"}],"curies":[{"name":"wp","href":"https:\/\/api.w.org\/{rel}","templated":true}]}}