{"id":15009,"date":"2024-03-22T12:30:23","date_gmt":"2024-03-22T12:30:23","guid":{"rendered":"https:\/\/www.chidoluelaw.com\/inmigracion\/abogado-de-inmigracion-familiar\/"},"modified":"2024-11-26T14:47:46","modified_gmt":"2024-11-26T14:47:46","slug":"abogado-de-inmigracion-familiar","status":"publish","type":"page","link":"https:\/\/www.chidoluelaw.com\/es\/abogado-de-inmigracion-familiar\/","title":{"rendered":"Abogado de inmigraci\u00f3n familiar"},"content":{"rendered":"<h2>Utilizar los conocimientos jur\u00eddicos para unir a las familias<\/h2>\n<p>Tanto si has obtenido la nacionalidad estadounidense como la residencia permanente, es posible que eches de menos a familiares cercanos que a\u00fan residen en tu pa\u00eds de origen. Afortunadamente, puede haber una forma de traerlos a EE.UU. para que vivan contigo, siempre que cumplas ciertos criterios y contrates a un abogado experto en inmigraci\u00f3n familiar para que te ayude.<\/p>\n<p>Cuando contrates a <a href=\"\/\">The Chidolue Law Firm<\/a> para que te ayude con la inmigraci\u00f3n familiar, tendr\u00e1s toda la atenci\u00f3n de un abogado experto en inmigraci\u00f3n familiar que comprende realmente la importancia de acoger a tus seres queridos en el pa\u00eds que ahora llamas hogar.<\/p>\n<p><strong>Si te interesa saber c\u00f3mo puedes traer a tus familiares a EE.UU. lo antes posible, llama a nuestro bufete del sur de Florida al <a href=\"tel:407-871-3643\">407-995-6567<\/a> para una <a href=\"https:\/\/www.chidoluelaw.com\/contact\/\">evaluaci\u00f3n gratuita de tu caso<\/a> con un abogado especializado en inmigraci\u00f3n familiar. Llevamos casos de inmigraci\u00f3n familiar en todo el pa\u00eds.<\/strong><\/p>\n<h2>\u00bfQui\u00e9n puede iniciar el proceso de inmigraci\u00f3n familiar?<\/h2>\n<p>Antes de recurrir a la inmigraci\u00f3n familiar para traer a tus parientes a EE.UU., es importante que te asegures de que re\u00fanes los requisitos para patrocinarlos y que comprendas lo que este proceso puede hacer por tu familia. En primer lugar, debes tener al menos 21 a\u00f1os y ser ciudadano estadounidense o residente permanente.<\/p>\n<p>Si cumples estos requisitos, puedes utilizar uno de los pocos programas populares de visados basados en la familia para ciudadanos estadounidenses y residentes permanentes, cada uno con sus propias directrices. Estos programas pueden proporcionar a tus familiares visados de pariente inmediato o visados de preferencia familiar, dependiendo de su relaci\u00f3n contigo. De cualquier modo, si se aprueba, se les dar\u00e1 una tarjeta verde para que puedan vivir legalmente contigo en EE.UU. y tambi\u00e9n trabajar, ir a la escuela y disfrutar de los mismos derechos que t\u00fa en este pa\u00eds.<\/p>\n<p>Si re\u00fanes los requisitos para patrocinar a uno o varios familiares en el proceso de inmigraci\u00f3n, tu siguiente paso debe ser hablar con abogados especializados en inmigraci\u00f3n familiar sobre los detalles legales. Cuando contrates a un abogado de nuestro bufete, obtendr\u00e1s ayuda legal durante todo el proceso, desde determinar qu\u00e9 visados familiares debes solicitar hasta reunir los documentos justificativos necesarios. Llama a nuestro bufete de Orlando para tener las mayores posibilidades de \u00e9xito en tu caso.<\/p>\n<h2>\u00bfQu\u00e9 familiares pueden venir a EE.UU. a trav\u00e9s de la inmigraci\u00f3n basada en la familia?<\/h2>\n<p>Los familiares que puedes traer a EE.UU. var\u00edan seg\u00fan seas ciudadano o residente permanente. Si eres ciudadano estadounidense, puedes utilizar el visado de familiar inmediato para patrocinar a tu c\u00f3nyuge, padres o hijos biol\u00f3gicos y adoptivos solteros y menores de 21 a\u00f1os. A menudo se considera el visado preferido por los ciudadanos, ya que no hay l\u00edmite en el n\u00famero de visados para Familiares Inmediatos que EE.UU. expide cada a\u00f1o.<\/p>\n<p>Los ciudadanos estadounidenses que deseen traer a este pa\u00eds a familiares no inmediatos pueden utilizar el visado de Preferencia Familiar para patrocinar a hermanos, hijos casados e hijos solteros mayores de 21 a\u00f1os. Si no eres ciudadano estadounidense pero tienes residencia permanente en EE.UU., tambi\u00e9n existen visados de Preferencia Familiar para que puedas traer a tu c\u00f3nyuge e hijos solteros a este pa\u00eds a trav\u00e9s de la inmigraci\u00f3n familiar.<\/p>\n<p>Un detalle que debes saber sobre los visados de Preferencia Familiar es que el gobierno s\u00f3lo concede una cantidad limitada cada a\u00f1o, por lo que suele haber un periodo de espera que var\u00eda en funci\u00f3n de la categor\u00eda de preferencia familiar que se aplique a tu caso. Las categor\u00edas de preferencia familiar son las siguientes, de mayor a menor preferencia:<\/p>\n<ul>\n<li>Los hijos solteros adultos de ciudadanos estadounidenses<\/li>\n<li>Los hijos adultos solteros, los hijos menores y los c\u00f3nyuges de residentes legales permanentes<\/li>\n<li>Los hijos e hijas casados de ciudadanos estadounidenses, as\u00ed como sus c\u00f3nyuges e hijos menores de edad.<\/li>\n<li>Los hermanos de ciudadanos estadounidenses, as\u00ed como sus c\u00f3nyuges e hijos menores de edad<\/li>\n<\/ul>\n<p>Los ciudadanos estadounidenses tambi\u00e9n pueden traer a su prometido a este pa\u00eds poco antes de la boda. Esto es posible mediante el visado K-1, tambi\u00e9n conocido como visado de prometido. Para tener derecho a ello, debes casarte en los 90 d\u00edas siguientes a la llegada de tu prometido a EE.UU. Despu\u00e9s de la boda, puedes solicitar el ajuste de su estatus en este pa\u00eds para que obtengan la residencia permanente como titulares de la tarjeta verde.<\/p>\n<p>Los abogados especializados en inmigraci\u00f3n familiar pueden ayudarte a decidir qu\u00e9 visado se adapta a tu situaci\u00f3n, dependiendo de a qui\u00e9n desees traer a EE.UU. y de si eres ciudadano estadounidense o residente permanente.<\/p>\n<p><strong><a href=\"https:\/\/www.chidoluelaw.com\/contact\/\">Ponte en contacto con<\/a> nuestro bufete de abogados en el <a href=\"tel:407-871-3643\">407-995-6567<\/a> hoy mismo para hablar con un abogado de inmigraci\u00f3n familiar atento y con experiencia. <\/strong><\/p>\n<h2>\u00bfC\u00f3mo funciona el proceso de inmigraci\u00f3n familiar?<\/h2>\n<p>Una vez que tu abogado te comunique para qu\u00e9 visado cumples los requisitos, tendr\u00e1s que iniciar el proceso de probar determinados elementos de tu caso. Los datos que debes acreditar depender\u00e1n del tipo de visado que solicites y de si quieres apadrinar a familiares directos o a miembros de la familia extensa.<\/p>\n<h3>Situaci\u00f3n financiera<\/h3>\n<p>Independientemente del visado, normalmente tendr\u00e1s que demostrar que tu situaci\u00f3n econ\u00f3mica es suficiente para pagar los gastos de manutenci\u00f3n de tu familiar cuando se mude contigo. Tambi\u00e9n debes rellenar determinados formularios legales y aportar documentaci\u00f3n acreditativa de tu parentesco y elegibilidad.<\/p>\n<p>Por ejemplo, tendr\u00e1s que presentar el formulario de Petici\u00f3n de Familiar Extranjero por cada familiar al que quieras ayudar a obtener la tarjeta verde. Junto con este formulario, tendr\u00e1s que demostrar que eres ciudadano estadounidense o residente legal permanente mediante documentos que incluyan tu partida de nacimiento, pasaporte, tarjeta verde o certificado de ciudadan\u00eda.<\/p>\n<h3>Prueba de parentesco<\/h3>\n<p>Tambi\u00e9n deber\u00e1s presentar pruebas de tu relaci\u00f3n con la persona a la que apadrinas, como un certificado de nacimiento que demuestre que eres el padre de tu hijo o facturas que demuestren que t\u00fa y tu prometido compart\u00eds las finanzas. Las declaraciones juradas de testigos conocedores de vuestra relaci\u00f3n tambi\u00e9n pueden servir de documentaci\u00f3n de apoyo en tu caso.<\/p>\n<h3>Control gubernamental<\/h3>\n<p>Una vez que el gobierno tenga todos los documentos necesarios, es probable que solicite que tu familiar se someta a un reconocimiento m\u00e9dico, a una comprobaci\u00f3n de antecedentes penales y a entrevistas. Abogados de inmigraci\u00f3n familiar de confianza pueden guiarte a trav\u00e9s de este proceso, as\u00ed que ponte en contacto con The Chidolue Law Firm para iniciar hoy mismo tu caso con la ayuda de un equipo compasivo.<\/p>\n<h2>\u00bfC\u00f3mo puede ayudarte un abogado de inmigraci\u00f3n familiar?<\/h2>\n<p>Si est\u00e1s considerando la inmigraci\u00f3n familiar como forma de traer a tus seres queridos a este pa\u00eds, debes ponerte en contacto con nuestro bufete de abogados especializados en inmigraci\u00f3n familiar. Nuestro equipo jur\u00eddico estar\u00e1 encantado de revisar tu situaci\u00f3n para determinar qu\u00e9 visado ser\u00eda el adecuado para ti como ciudadano estadounidense o residente permanente que est\u00e1 pensando en patrocinar a miembros de tu familia.<\/p>\n<p>En The Chidolue Law Firm, comprendemos el deseo de estar rodeado de la familia mientras se vive en EE.UU., ya que nuestro abogado experto en inmigraci\u00f3n sent\u00eda lo mismo antes de ayudar a las familias a inmigrar aqu\u00ed. Tambi\u00e9n somos conscientes de que la inmigraci\u00f3n familiar es un proceso complejo que tanto a los ciudadanos estadounidenses como a los residentes permanentes puede resultarles abrumador sin ayuda. Por eso te instamos a que te pongas en contacto con nosotros para hablar de nuestra amplia gama de servicios de inmigraci\u00f3n con un abogado atento que entienda la ley de inmigraci\u00f3n estadounidense.<\/p>\n<h2>Por qu\u00e9 consultar al bufete Chidolue<\/h2>\n<p>Consultar a un abogado de inmigraci\u00f3n familiar es esencial cuando intentas trasladar a tus seres queridos a EE.UU. La inmigraci\u00f3n familiar puede ser un proceso complejo y emotivo, pero con la orientaci\u00f3n adecuada, puedes reunirte con \u00e9xito con tus familiares directos. Un abogado experimentado navegar\u00e1 por el sistema legal, te explicar\u00e1 tus opciones y te guiar\u00e1 por los pasos para solicitar visados o tarjetas de residencia por motivos familiares. Se asegurar\u00e1 de que tus seres queridos cumplan todos los requisitos de elegibilidad y presenten solicitudes precisas y puntuales para evitar retrasos innecesarios. Tanto si ayudas a un c\u00f3nyuge, a un hijo o a un padre, un abogado compasivo proteger\u00e1 la situaci\u00f3n legal de tu familia y defender\u00e1 tu caso, asegur\u00e1ndose de que puedas traerlos a casa con seguridad. Teniendo a un profesional a tu lado, puedes reducir el estr\u00e9s y avanzar con confianza, sabiendo que tu familia est\u00e1 en buenas manos con los servicios de inmigraci\u00f3n adecuados.<\/p>\n<h2>Contacta con nosotros<\/h2>\n<p>Cuando nos llames al <a href=\"tel:407-871-3643\">407-995-6567<\/a>, tendr\u00e1s una primera consulta gratuita con nuestro equipo jur\u00eddico para obtener respuestas a tus preguntas y asesoramiento sobre c\u00f3mo empezar.<\/p>\n<p><strong>Habla <a href=\"https:\/\/www.chidoluelaw.com\/contact\/\">con nosotros<\/a> hoy mismo si est\u00e1s deseando aprender a gestionar con \u00e9xito tu caso de inmigraci\u00f3n familiar.<\/strong><\/p>\n","protected":false},"excerpt":{"rendered":"<p>Utilizar los conocimientos jur\u00eddicos para unir a las familias Tanto si has obtenido la nacionalidad estadounidense como la residencia permanente, es posible que eches de menos a familiares cercanos que a\u00fan residen en tu pa\u00eds de origen. Afortunadamente, puede haber una forma de traerlos a EE.UU. para que vivan contigo, siempre que cumplas ciertos criterios [&hellip;]<\/p>\n","protected":false},"author":31,"featured_media":14466,"parent":0,"menu_order":0,"comment_status":"closed","ping_status":"closed","template":"","meta":{"site-sidebar-layout":"default","site-content-layout":"","ast-site-content-layout":"default","site-content-style":"default","site-sidebar-style":"default","ast-global-header-display":"","ast-banner-title-visibility":"","ast-main-header-display":"","ast-hfb-above-header-display":"","ast-hfb-below-header-display":"","ast-hfb-mobile-header-display":"","site-post-title":"","ast-breadcrumbs-content":"","ast-featured-img":"","footer-sml-layout":"","ast-disable-related-posts":"","theme-transparent-header-meta":"default","adv-header-id-meta":"","stick-header-meta":"","header-above-stick-meta":"","header-main-stick-meta":"","header-below-stick-meta":"","astra-migrate-meta-layouts":"set","ast-page-background-enabled":"default","ast-page-background-meta":{"desktop":{"background-color":"var(--ast-global-color-4)","background-image":"","background-repeat":"repeat","background-position":"center center","background-size":"auto","background-attachment":"scroll","background-type":"","background-media":"","overlay-type":"","overlay-color":"","overlay-opacity":"","overlay-gradient":""},"tablet":{"background-color":"","background-image":"","background-repeat":"repeat","background-position":"center center","background-size":"auto","background-attachment":"scroll","background-type":"","background-media":"","overlay-type":"","overlay-color":"","overlay-opacity":"","overlay-gradient":""},"mobile":{"background-color":"","background-image":"","background-repeat":"repeat","background-position":"center center","background-size":"auto","background-attachment":"scroll","background-type":"","background-media":"","overlay-type":"","overlay-color":"","overlay-opacity":"","overlay-gradient":""}},"ast-content-background-meta":{"desktop":{"background-color":"var(--ast-global-color-5)","background-image":"","background-repeat":"repeat","background-position":"center center","background-size":"auto","background-attachment":"scroll","background-type":"","background-media":"","overlay-type":"","overlay-color":"","overlay-opacity":"","overlay-gradient":""},"tablet":{"background-color":"var(--ast-global-color-5)","background-image":"","background-repeat":"repeat","background-position":"center center","background-size":"auto","background-attachment":"scroll","background-type":"","background-media":"","overlay-type":"","overlay-color":"","overlay-opacity":"","overlay-gradient":""},"mobile":{"background-color":"var(--ast-global-color-5)","background-image":"","background-repeat":"repeat","background-position":"center center","background-size":"auto","background-attachment":"scroll","background-type":"","background-media":"","overlay-type":"","overlay-color":"","overlay-opacity":"","overlay-gradient":""}},"footnotes":""},"class_list":["post-15009","page","type-page","status-publish","has-post-thumbnail","hentry"],"yoast_head":"<!-- This site is optimized with the Yoast SEO plugin v27.3 - https:\/\/yoast.com\/product\/yoast-seo-wordpress\/ -->\n<title>Abogado de inmigraci\u00f3n familiar en todo el pa\u00eds<\/title>\n<meta name=\"description\" content=\"\u00bfEsperas ayudar a tus familiares a emigrar a EE.UU.? Ponte en contacto con nuestro abogado de inmigraci\u00f3n familiar para saber c\u00f3mo empezar.\" \/>\n<meta name=\"robots\" content=\"index, follow, max-snippet:-1, max-image-preview:large, max-video-preview:-1\" \/>\n<link rel=\"canonical\" href=\"https:\/\/www.chidoluelaw.com\/es\/abogado-de-inmigracion-familiar\/\" \/>\n<meta property=\"og:locale\" content=\"es_ES\" \/>\n<meta property=\"og:type\" content=\"article\" \/>\n<meta property=\"og:title\" content=\"Abogado de inmigraci\u00f3n familiar en todo el pa\u00eds\" \/>\n<meta property=\"og:description\" content=\"\u00bfEsperas ayudar a tus familiares a emigrar a EE.UU.? Ponte en contacto con nuestro abogado de inmigraci\u00f3n familiar para saber c\u00f3mo empezar.\" \/>\n<meta property=\"og:url\" content=\"https:\/\/www.chidoluelaw.com\/es\/abogado-de-inmigracion-familiar\/\" \/>\n<meta property=\"og:site_name\" content=\"The Chidolue Law Firm\" \/>\n<meta property=\"article:modified_time\" content=\"2024-11-26T14:47:46+00:00\" \/>\n<meta name=\"twitter:card\" content=\"summary_large_image\" \/>\n<meta name=\"twitter:label1\" content=\"Tiempo de lectura\" \/>\n\t<meta name=\"twitter:data1\" content=\"7 minutos\" \/>\n<!-- \/ Yoast SEO plugin. -->","yoast_head_json":{"title":"Abogado de inmigraci\u00f3n familiar en todo el pa\u00eds","description":"\u00bfEsperas ayudar a tus familiares a emigrar a EE.UU.? Ponte en contacto con nuestro abogado de inmigraci\u00f3n familiar para saber c\u00f3mo empezar.","robots":{"index":"index","follow":"follow","max-snippet":"max-snippet:-1","max-image-preview":"max-image-preview:large","max-video-preview":"max-video-preview:-1"},"canonical":"https:\/\/www.chidoluelaw.com\/es\/abogado-de-inmigracion-familiar\/","og_locale":"es_ES","og_type":"article","og_title":"Abogado de inmigraci\u00f3n familiar en todo el pa\u00eds","og_description":"\u00bfEsperas ayudar a tus familiares a emigrar a EE.UU.? Ponte en contacto con nuestro abogado de inmigraci\u00f3n familiar para saber c\u00f3mo empezar.","og_url":"https:\/\/www.chidoluelaw.com\/es\/abogado-de-inmigracion-familiar\/","og_site_name":"The Chidolue Law Firm","article_modified_time":"2024-11-26T14:47:46+00:00","twitter_card":"summary_large_image","twitter_misc":{"Tiempo de lectura":"7 minutos"},"schema":{"@context":"https:\/\/schema.org","@graph":[{"@type":"WebPage","@id":"https:\/\/www.chidoluelaw.com\/es\/abogado-de-inmigracion-familiar\/","url":"https:\/\/www.chidoluelaw.com\/es\/abogado-de-inmigracion-familiar\/","name":"Abogado de inmigraci\u00f3n familiar en todo el pa\u00eds","isPartOf":{"@id":"https:\/\/www.chidoluelaw.com\/es\/#website"},"primaryImageOfPage":{"@id":"https:\/\/www.chidoluelaw.com\/es\/abogado-de-inmigracion-familiar\/#primaryimage"},"image":{"@id":"https:\/\/www.chidoluelaw.com\/es\/abogado-de-inmigracion-familiar\/#primaryimage"},"thumbnailUrl":"https:\/\/www.chidoluelaw.com\/wp-content\/uploads\/2024\/03\/fetured-1.svg","datePublished":"2024-03-22T12:30:23+00:00","dateModified":"2024-11-26T14:47:46+00:00","description":"\u00bfEsperas ayudar a tus familiares a emigrar a EE.UU.? Ponte en contacto con nuestro abogado de inmigraci\u00f3n familiar para saber c\u00f3mo empezar.","breadcrumb":{"@id":"https:\/\/www.chidoluelaw.com\/es\/abogado-de-inmigracion-familiar\/#breadcrumb"},"inLanguage":"es","potentialAction":[{"@type":"ReadAction","target":["https:\/\/www.chidoluelaw.com\/es\/abogado-de-inmigracion-familiar\/"]}]},{"@type":"ImageObject","inLanguage":"es","@id":"https:\/\/www.chidoluelaw.com\/es\/abogado-de-inmigracion-familiar\/#primaryimage","url":"https:\/\/www.chidoluelaw.com\/wp-content\/uploads\/2024\/03\/fetured-1.svg","contentUrl":"https:\/\/www.chidoluelaw.com\/wp-content\/uploads\/2024\/03\/fetured-1.svg"},{"@type":"BreadcrumbList","@id":"https:\/\/www.chidoluelaw.com\/es\/abogado-de-inmigracion-familiar\/#breadcrumb","itemListElement":[{"@type":"ListItem","position":1,"name":"Home","item":"https:\/\/www.chidoluelaw.com\/es\/"},{"@type":"ListItem","position":2,"name":"Abogado de inmigraci\u00f3n familiar"}]},{"@type":"WebSite","@id":"https:\/\/www.chidoluelaw.com\/es\/#website","url":"https:\/\/www.chidoluelaw.com\/es\/","name":"The Chidolue Law Firm","description":"","publisher":{"@id":"https:\/\/www.chidoluelaw.com\/es\/#organization"},"potentialAction":[{"@type":"SearchAction","target":{"@type":"EntryPoint","urlTemplate":"https:\/\/www.chidoluelaw.com\/es\/?s={search_term_string}"},"query-input":{"@type":"PropertyValueSpecification","valueRequired":true,"valueName":"search_term_string"}}],"inLanguage":"es"},{"@type":"Organization","@id":"https:\/\/www.chidoluelaw.com\/es\/#organization","name":"The Chidolue Law Firm","url":"https:\/\/www.chidoluelaw.com\/es\/","logo":{"@type":"ImageObject","inLanguage":"es","@id":"https:\/\/www.chidoluelaw.com\/es\/#\/schema\/logo\/image\/","url":"https:\/\/www.chidoluelaw.com\/wp-content\/uploads\/2024\/03\/logo-w.svg","contentUrl":"https:\/\/www.chidoluelaw.com\/wp-content\/uploads\/2024\/03\/logo-w.svg","caption":"The Chidolue Law Firm"},"image":{"@id":"https:\/\/www.chidoluelaw.com\/es\/#\/schema\/logo\/image\/"}}]}},"_links":{"self":[{"href":"https:\/\/www.chidoluelaw.com\/es\/wp-json\/wp\/v2\/pages\/15009","targetHints":{"allow":["GET"]}}],"collection":[{"href":"https:\/\/www.chidoluelaw.com\/es\/wp-json\/wp\/v2\/pages"}],"about":[{"href":"https:\/\/www.chidoluelaw.com\/es\/wp-json\/wp\/v2\/types\/page"}],"author":[{"embeddable":true,"href":"https:\/\/www.chidoluelaw.com\/es\/wp-json\/wp\/v2\/users\/31"}],"replies":[{"embeddable":true,"href":"https:\/\/www.chidoluelaw.com\/es\/wp-json\/wp\/v2\/comments?post=15009"}],"version-history":[{"count":0,"href":"https:\/\/www.chidoluelaw.com\/es\/wp-json\/wp\/v2\/pages\/15009\/revisions"}],"wp:featuredmedia":[{"embeddable":true,"href":"https:\/\/www.chidoluelaw.com\/es\/wp-json\/wp\/v2\/media\/14466"}],"wp:attachment":[{"href":"https:\/\/www.chidoluelaw.com\/es\/wp-json\/wp\/v2\/media?parent=15009"}],"curies":[{"name":"wp","href":"https:\/\/api.w.org\/{rel}","templated":true}]}}