{"id":15008,"date":"2024-04-23T12:57:05","date_gmt":"2024-04-23T12:57:05","guid":{"rendered":"https:\/\/www.chidoluelaw.com\/ultimos-articulos\/"},"modified":"2025-05-23T19:11:55","modified_gmt":"2025-05-23T19:11:55","slug":"ultimos-articulos","status":"publish","type":"page","link":"https:\/\/www.chidoluelaw.com\/es\/ultimos-articulos\/","title":{"rendered":"\u00daltimos art\u00edculos"},"content":{"rendered":"<ul class=\"wp-block-latest-posts__list is-grid columns-3 has-dates wp-block-latest-posts\"><li><div class=\"wp-block-latest-posts__featured-image aligncenter\"><a href=\"https:\/\/www.chidoluelaw.com\/es\/cuales-son-los-factores-clave-que-tiene-en-cuenta-el-uscis-para-aprobar-las-exenciones-condicionales-de-expulsion-de-la-tarjeta-verde\/\" aria-label=\"\u00bfCu\u00e1les son los factores clave que tiene en cuenta el USCIS para aprobar las exenciones condicionales de expulsi\u00f3n de la tarjeta verde?\"><img decoding=\"async\" width=\"1024\" height=\"684\" src=\"https:\/\/www.chidoluelaw.com\/wp-content\/uploads\/2024\/06\/iStock-1275592654-1024x684.jpg\" class=\"attachment-large size-large wp-post-image\" alt=\"\" style=\"\" srcset=\"https:\/\/www.chidoluelaw.com\/wp-content\/uploads\/2024\/06\/iStock-1275592654-1024x684.jpg 1024w, https:\/\/www.chidoluelaw.com\/wp-content\/uploads\/2024\/06\/iStock-1275592654-300x200.jpg 300w, https:\/\/www.chidoluelaw.com\/wp-content\/uploads\/2024\/06\/iStock-1275592654-768x513.jpg 768w, https:\/\/www.chidoluelaw.com\/wp-content\/uploads\/2024\/06\/iStock-1275592654-1536x1026.jpg 1536w, https:\/\/www.chidoluelaw.com\/wp-content\/uploads\/2024\/06\/iStock-1275592654-2048x1368.jpg 2048w\" sizes=\"(max-width: 1024px) 100vw, 1024px\" \/><\/a><\/div><a class=\"wp-block-latest-posts__post-title\" href=\"https:\/\/www.chidoluelaw.com\/es\/cuales-son-los-factores-clave-que-tiene-en-cuenta-el-uscis-para-aprobar-las-exenciones-condicionales-de-expulsion-de-la-tarjeta-verde\/\">\u00bfCu\u00e1les son los factores clave que tiene en cuenta el USCIS para aprobar las exenciones condicionales de expulsi\u00f3n de la tarjeta verde?<\/a><time datetime=\"2026-02-09T23:34:57+00:00\" class=\"wp-block-latest-posts__post-date\">febrero 9, 2026<\/time><div class=\"wp-block-latest-posts__post-excerpt\">Obtener la tarjeta verde, o residencia permanente, en Estados Unidos puede ser todo un reto. Sin embargo, a muchas personas que han recibido la tarjeta verde por matrimonio se les concede la ciudadan\u00eda condicional en Estados Unidos. Este tipo de residencia est\u00e1 vinculada directamente a su matrimonio con un ciudadano estadounidense nativo, lo que significa&#8230; <a class=\"wp-block-latest-posts__read-more\" href=\"https:\/\/www.chidoluelaw.com\/es\/cuales-son-los-factores-clave-que-tiene-en-cuenta-el-uscis-para-aprobar-las-exenciones-condicionales-de-expulsion-de-la-tarjeta-verde\/\" rel=\"noopener noreferrer\">Lee m\u00e1s<span class=\"screen-reader-text\">: \u00bfCu\u00e1les son los factores clave que tiene en cuenta el USCIS para aprobar las exenciones condicionales de expulsi\u00f3n de la tarjeta verde?<\/span><\/a><\/div><\/li>\n<li><div class=\"wp-block-latest-posts__featured-image aligncenter\"><a href=\"https:\/\/www.chidoluelaw.com\/es\/el-papel-de-la-confidencialidad-en-los-casos-de-inmigracion-vawa-2\/\" aria-label=\"El papel de la confidencialidad en los casos de VAWA\"><img decoding=\"async\" width=\"1024\" height=\"681\" src=\"https:\/\/www.chidoluelaw.com\/wp-content\/uploads\/2024\/08\/bigstock-Aggression-By-A-Man-Towards-Hi-452867115-1024x681.jpg\" class=\"attachment-large size-large wp-post-image\" alt=\"\" style=\"\" srcset=\"https:\/\/www.chidoluelaw.com\/wp-content\/uploads\/2024\/08\/bigstock-Aggression-By-A-Man-Towards-Hi-452867115-1024x681.jpg 1024w, https:\/\/www.chidoluelaw.com\/wp-content\/uploads\/2024\/08\/bigstock-Aggression-By-A-Man-Towards-Hi-452867115-300x200.jpg 300w, https:\/\/www.chidoluelaw.com\/wp-content\/uploads\/2024\/08\/bigstock-Aggression-By-A-Man-Towards-Hi-452867115-768x511.jpg 768w, https:\/\/www.chidoluelaw.com\/wp-content\/uploads\/2024\/08\/bigstock-Aggression-By-A-Man-Towards-Hi-452867115-1536x1021.jpg 1536w, https:\/\/www.chidoluelaw.com\/wp-content\/uploads\/2024\/08\/bigstock-Aggression-By-A-Man-Towards-Hi-452867115.jpg 1600w\" sizes=\"(max-width: 1024px) 100vw, 1024px\" \/><\/a><\/div><a class=\"wp-block-latest-posts__post-title\" href=\"https:\/\/www.chidoluelaw.com\/es\/el-papel-de-la-confidencialidad-en-los-casos-de-inmigracion-vawa-2\/\">El papel de la confidencialidad en los casos de VAWA<\/a><time datetime=\"2026-02-04T22:36:30+00:00\" class=\"wp-block-latest-posts__post-date\">febrero 4, 2026<\/time><div class=\"wp-block-latest-posts__post-excerpt\">La VAWA puede ser un salvavidas para las inmigrantes supervivientes, pero la privacidad suele ser la primera preocupaci\u00f3n. A muchas supervivientes les preocupa que la presentaci\u00f3n de cualquier denuncia ante el gobierno exponga su ubicaci\u00f3n o desencadene el contacto con el agresor. La confidencialidad no es una promesa vaga. La ley federal establece normas estrictas&#8230; <a class=\"wp-block-latest-posts__read-more\" href=\"https:\/\/www.chidoluelaw.com\/es\/el-papel-de-la-confidencialidad-en-los-casos-de-inmigracion-vawa-2\/\" rel=\"noopener noreferrer\">Lee m\u00e1s<span class=\"screen-reader-text\">: El papel de la confidencialidad en los casos de VAWA<\/span><\/a><\/div><\/li>\n<li><div class=\"wp-block-latest-posts__featured-image aligncenter\"><a href=\"https:\/\/www.chidoluelaw.com\/es\/el-papel-de-la-confidencialidad-en-los-casos-de-inmigracion-vawa\/\" aria-label=\"El papel de la confidencialidad en los casos de inmigraci\u00f3n VAWA\"><img decoding=\"async\" width=\"1\" height=\"1\" src=\"https:\/\/www.chidoluelaw.com\/wp-content\/uploads\/2024\/03\/fetured-1.svg\" class=\"attachment-large size-large wp-post-image default-featured-img\" alt=\"\" style=\"\" \/><\/a><\/div><a class=\"wp-block-latest-posts__post-title\" href=\"https:\/\/www.chidoluelaw.com\/es\/el-papel-de-la-confidencialidad-en-los-casos-de-inmigracion-vawa\/\">El papel de la confidencialidad en los casos de inmigraci\u00f3n VAWA<\/a><time datetime=\"2024-07-03T10:18:42+00:00\" class=\"wp-block-latest-posts__post-date\">julio 3, 2024<\/time><div class=\"wp-block-latest-posts__post-excerpt\">\u00bfQu\u00e9 hago si me maltratan? Es un hecho lamentable que hoy en d\u00eda haya muchas mujeres y ni\u00f1os maltratados y abusados en nuestra sociedad. Tristemente, muchas v\u00edctimas se que se quedan con sus maltratadores debido a su estatus de inmigrantes. Quiz\u00e1 te encuentres en esta situaci\u00f3n. Si eres v\u00edctima de violencia dom\u00e9stica o malos tratos&#8230; <a class=\"wp-block-latest-posts__read-more\" href=\"https:\/\/www.chidoluelaw.com\/es\/el-papel-de-la-confidencialidad-en-los-casos-de-inmigracion-vawa\/\" rel=\"noopener noreferrer\">Lee m\u00e1s<span class=\"screen-reader-text\">: El papel de la confidencialidad en los casos de inmigraci\u00f3n VAWA<\/span><\/a><\/div><\/li>\n<li><div class=\"wp-block-latest-posts__featured-image aligncenter\"><a href=\"https:\/\/www.chidoluelaw.com\/es\/como-proporcionan-los-visados-t-un-salvavidas-a-las-victimas-de-la-trata-de-seres-humanos-en-ee-uu\/\" aria-label=\"\u00bfC\u00f3mo proporcionan los visados T un salvavidas a las v\u00edctimas de la trata de seres humanos en EE.UU.?\"><img decoding=\"async\" width=\"1024\" height=\"705\" src=\"https:\/\/www.chidoluelaw.com\/wp-content\/uploads\/2024\/07\/bigstock-183372985-1024x705.jpg\" class=\"attachment-large size-large wp-post-image\" alt=\"\" style=\"\" srcset=\"https:\/\/www.chidoluelaw.com\/wp-content\/uploads\/2024\/07\/bigstock-183372985-1024x705.jpg 1024w, https:\/\/www.chidoluelaw.com\/wp-content\/uploads\/2024\/07\/bigstock-183372985-300x206.jpg 300w, https:\/\/www.chidoluelaw.com\/wp-content\/uploads\/2024\/07\/bigstock-183372985-768x528.jpg 768w, https:\/\/www.chidoluelaw.com\/wp-content\/uploads\/2024\/07\/bigstock-183372985-1536x1057.jpg 1536w, https:\/\/www.chidoluelaw.com\/wp-content\/uploads\/2024\/07\/bigstock-183372985.jpg 1600w\" sizes=\"(max-width: 1024px) 100vw, 1024px\" \/><\/a><\/div><a class=\"wp-block-latest-posts__post-title\" href=\"https:\/\/www.chidoluelaw.com\/es\/como-proporcionan-los-visados-t-un-salvavidas-a-las-victimas-de-la-trata-de-seres-humanos-en-ee-uu\/\">\u00bfC\u00f3mo proporcionan los visados T un salvavidas a las v\u00edctimas de la trata de seres humanos en EE.UU.?<\/a><time datetime=\"2024-05-05T23:17:06+00:00\" class=\"wp-block-latest-posts__post-date\">mayo 5, 2024<\/time><div class=\"wp-block-latest-posts__post-excerpt\">Los peligros de la trata de seres humanos La trata de seres humanos es una grave violaci\u00f3n de los derechos humanos que afecta a millones de personas en todo el mundo. Es un crimen organizado que implica la captaci\u00f3n, el transporte y la explotaci\u00f3n de individuos mediante la fuerza, el fraude o la coacci\u00f3n. Las&#8230; <a class=\"wp-block-latest-posts__read-more\" href=\"https:\/\/www.chidoluelaw.com\/es\/como-proporcionan-los-visados-t-un-salvavidas-a-las-victimas-de-la-trata-de-seres-humanos-en-ee-uu\/\" rel=\"noopener noreferrer\">Lee m\u00e1s<span class=\"screen-reader-text\">: \u00bfC\u00f3mo proporcionan los visados T un salvavidas a las v\u00edctimas de la trata de seres humanos en EE.UU.?<\/span><\/a><\/div><\/li>\n<li><div class=\"wp-block-latest-posts__featured-image aligncenter\"><a href=\"https:\/\/www.chidoluelaw.com\/es\/ciudadania-y-naturalizacion-como-un-abogado-de-inmigracion-puede-guiarte-en-el-proceso\/\" aria-label=\"Ciudadan\u00eda y Naturalizaci\u00f3n: C\u00f3mo un abogado de inmigraci\u00f3n puede guiarte en el proceso\"><img decoding=\"async\" width=\"1024\" height=\"683\" src=\"https:\/\/www.chidoluelaw.com\/wp-content\/uploads\/2024\/04\/Depositphotos_123957398_L-1024x683.jpg\" class=\"attachment-large size-large wp-post-image\" alt=\"\" style=\"\" srcset=\"https:\/\/www.chidoluelaw.com\/wp-content\/uploads\/2024\/04\/Depositphotos_123957398_L-1024x683.jpg 1024w, https:\/\/www.chidoluelaw.com\/wp-content\/uploads\/2024\/04\/Depositphotos_123957398_L-300x200.jpg 300w, https:\/\/www.chidoluelaw.com\/wp-content\/uploads\/2024\/04\/Depositphotos_123957398_L-768x512.jpg 768w, https:\/\/www.chidoluelaw.com\/wp-content\/uploads\/2024\/04\/Depositphotos_123957398_L-1536x1024.jpg 1536w, https:\/\/www.chidoluelaw.com\/wp-content\/uploads\/2024\/04\/Depositphotos_123957398_L.jpg 1999w\" sizes=\"(max-width: 1024px) 100vw, 1024px\" \/><\/a><\/div><a class=\"wp-block-latest-posts__post-title\" href=\"https:\/\/www.chidoluelaw.com\/es\/ciudadania-y-naturalizacion-como-un-abogado-de-inmigracion-puede-guiarte-en-el-proceso\/\">Ciudadan\u00eda y Naturalizaci\u00f3n: C\u00f3mo un abogado de inmigraci\u00f3n puede guiarte en el proceso<\/a><time datetime=\"2024-04-23T12:49:40+00:00\" class=\"wp-block-latest-posts__post-date\">abril 23, 2024<\/time><div class=\"wp-block-latest-posts__post-excerpt\">Si no naciste en EE.UU. pero quieres disfrutar de las ventajas de la ciudadan\u00eda estadounidense, el proceso de naturalizaci\u00f3n te permite hacerlo. Por supuesto, es un proceso complejo y requiere que cumplas ciertos criterios antes de llamarte ciudadano naturalizado. Sin embargo, un abogado experto en inmigraci\u00f3n puede simplificar el proceso para que no sea tan&#8230; <a class=\"wp-block-latest-posts__read-more\" href=\"https:\/\/www.chidoluelaw.com\/es\/ciudadania-y-naturalizacion-como-un-abogado-de-inmigracion-puede-guiarte-en-el-proceso\/\" rel=\"noopener noreferrer\">Lee m\u00e1s<span class=\"screen-reader-text\">: Ciudadan\u00eda y Naturalizaci\u00f3n: C\u00f3mo un abogado de inmigraci\u00f3n puede guiarte en el proceso<\/span><\/a><\/div><\/li>\n<li><div class=\"wp-block-latest-posts__featured-image aligncenter\"><a href=\"https:\/\/www.chidoluelaw.com\/es\/evitar-las-estafas-de-inmigracion-senales-de-alarma-y-recursos-juridicos\/\" aria-label=\"Evitar las estafas de inmigraci\u00f3n: Se\u00f1ales de alarma y recursos jur\u00eddicos\"><img decoding=\"async\" width=\"1024\" height=\"699\" src=\"https:\/\/www.chidoluelaw.com\/wp-content\/uploads\/2024\/04\/Depositphotos_131618146_L-1024x699.jpg\" class=\"attachment-large size-large wp-post-image\" alt=\"\" style=\"\" srcset=\"https:\/\/www.chidoluelaw.com\/wp-content\/uploads\/2024\/04\/Depositphotos_131618146_L-1024x699.jpg 1024w, https:\/\/www.chidoluelaw.com\/wp-content\/uploads\/2024\/04\/Depositphotos_131618146_L-300x205.jpg 300w, https:\/\/www.chidoluelaw.com\/wp-content\/uploads\/2024\/04\/Depositphotos_131618146_L-768x525.jpg 768w, https:\/\/www.chidoluelaw.com\/wp-content\/uploads\/2024\/04\/Depositphotos_131618146_L-1536x1049.jpg 1536w, https:\/\/www.chidoluelaw.com\/wp-content\/uploads\/2024\/04\/Depositphotos_131618146_L.jpg 2000w\" sizes=\"(max-width: 1024px) 100vw, 1024px\" \/><\/a><\/div><a class=\"wp-block-latest-posts__post-title\" href=\"https:\/\/www.chidoluelaw.com\/es\/evitar-las-estafas-de-inmigracion-senales-de-alarma-y-recursos-juridicos\/\">Evitar las estafas de inmigraci\u00f3n: Se\u00f1ales de alarma y recursos jur\u00eddicos<\/a><time datetime=\"2024-04-22T12:51:51+00:00\" class=\"wp-block-latest-posts__post-date\">abril 22, 2024<\/time><div class=\"wp-block-latest-posts__post-excerpt\">La ley de inmigraci\u00f3n es confusa, y muchas personas que buscan opciones de inmigraci\u00f3n tienen prisa por encontrar las mejores, sobre todo con un presupuesto limitado. Por desgracia, algunos individuos lo saben y se aprovechan de ello, aprovech\u00e1ndose de personas que simplemente quieren una vida mejor para s\u00ed mismas y para los miembros de su&#8230; <a class=\"wp-block-latest-posts__read-more\" href=\"https:\/\/www.chidoluelaw.com\/es\/evitar-las-estafas-de-inmigracion-senales-de-alarma-y-recursos-juridicos\/\" rel=\"noopener noreferrer\">Lee m\u00e1s<span class=\"screen-reader-text\">: Evitar las estafas de inmigraci\u00f3n: Se\u00f1ales de alarma y recursos jur\u00eddicos<\/span><\/a><\/div><\/li>\n<li><div class=\"wp-block-latest-posts__featured-image aligncenter\"><a href=\"https:\/\/www.chidoluelaw.com\/es\/matrimonio-homosexual-y-derechos-familiares-de-inmigracion\/\" aria-label=\"Matrimonio homosexual y derechos familiares de inmigraci\u00f3n\"><img decoding=\"async\" width=\"1024\" height=\"684\" src=\"https:\/\/www.chidoluelaw.com\/wp-content\/uploads\/2024\/04\/Depositphotos_557727302_L-1024x684.jpg\" class=\"attachment-large size-large wp-post-image\" alt=\"\" style=\"\" srcset=\"https:\/\/www.chidoluelaw.com\/wp-content\/uploads\/2024\/04\/Depositphotos_557727302_L-1024x684.jpg 1024w, https:\/\/www.chidoluelaw.com\/wp-content\/uploads\/2024\/04\/Depositphotos_557727302_L-300x200.jpg 300w, https:\/\/www.chidoluelaw.com\/wp-content\/uploads\/2024\/04\/Depositphotos_557727302_L-768x513.jpg 768w, https:\/\/www.chidoluelaw.com\/wp-content\/uploads\/2024\/04\/Depositphotos_557727302_L-1536x1025.jpg 1536w, https:\/\/www.chidoluelaw.com\/wp-content\/uploads\/2024\/04\/Depositphotos_557727302_L.jpg 2000w\" sizes=\"(max-width: 1024px) 100vw, 1024px\" \/><\/a><\/div><a class=\"wp-block-latest-posts__post-title\" href=\"https:\/\/www.chidoluelaw.com\/es\/matrimonio-homosexual-y-derechos-familiares-de-inmigracion\/\">Matrimonio homosexual y derechos familiares de inmigraci\u00f3n<\/a><time datetime=\"2024-04-21T12:50:22+00:00\" class=\"wp-block-latest-posts__post-date\">abril 21, 2024<\/time><div class=\"wp-block-latest-posts__post-excerpt\">Tras a\u00f1os en los que el gobierno les ha negado ciertos derechos, es comprensible que los miembros de la comunidad LGBTQ se preocupen a menudo de si tienen los mismos derechos de inmigraci\u00f3n que los dem\u00e1s. Afortunadamente, la respuesta es s\u00ed, las personas con matrimonios del mismo sexo pueden apadrinar a su c\u00f3nyuge y a&#8230; <a class=\"wp-block-latest-posts__read-more\" href=\"https:\/\/www.chidoluelaw.com\/es\/matrimonio-homosexual-y-derechos-familiares-de-inmigracion\/\" rel=\"noopener noreferrer\">Lee m\u00e1s<span class=\"screen-reader-text\">: Matrimonio homosexual y derechos familiares de inmigraci\u00f3n<\/span><\/a><\/div><\/li>\n<li><div class=\"wp-block-latest-posts__featured-image aligncenter\"><a href=\"https:\/\/www.chidoluelaw.com\/es\/como-pueden-las-victimas-de-malos-tratos-domesticos-navegar-con-exito-por-el-proceso-de-autopeticion-de-la-vawa\/\" aria-label=\"\u00bfC\u00f3mo pueden las v\u00edctimas de malos tratos dom\u00e9sticos navegar con \u00e9xito por el proceso de autopetici\u00f3n de la VAWA?\"><img decoding=\"async\" width=\"1024\" height=\"683\" src=\"https:\/\/www.chidoluelaw.com\/wp-content\/uploads\/2024\/07\/bigstock-Close-up-Of-Angry-Husband-Pull-440133350-1024x683.jpg\" class=\"attachment-large size-large wp-post-image\" alt=\"\" style=\"\" srcset=\"https:\/\/www.chidoluelaw.com\/wp-content\/uploads\/2024\/07\/bigstock-Close-up-Of-Angry-Husband-Pull-440133350-1024x683.jpg 1024w, https:\/\/www.chidoluelaw.com\/wp-content\/uploads\/2024\/07\/bigstock-Close-up-Of-Angry-Husband-Pull-440133350-300x200.jpg 300w, https:\/\/www.chidoluelaw.com\/wp-content\/uploads\/2024\/07\/bigstock-Close-up-Of-Angry-Husband-Pull-440133350-768x512.jpg 768w, https:\/\/www.chidoluelaw.com\/wp-content\/uploads\/2024\/07\/bigstock-Close-up-Of-Angry-Husband-Pull-440133350-1536x1024.jpg 1536w, https:\/\/www.chidoluelaw.com\/wp-content\/uploads\/2024\/07\/bigstock-Close-up-Of-Angry-Husband-Pull-440133350-2048x1366.jpg 2048w\" sizes=\"(max-width: 1024px) 100vw, 1024px\" \/><\/a><\/div><a class=\"wp-block-latest-posts__post-title\" href=\"https:\/\/www.chidoluelaw.com\/es\/como-pueden-las-victimas-de-malos-tratos-domesticos-navegar-con-exito-por-el-proceso-de-autopeticion-de-la-vawa\/\">\u00bfC\u00f3mo pueden las v\u00edctimas de malos tratos dom\u00e9sticos navegar con \u00e9xito por el proceso de autopetici\u00f3n de la VAWA?<\/a><time datetime=\"2024-04-05T21:53:41+00:00\" class=\"wp-block-latest-posts__post-date\">abril 5, 2024<\/time><div class=\"wp-block-latest-posts__post-excerpt\">\u00bfQu\u00e9 es la autopetici\u00f3n VAWA? La Ley sobre la Violencia contra las Mujeres, o VAWA, fue aprobada por el Congreso en 1994 para crear una v\u00eda de inmigraci\u00f3n legal para las v\u00edctimas de malos tratos dom\u00e9sticos, que normalmente depender\u00edan de sus agresores para solicitar el estatuto en su nombre. Esto permite a las v\u00edctimas de&#8230; <a class=\"wp-block-latest-posts__read-more\" href=\"https:\/\/www.chidoluelaw.com\/es\/como-pueden-las-victimas-de-malos-tratos-domesticos-navegar-con-exito-por-el-proceso-de-autopeticion-de-la-vawa\/\" rel=\"noopener noreferrer\">Lee m\u00e1s<span class=\"screen-reader-text\">: \u00bfC\u00f3mo pueden las v\u00edctimas de malos tratos dom\u00e9sticos navegar con \u00e9xito por el proceso de autopetici\u00f3n de la VAWA?<\/span><\/a><\/div><\/li>\n<\/ul>\n\n\n<p><\/p>\n","protected":false},"excerpt":{"rendered":"","protected":false},"author":31,"featured_media":14466,"parent":0,"menu_order":0,"comment_status":"closed","ping_status":"closed","template":"page-templates\/blog-page.php","meta":{"site-sidebar-layout":"default","site-content-layout":"","ast-site-content-layout":"default","site-content-style":"default","site-sidebar-style":"default","ast-global-header-display":"","ast-banner-title-visibility":"","ast-main-header-display":"","ast-hfb-above-header-display":"","ast-hfb-below-header-display":"","ast-hfb-mobile-header-display":"","site-post-title":"","ast-breadcrumbs-content":"","ast-featured-img":"","footer-sml-layout":"","ast-disable-related-posts":"","theme-transparent-header-meta":"default","adv-header-id-meta":"","stick-header-meta":"","header-above-stick-meta":"","header-main-stick-meta":"","header-below-stick-meta":"","astra-migrate-meta-layouts":"default","ast-page-background-enabled":"default","ast-page-background-meta":{"desktop":{"background-color":"var(--ast-global-color-4)","background-image":"","background-repeat":"repeat","background-position":"center center","background-size":"auto","background-attachment":"scroll","background-type":"","background-media":"","overlay-type":"","overlay-color":"","overlay-opacity":"","overlay-gradient":""},"tablet":{"background-color":"","background-image":"","background-repeat":"repeat","background-position":"center center","background-size":"auto","background-attachment":"scroll","background-type":"","background-media":"","overlay-type":"","overlay-color":"","overlay-opacity":"","overlay-gradient":""},"mobile":{"background-color":"","background-image":"","background-repeat":"repeat","background-position":"center center","background-size":"auto","background-attachment":"scroll","background-type":"","background-media":"","overlay-type":"","overlay-color":"","overlay-opacity":"","overlay-gradient":""}},"ast-content-background-meta":{"desktop":{"background-color":"var(--ast-global-color-5)","background-image":"","background-repeat":"repeat","background-position":"center center","background-size":"auto","background-attachment":"scroll","background-type":"","background-media":"","overlay-type":"","overlay-color":"","overlay-opacity":"","overlay-gradient":""},"tablet":{"background-color":"var(--ast-global-color-5)","background-image":"","background-repeat":"repeat","background-position":"center center","background-size":"auto","background-attachment":"scroll","background-type":"","background-media":"","overlay-type":"","overlay-color":"","overlay-opacity":"","overlay-gradient":""},"mobile":{"background-color":"var(--ast-global-color-5)","background-image":"","background-repeat":"repeat","background-position":"center center","background-size":"auto","background-attachment":"scroll","background-type":"","background-media":"","overlay-type":"","overlay-color":"","overlay-opacity":"","overlay-gradient":""}},"footnotes":""},"class_list":["post-15008","page","type-page","status-publish","has-post-thumbnail","hentry"],"yoast_head":"<!-- This site is optimized with the Yoast SEO plugin v27.4 - https:\/\/yoast.com\/product\/yoast-seo-wordpress\/ -->\n<title>Blog de Derecho de Inmigraci\u00f3n | The Chidolue Law Firm<\/title>\n<meta name=\"description\" content=\"\u00daltimos art\u00edculos - The Chidolue Law Firm\" \/>\n<meta name=\"robots\" content=\"index, follow, max-snippet:-1, max-image-preview:large, max-video-preview:-1\" \/>\n<link rel=\"canonical\" href=\"https:\/\/www.chidoluelaw.com\/es\/ultimos-articulos\/\" \/>\n<meta property=\"og:locale\" content=\"es_ES\" \/>\n<meta property=\"og:type\" content=\"article\" \/>\n<meta property=\"og:title\" content=\"Blog de Derecho de Inmigraci\u00f3n | The Chidolue Law Firm\" \/>\n<meta property=\"og:description\" content=\"\u00daltimos art\u00edculos - The Chidolue Law Firm\" \/>\n<meta property=\"og:url\" content=\"https:\/\/www.chidoluelaw.com\/es\/ultimos-articulos\/\" \/>\n<meta property=\"og:site_name\" content=\"The Chidolue Law Firm\" \/>\n<meta property=\"article:modified_time\" content=\"2025-05-23T19:11:55+00:00\" \/>\n<meta name=\"twitter:card\" content=\"summary_large_image\" \/>\n<!-- \/ Yoast SEO plugin. -->","yoast_head_json":{"title":"Blog de Derecho de Inmigraci\u00f3n | The Chidolue Law Firm","description":"\u00daltimos art\u00edculos - The Chidolue Law Firm","robots":{"index":"index","follow":"follow","max-snippet":"max-snippet:-1","max-image-preview":"max-image-preview:large","max-video-preview":"max-video-preview:-1"},"canonical":"https:\/\/www.chidoluelaw.com\/es\/ultimos-articulos\/","og_locale":"es_ES","og_type":"article","og_title":"Blog de Derecho de Inmigraci\u00f3n | The Chidolue Law Firm","og_description":"\u00daltimos art\u00edculos - The Chidolue Law Firm","og_url":"https:\/\/www.chidoluelaw.com\/es\/ultimos-articulos\/","og_site_name":"The Chidolue Law Firm","article_modified_time":"2025-05-23T19:11:55+00:00","twitter_card":"summary_large_image","schema":{"@context":"https:\/\/schema.org","@graph":[{"@type":"WebPage","@id":"https:\/\/www.chidoluelaw.com\/es\/ultimos-articulos\/","url":"https:\/\/www.chidoluelaw.com\/es\/ultimos-articulos\/","name":"Blog de Derecho de Inmigraci\u00f3n | The Chidolue Law Firm","isPartOf":{"@id":"https:\/\/www.chidoluelaw.com\/es\/#website"},"primaryImageOfPage":{"@id":"https:\/\/www.chidoluelaw.com\/es\/ultimos-articulos\/#primaryimage"},"image":{"@id":"https:\/\/www.chidoluelaw.com\/es\/ultimos-articulos\/#primaryimage"},"thumbnailUrl":"https:\/\/www.chidoluelaw.com\/wp-content\/uploads\/2024\/03\/fetured-1.svg","datePublished":"2024-04-23T12:57:05+00:00","dateModified":"2025-05-23T19:11:55+00:00","description":"\u00daltimos art\u00edculos - The Chidolue Law Firm","breadcrumb":{"@id":"https:\/\/www.chidoluelaw.com\/es\/ultimos-articulos\/#breadcrumb"},"inLanguage":"es","potentialAction":[{"@type":"ReadAction","target":["https:\/\/www.chidoluelaw.com\/es\/ultimos-articulos\/"]}]},{"@type":"ImageObject","inLanguage":"es","@id":"https:\/\/www.chidoluelaw.com\/es\/ultimos-articulos\/#primaryimage","url":"https:\/\/www.chidoluelaw.com\/wp-content\/uploads\/2024\/03\/fetured-1.svg","contentUrl":"https:\/\/www.chidoluelaw.com\/wp-content\/uploads\/2024\/03\/fetured-1.svg"},{"@type":"BreadcrumbList","@id":"https:\/\/www.chidoluelaw.com\/es\/ultimos-articulos\/#breadcrumb","itemListElement":[{"@type":"ListItem","position":1,"name":"Home","item":"https:\/\/www.chidoluelaw.com\/es\/"},{"@type":"ListItem","position":2,"name":"\u00daltimos art\u00edculos"}]},{"@type":"WebSite","@id":"https:\/\/www.chidoluelaw.com\/es\/#website","url":"https:\/\/www.chidoluelaw.com\/es\/","name":"The Chidolue Law Firm","description":"","publisher":{"@id":"https:\/\/www.chidoluelaw.com\/es\/#organization"},"potentialAction":[{"@type":"SearchAction","target":{"@type":"EntryPoint","urlTemplate":"https:\/\/www.chidoluelaw.com\/es\/?s={search_term_string}"},"query-input":{"@type":"PropertyValueSpecification","valueRequired":true,"valueName":"search_term_string"}}],"inLanguage":"es"},{"@type":"Organization","@id":"https:\/\/www.chidoluelaw.com\/es\/#organization","name":"The Chidolue Law Firm","url":"https:\/\/www.chidoluelaw.com\/es\/","logo":{"@type":"ImageObject","inLanguage":"es","@id":"https:\/\/www.chidoluelaw.com\/es\/#\/schema\/logo\/image\/","url":"https:\/\/www.chidoluelaw.com\/wp-content\/uploads\/2024\/03\/logo-w.svg","contentUrl":"https:\/\/www.chidoluelaw.com\/wp-content\/uploads\/2024\/03\/logo-w.svg","caption":"The Chidolue Law Firm"},"image":{"@id":"https:\/\/www.chidoluelaw.com\/es\/#\/schema\/logo\/image\/"}}]}},"_links":{"self":[{"href":"https:\/\/www.chidoluelaw.com\/es\/wp-json\/wp\/v2\/pages\/15008","targetHints":{"allow":["GET"]}}],"collection":[{"href":"https:\/\/www.chidoluelaw.com\/es\/wp-json\/wp\/v2\/pages"}],"about":[{"href":"https:\/\/www.chidoluelaw.com\/es\/wp-json\/wp\/v2\/types\/page"}],"author":[{"embeddable":true,"href":"https:\/\/www.chidoluelaw.com\/es\/wp-json\/wp\/v2\/users\/31"}],"replies":[{"embeddable":true,"href":"https:\/\/www.chidoluelaw.com\/es\/wp-json\/wp\/v2\/comments?post=15008"}],"version-history":[{"count":0,"href":"https:\/\/www.chidoluelaw.com\/es\/wp-json\/wp\/v2\/pages\/15008\/revisions"}],"wp:featuredmedia":[{"embeddable":true,"href":"https:\/\/www.chidoluelaw.com\/es\/wp-json\/wp\/v2\/media\/14466"}],"wp:attachment":[{"href":"https:\/\/www.chidoluelaw.com\/es\/wp-json\/wp\/v2\/media?parent=15008"}],"curies":[{"name":"wp","href":"https:\/\/api.w.org\/{rel}","templated":true}]}}