{"id":15001,"date":"2024-03-01T07:31:42","date_gmt":"2024-03-01T07:31:42","guid":{"rendered":"https:\/\/www.chidoluelaw.com\/acerca-de\/"},"modified":"2026-02-24T22:10:27","modified_gmt":"2026-02-24T22:10:27","slug":"acerca-de","status":"publish","type":"page","link":"https:\/\/www.chidoluelaw.com\/es\/acerca-de\/","title":{"rendered":"Acerca de"},"content":{"rendered":"<h1>Nuestro equipo<\/h1>\n<p>Como orgullosa hija de inmigrantes nigerianos, Ayesha Chidolue vio la importancia de unos servicios jur\u00eddicos compasivos y eficaces a una edad temprana. Eso la inspir\u00f3 a estudiar Derecho y a fundar The Chidolue Law Firm hace m\u00e1s de ocho a\u00f1os.<\/p>\n<p>Desde entonces, ha puesto sus conocimientos personales y profesionales sobre inmigraci\u00f3n al servicio de clientes de m\u00e1s de 47 pa\u00edses. Si necesitas orientaci\u00f3n jur\u00eddica en materia de inmigraci\u00f3n, puedes contar con el Bufete Chidolue para que te apoye durante todo el proceso. Ll\u00e1manos al <a href=\"tel:6783251037\">678-325-1037<\/a> para evaluar tu caso.<\/p>\n<h2>\u00bfCu\u00e1les son nuestras \u00e1reas de pr\u00e1ctica jur\u00eddica?<\/h2>\n<p>Ofrecemos asistencia jur\u00eddica en diversos casos de inmigraci\u00f3n. Tanto si eres un extranjero que quiere venir a EE.UU. como si eres un ciudadano que espera ayudar a su familia a trasladarse aqu\u00ed, estaremos encantados de llevar tu caso. Nuestras \u00e1reas de pr\u00e1ctica incluyen:<\/p>\n<ul>\n<li><a href=\"https:\/\/www.chidoluelaw.com\/immigration\/vawa\/\">VAWA<\/a><\/li>\n<li><a href=\"https:\/\/www.chidoluelaw.com\/immigration\/t-visas\/\">T-VISA<\/a><\/li>\n<li><a href=\"https:\/\/www.chidoluelaw.com\/es\/contacta-con-nosotros\/\">Eliminaci\u00f3n de la condici\u00f3n de las tarjetas verdes<\/a><\/li>\n<li><a href=\"https:\/\/www.chidoluelaw.com\/immigration\/u-visas\/\">U-VISA<\/a><\/li>\n<li><a href=\"https:\/\/www.chidoluelaw.com\/immigration\/family-immigration\/\">Peticiones familiares<\/a><\/li>\n<li><a href=\"https:\/\/www.chidoluelaw.com\/immigration\/marriage-visas\/\">Peticiones basadas en el matrimonio<\/a><\/li>\n<li><a href=\"https:\/\/www.chidoluelaw.com\/es\/contacta-con-nosotros\/\">Novio\/Visados K1<\/a><\/li>\n<li><a href=\"https:\/\/www.chidoluelaw.com\/immigration\/naturalization\/\">Naturalizaci\u00f3n<\/a><\/li>\n<li><a href=\"https:\/\/www.chidoluelaw.com\/es\/contacta-con-nosotros\/\">Exenciones de inmigraci\u00f3n<\/a><\/li>\n<li><a href=\"https:\/\/www.chidoluelaw.com\/es\/contacta-con-nosotros\/\">Mociones de reapertura<\/a><\/li>\n<li><a href=\"https:\/\/www.chidoluelaw.com\/immigration\/DACA\/\">DACA<\/a><\/li>\n<\/ul>\n<p>Tambi\u00e9n podemos prestar asesoramiento jur\u00eddico sobre otras cuestiones habituales de inmigraci\u00f3n, como problemas de deportaci\u00f3n, visados de viaje y otros. Si tienes preguntas sobre la ley de inmigraci\u00f3n de EE.UU., llama al Bufete Chidolue para obtener respuestas.<\/p>\n<h2>\u00bfC\u00f3mo est\u00e1 cualificado el bufete Chidolue para ocuparse de tus necesidades de inmigraci\u00f3n?<\/h2>\n<p>Cuando contratas a un abogado, los conocimientos jur\u00eddicos sobre inmigraci\u00f3n son esenciales. Pero encontrar un abogado que tenga experiencia personal en ello es a\u00fan mejor, ya que sabes que ha pasado por tu situaci\u00f3n y comprende lo importante que es un resultado favorable.<\/p>\n<p>Esto es lo que puedes esperar cuando contratas a Ayesha Chidolue. Sus padres se conocieron en Estados Unidos con visados de estudiante, y finalmente ella naci\u00f3 aqu\u00ed. Pudo apadrinar a sus padres nigerianos para que regresaran a este pa\u00eds, pero le result\u00f3 m\u00e1s dif\u00edcil ayudar a un hermano nacido en Nigeria a inmigrar aqu\u00ed. Por ello, entiende perfectamente los retos del sistema de inmigraci\u00f3n estadounidense y est\u00e1 dispuesta a ayudarte con ellos. Llama al Bufete Chidolue al <a href=\"tel:6783251037\">678-325-1037<\/a> para hablar de tus necesidades de inmigraci\u00f3n.<\/p>\n","protected":false},"excerpt":{"rendered":"<p>Nuestro equipo Como orgullosa hija de inmigrantes nigerianos, Ayesha Chidolue vio la importancia de unos servicios jur\u00eddicos compasivos y eficaces a una edad temprana. Eso la inspir\u00f3 a estudiar Derecho y a fundar The Chidolue Law Firm hace m\u00e1s de ocho a\u00f1os. Desde entonces, ha puesto sus conocimientos personales y profesionales sobre inmigraci\u00f3n al servicio [&hellip;]<\/p>\n","protected":false},"author":31,"featured_media":14466,"parent":0,"menu_order":0,"comment_status":"closed","ping_status":"closed","template":"","meta":{"site-sidebar-layout":"default","site-content-layout":"","ast-site-content-layout":"default","site-content-style":"default","site-sidebar-style":"default","ast-global-header-display":"","ast-banner-title-visibility":"","ast-main-header-display":"","ast-hfb-above-header-display":"","ast-hfb-below-header-display":"","ast-hfb-mobile-header-display":"","site-post-title":"","ast-breadcrumbs-content":"","ast-featured-img":"","footer-sml-layout":"","ast-disable-related-posts":"","theme-transparent-header-meta":"default","adv-header-id-meta":"","stick-header-meta":"","header-above-stick-meta":"","header-main-stick-meta":"","header-below-stick-meta":"","astra-migrate-meta-layouts":"set","ast-page-background-enabled":"default","ast-page-background-meta":{"desktop":{"background-color":"var(--ast-global-color-4)","background-image":"","background-repeat":"repeat","background-position":"center center","background-size":"auto","background-attachment":"scroll","background-type":"","background-media":"","overlay-type":"","overlay-color":"","overlay-opacity":"","overlay-gradient":""},"tablet":{"background-color":"","background-image":"","background-repeat":"repeat","background-position":"center center","background-size":"auto","background-attachment":"scroll","background-type":"","background-media":"","overlay-type":"","overlay-color":"","overlay-opacity":"","overlay-gradient":""},"mobile":{"background-color":"","background-image":"","background-repeat":"repeat","background-position":"center center","background-size":"auto","background-attachment":"scroll","background-type":"","background-media":"","overlay-type":"","overlay-color":"","overlay-opacity":"","overlay-gradient":""}},"ast-content-background-meta":{"desktop":{"background-color":"var(--ast-global-color-5)","background-image":"","background-repeat":"repeat","background-position":"center center","background-size":"auto","background-attachment":"scroll","background-type":"","background-media":"","overlay-type":"","overlay-color":"","overlay-opacity":"","overlay-gradient":""},"tablet":{"background-color":"var(--ast-global-color-5)","background-image":"","background-repeat":"repeat","background-position":"center center","background-size":"auto","background-attachment":"scroll","background-type":"","background-media":"","overlay-type":"","overlay-color":"","overlay-opacity":"","overlay-gradient":""},"mobile":{"background-color":"var(--ast-global-color-5)","background-image":"","background-repeat":"repeat","background-position":"center center","background-size":"auto","background-attachment":"scroll","background-type":"","background-media":"","overlay-type":"","overlay-color":"","overlay-opacity":"","overlay-gradient":""}},"footnotes":""},"class_list":["post-15001","page","type-page","status-publish","has-post-thumbnail","hentry"],"yoast_head":"<!-- This site is optimized with the Yoast SEO plugin v27.3 - https:\/\/yoast.com\/product\/yoast-seo-wordpress\/ -->\n<title>El bufete Chidolue - Sobre nosotros<\/title>\n<meta name=\"description\" content=\"\u00bfNecesitas asesoramiento jur\u00eddico sobre un asunto de inmigraci\u00f3n? Llama a nuestro abogado de inmigraci\u00f3n en todo el pa\u00eds para que te ayude con tu caso.\" \/>\n<meta name=\"robots\" content=\"index, follow, max-snippet:-1, max-image-preview:large, max-video-preview:-1\" \/>\n<link rel=\"canonical\" href=\"https:\/\/www.chidoluelaw.com\/es\/acerca-de\/\" \/>\n<meta property=\"og:locale\" content=\"es_ES\" \/>\n<meta property=\"og:type\" content=\"article\" \/>\n<meta property=\"og:title\" content=\"El bufete Chidolue - Sobre nosotros\" \/>\n<meta property=\"og:description\" content=\"\u00bfNecesitas asesoramiento jur\u00eddico sobre un asunto de inmigraci\u00f3n? Llama a nuestro abogado de inmigraci\u00f3n en todo el pa\u00eds para que te ayude con tu caso.\" \/>\n<meta property=\"og:url\" content=\"https:\/\/www.chidoluelaw.com\/es\/acerca-de\/\" \/>\n<meta property=\"og:site_name\" content=\"The Chidolue Law Firm\" \/>\n<meta property=\"article:modified_time\" content=\"2026-02-24T22:10:27+00:00\" \/>\n<meta name=\"twitter:card\" content=\"summary_large_image\" \/>\n<meta name=\"twitter:label1\" content=\"Tiempo de lectura\" \/>\n\t<meta name=\"twitter:data1\" content=\"2 minutos\" \/>\n<!-- \/ Yoast SEO plugin. -->","yoast_head_json":{"title":"El bufete Chidolue - Sobre nosotros","description":"\u00bfNecesitas asesoramiento jur\u00eddico sobre un asunto de inmigraci\u00f3n? Llama a nuestro abogado de inmigraci\u00f3n en todo el pa\u00eds para que te ayude con tu caso.","robots":{"index":"index","follow":"follow","max-snippet":"max-snippet:-1","max-image-preview":"max-image-preview:large","max-video-preview":"max-video-preview:-1"},"canonical":"https:\/\/www.chidoluelaw.com\/es\/acerca-de\/","og_locale":"es_ES","og_type":"article","og_title":"El bufete Chidolue - Sobre nosotros","og_description":"\u00bfNecesitas asesoramiento jur\u00eddico sobre un asunto de inmigraci\u00f3n? Llama a nuestro abogado de inmigraci\u00f3n en todo el pa\u00eds para que te ayude con tu caso.","og_url":"https:\/\/www.chidoluelaw.com\/es\/acerca-de\/","og_site_name":"The Chidolue Law Firm","article_modified_time":"2026-02-24T22:10:27+00:00","twitter_card":"summary_large_image","twitter_misc":{"Tiempo de lectura":"2 minutos"},"schema":{"@context":"https:\/\/schema.org","@graph":[{"@type":"WebPage","@id":"https:\/\/www.chidoluelaw.com\/es\/acerca-de\/","url":"https:\/\/www.chidoluelaw.com\/es\/acerca-de\/","name":"El bufete Chidolue - Sobre nosotros","isPartOf":{"@id":"https:\/\/www.chidoluelaw.com\/es\/#website"},"primaryImageOfPage":{"@id":"https:\/\/www.chidoluelaw.com\/es\/acerca-de\/#primaryimage"},"image":{"@id":"https:\/\/www.chidoluelaw.com\/es\/acerca-de\/#primaryimage"},"thumbnailUrl":"https:\/\/www.chidoluelaw.com\/wp-content\/uploads\/2024\/03\/fetured-1.svg","datePublished":"2024-03-01T07:31:42+00:00","dateModified":"2026-02-24T22:10:27+00:00","description":"\u00bfNecesitas asesoramiento jur\u00eddico sobre un asunto de inmigraci\u00f3n? Llama a nuestro abogado de inmigraci\u00f3n en todo el pa\u00eds para que te ayude con tu caso.","breadcrumb":{"@id":"https:\/\/www.chidoluelaw.com\/es\/acerca-de\/#breadcrumb"},"inLanguage":"es","potentialAction":[{"@type":"ReadAction","target":["https:\/\/www.chidoluelaw.com\/es\/acerca-de\/"]}]},{"@type":"ImageObject","inLanguage":"es","@id":"https:\/\/www.chidoluelaw.com\/es\/acerca-de\/#primaryimage","url":"https:\/\/www.chidoluelaw.com\/wp-content\/uploads\/2024\/03\/fetured-1.svg","contentUrl":"https:\/\/www.chidoluelaw.com\/wp-content\/uploads\/2024\/03\/fetured-1.svg"},{"@type":"BreadcrumbList","@id":"https:\/\/www.chidoluelaw.com\/es\/acerca-de\/#breadcrumb","itemListElement":[{"@type":"ListItem","position":1,"name":"Home","item":"https:\/\/www.chidoluelaw.com\/es\/"},{"@type":"ListItem","position":2,"name":"Acerca de"}]},{"@type":"WebSite","@id":"https:\/\/www.chidoluelaw.com\/es\/#website","url":"https:\/\/www.chidoluelaw.com\/es\/","name":"The Chidolue Law Firm","description":"","publisher":{"@id":"https:\/\/www.chidoluelaw.com\/es\/#organization"},"potentialAction":[{"@type":"SearchAction","target":{"@type":"EntryPoint","urlTemplate":"https:\/\/www.chidoluelaw.com\/es\/?s={search_term_string}"},"query-input":{"@type":"PropertyValueSpecification","valueRequired":true,"valueName":"search_term_string"}}],"inLanguage":"es"},{"@type":"Organization","@id":"https:\/\/www.chidoluelaw.com\/es\/#organization","name":"The Chidolue Law Firm","url":"https:\/\/www.chidoluelaw.com\/es\/","logo":{"@type":"ImageObject","inLanguage":"es","@id":"https:\/\/www.chidoluelaw.com\/es\/#\/schema\/logo\/image\/","url":"https:\/\/www.chidoluelaw.com\/wp-content\/uploads\/2024\/03\/logo-w.svg","contentUrl":"https:\/\/www.chidoluelaw.com\/wp-content\/uploads\/2024\/03\/logo-w.svg","caption":"The Chidolue Law Firm"},"image":{"@id":"https:\/\/www.chidoluelaw.com\/es\/#\/schema\/logo\/image\/"}}]}},"_links":{"self":[{"href":"https:\/\/www.chidoluelaw.com\/es\/wp-json\/wp\/v2\/pages\/15001","targetHints":{"allow":["GET"]}}],"collection":[{"href":"https:\/\/www.chidoluelaw.com\/es\/wp-json\/wp\/v2\/pages"}],"about":[{"href":"https:\/\/www.chidoluelaw.com\/es\/wp-json\/wp\/v2\/types\/page"}],"author":[{"embeddable":true,"href":"https:\/\/www.chidoluelaw.com\/es\/wp-json\/wp\/v2\/users\/31"}],"replies":[{"embeddable":true,"href":"https:\/\/www.chidoluelaw.com\/es\/wp-json\/wp\/v2\/comments?post=15001"}],"version-history":[{"count":0,"href":"https:\/\/www.chidoluelaw.com\/es\/wp-json\/wp\/v2\/pages\/15001\/revisions"}],"wp:featuredmedia":[{"embeddable":true,"href":"https:\/\/www.chidoluelaw.com\/es\/wp-json\/wp\/v2\/media\/14466"}],"wp:attachment":[{"href":"https:\/\/www.chidoluelaw.com\/es\/wp-json\/wp\/v2\/media?parent=15001"}],"curies":[{"name":"wp","href":"https:\/\/api.w.org\/{rel}","templated":true}]}}