{"id":14998,"date":"2024-03-22T12:58:15","date_gmt":"2024-03-22T12:58:15","guid":{"rendered":"https:\/\/www.chidoluelaw.com\/inmigracion\/abogado-de-naturalizacion\/"},"modified":"2025-02-25T13:53:37","modified_gmt":"2025-02-25T13:53:37","slug":"abogado-de-naturalizacion","status":"publish","type":"page","link":"https:\/\/www.chidoluelaw.com\/es\/abogado-de-naturalizacion\/","title":{"rendered":"Abogado de Naturalizaci\u00f3n"},"content":{"rendered":"<p>Si eres residente legal permanente y quieres hacerte ciudadano de Estados Unidos, quiz\u00e1 est\u00e9s empezando a investigar sobre la naturalizaci\u00f3n, que es uno de los m\u00e9todos m\u00e1s comunes para obtener la ciudadan\u00eda estadounidense. Una vez completado con \u00e9xito el proceso de naturalizaci\u00f3n, podr\u00e1s disfrutar de los mismos beneficios que se ofrecen a los ciudadanos estadounidenses por nacimiento, por lo que es f\u00e1cil ver por qu\u00e9 es una opci\u00f3n atractiva si has nacido fuera de este pa\u00eds. <\/p>\n<p>Por supuesto, el sistema de inmigraci\u00f3n es conocido por ser complejo y abrumador para cualquiera que no tenga amplios conocimientos jur\u00eddicos. Por eso, antes de solicitar la naturalizaci\u00f3n, debes contratar a abogados expertos en inmigraci\u00f3n que conozcan a fondo la ley de inmigraci\u00f3n. <\/p>\n<p><strong><a href=\"https:\/\/www.chidoluelaw.com\/contact\/\">Ponte en contacto con<\/a> nuestro equipo en el <a class=\"css-1rn59kg\" title=\"tel:6783251037\" href=\"tel:6783251037\" data-testid=\"link-with-safety\" data-renderer-mark=\"true\">678-325-1037 o en el 678-325-1037<\/a> para hablar de tu caso con un equipo jur\u00eddico experto hoy mismo.<\/strong><\/p>\n<h2>\u00bfQU\u00c9 ES LA NATURALIZACI\u00d3N?<\/h2>\n<p>Hay algunas formas de hacerse ciudadano estadounidense si no has nacido en Estados Unidos, y la naturalizaci\u00f3n es una de ellas. Debes cumplir ciertos requisitos si quieres hacerte <a href=\"https:\/\/www.chidoluelaw.com\/blog\/citizenship-and-naturalization-how-an-immigration-lawyer-can-guide-you-through-the-process\/\">ciudadano mediante este proceso de naturalizaci\u00f3n y ciudadan\u00eda<\/a>. <\/p>\n<p>Uno de los requisitos m\u00e1s importantes es la capacidad de demostrar que has sido residente permanente legal en EE.UU. de tres a cinco a\u00f1os, habiendo estado f\u00edsicamente presente en este pa\u00eds durante ese tiempo como titular de una tarjeta verde.<\/p>\n<p>Tambi\u00e9n debes tener al menos 18 a\u00f1os, buena reputaci\u00f3n moral y saber escribir, leer y hablar en ingl\u00e9s. Los abogados expertos en naturalizaci\u00f3n pueden informarte sobre cualquier otro requisito que debas cumplir antes de iniciar el proceso de naturalizaci\u00f3n. <\/p>\n<p>La naturalizaci\u00f3n es la forma m\u00e1s habitual de obtener la nacionalidad estadounidense, pero no es la \u00fanica opci\u00f3n. Algunos inmigrantes nacidos en el extranjero y menores de 18 a\u00f1os descubren que pueden obtener la nacionalidad por adquisici\u00f3n porque uno o m\u00e1s de sus progenitores son ciudadanos estadounidenses. <\/p>\n<p>Por ejemplo, si tus dos padres son ciudadanos estadounidenses y est\u00e1n casados, y al menos uno de ellos viv\u00eda en Estados Unidos antes de que t\u00fa nacieras, puedes solicitar un certificado de ciudadan\u00eda por adquisici\u00f3n.<\/p>\n<p>Aunque s\u00f3lo uno de tus progenitores sea ciudadano estadounidense, es probable que puedas obtener la nacionalidad siempre que ese progenitor haya vivido en un estado o territorio estadounidense durante al menos cinco a\u00f1os antes de que t\u00fa nacieras, y que dos de esos a\u00f1os en EE.UU. hayan sido despu\u00e9s de que ese progenitor cumpliera 14 a\u00f1os. Si crees que re\u00fanes los requisitos para obtener la nacionalidad a trav\u00e9s de padres ciudadanos, debes ponerte en contacto con abogados de inmigraci\u00f3n para que te ayuden con el siguiente paso. <\/p>\n<p>De lo contrario, el proceso de naturalizaci\u00f3n puede ser la \u00fanica forma de hacerte ciudadano, en cuyo caso deber\u00edas hablar con abogados expertos en ciudadan\u00eda que puedan responder a tus preguntas sobre la ley de inmigraci\u00f3n.<\/p>\n<h2>\u00bfQU\u00c9 VENTAJAS TIENE NATURALIZARSE PARA CONVERTIRSE EN CIUDADANO?<\/h2>\n<p>Si est\u00e1s pensando en nacionalizarte, es importante que tengas en cuenta por qu\u00e9 lo haces. Al fin y al cabo, la ciudadan\u00eda no es necesaria para que sigas viviendo en EE.UU. como residente permanente. <\/p>\n<p>Mientras tengas tu tarjeta verde, puedes seguir trabajando o estudiando aqu\u00ed todo el tiempo que quieras, y muchos residentes legales permanentes deciden hacer precisamente eso. Sin embargo, obtener la nacionalidad tiene algunas ventajas que atraen a los solicitantes de naturalizaci\u00f3n. Entre ellas est\u00e1n:  <\/p>\n<ul>\n<li>Derecho a votar en las elecciones<\/li>\n<li>El derecho a presentarse a cargos p\u00fablicos<\/li>\n<li>La opci\u00f3n de solicitar trabajar con organismos gubernamentales<\/li>\n<li>Acceso a prestaciones p\u00fablicas que pueden ayudarte econ\u00f3micamente<\/li>\n<li>Capacidad para viajar fuera de EE.UU. con pasaporte<\/li>\n<li>La posibilidad de evitar la amenaza de deportaci\u00f3n y otros problemas de inmigraci\u00f3n<\/li>\n<li>La posibilidad de dar a tus hijos la ciudadan\u00eda por derecho de nacimiento<\/li>\n<li>La posibilidad de patrocinar m\u00e1s f\u00e1cilmente a familiares que deseen inmigrar a EE.UU.<\/li>\n<\/ul>\n<p>Si quieres disfrutar de estas y otras ventajas de la ciudadan\u00eda estadounidense, la naturalizaci\u00f3n puede ser el siguiente paso ideal en tu viaje de inmigraci\u00f3n. Los abogados expertos en naturalizaci\u00f3n pueden prestarte los servicios de inmigraci\u00f3n que necesitas para iniciar el proceso de naturalizaci\u00f3n, as\u00ed que <a href=\"https:\/\/www.chidoluelaw.com\/contact\/\">ponte en contacto con<\/a> nuestro bufete hoy mismo para que te orientemos en tu solicitud de naturalizaci\u00f3n. <\/p>\n<h2>\u00bfQU\u00c9 PUEDES ESPERAR DEL PROCESO DE NATURALIZACI\u00d3N ESTADOUNIDENSE?<\/h2>\n<p>Antes de que comience el proceso de naturalizaci\u00f3n, debes tener una buena idea de los pasos que hay que dar y de c\u00f3mo obtener el resultado m\u00e1s favorable para tu caso mientras persigues la ciudadan\u00eda. Los requisitos de naturalizaci\u00f3n son estrictos, por lo que debes estar preparado para demostrar que los cumples mientras trabajas para obtener tus documentos de ciudadan\u00eda. <\/p>\n<p>Cuando solicites la naturalizaci\u00f3n, deber\u00e1s demostrar lo siguiente:<\/p>\n<ul>\n<li>Tienes 18 a\u00f1os o m\u00e1s<\/li>\n<li>Has sido residente legal permanente con residencia continua en EE.UU. durante al menos cinco a\u00f1os, o al menos tres a\u00f1os si presentas la solicitud como c\u00f3nyuge de un ciudadano estadounidense.<\/li>\n<li>Has estado f\u00edsicamente presente en EE.UU. durante al menos 30 meses, o 18 meses si est\u00e1s casado con un ciudadano<\/li>\n<li>Tienes buena moralidad y no tienes antecedentes penales graves<\/li>\n<li>Tienes conocimientos de la historia y el gobierno de EE.UU.<\/li>\n<li>Conoces y puedes defender los principios de la Constituci\u00f3n de EE.UU.<\/li>\n<li>Puedes leer, escribir, hablar y comprender la lengua inglesa<\/li>\n<\/ul>\n<p>Ten en cuenta que hay algunas excepciones a estas directrices basadas en determinadas circunstancias. Por ejemplo, si serviste en las fuerzas armadas, no tienes que esperar a haber vivido en EE.UU. cinco a\u00f1os antes de solicitar la naturalizaci\u00f3n, por lo que el proceso puede ser m\u00e1s r\u00e1pido para ti debido a tu servicio militar. <\/p>\n<p>Adem\u00e1s, si has vivido en EE.UU. durante varios a\u00f1os y superas cierta edad o tienes una discapacidad, puede que no tengas que hacer ex\u00e1menes para demostrar tus conocimientos de historia y gobierno o de lengua inglesa.<\/p>\n<p>Los abogados expertos en naturalizaci\u00f3n pueden guiarte a trav\u00e9s de los aspectos b\u00e1sicos de la ciudadan\u00eda y la naturalizaci\u00f3n, desde la cumplimentaci\u00f3n de los tr\u00e1mites para el Servicio de Ciudadan\u00eda e Inmigraci\u00f3n de EE.UU. (USCIS) hasta la preparaci\u00f3n del examen de civismo y la entrevista de naturalizaci\u00f3n.<\/p>\n<p>Tanto si quieres conocer todas tus opciones de inmigraci\u00f3n como si est\u00e1s preparado para conseguir la ciudadan\u00eda, los abogados especializados en naturalizaci\u00f3n pueden asegurarse de que comprendes las leyes de inmigraci\u00f3n estadounidenses antes de iniciar el proceso de cambiar tu tarjeta verde por un certificado de ciudadan\u00eda.<\/p>\n<p><strong>Ponte <a href=\"https:\/\/www.chidoluelaw.com\/contact\/\">en contacto con<\/a> nuestro bufete de abogados hoy mismo para saber m\u00e1s sobre los detalles de la ciudadan\u00eda y la naturalizaci\u00f3n.<\/strong><\/p>\n<h2>\u00bfC\u00d3MO PUEDE AYUDARTE UN ABOGADO DE NATURALIZACI\u00d3N A NIVEL NACIONAL?<\/h2>\n<p>Nuestros abogados de naturalizaci\u00f3n En The Chidolue Law Firm, nos enorgullece decir que hemos ayudado a numerosos residentes permanentes a convertirse en ciudadanos naturalizados, as\u00ed que puedes estar seguro de que sabemos c\u00f3mo ayudarte con este proceso. Entendemos lo intimidante que es rellenar los largos formularios del USCIS, prepararse para la entrevista de naturalizaci\u00f3n y estudiar para el examen de ciudadan\u00eda. <\/p>\n<p>Por eso, nuestros abogados especializados en ciudadan\u00eda se comprometen a ayudar a los inmigrantes y a sus familiares en cada paso, desde el env\u00edo de la solicitud de ciudadan\u00eda al Servicio de Ciudadan\u00eda e Inmigraci\u00f3n de EE.UU. hasta la asistencia a la ceremonia de juramento.<\/p>\n<p>Somos conscientes de que a los inmigrantes no siempre les queda claro qu\u00e9 camino hacia la ciudadan\u00eda es el correcto, as\u00ed que nos esforzamos por responder a sus preguntas, ayudarles con el papeleo, reunir documentos acreditativos y mucho m\u00e1s.<\/p>\n<p><strong>Si est\u00e1s listo para iniciar el proceso de naturalizaci\u00f3n, ll\u00e1manos hoy al <a class=\"css-1rn59kg\" title=\"tel:6783251037\" href=\"tel:6783251037\" data-testid=\"link-with-safety\" data-renderer-mark=\"true\">678-325-1037 o al 678-325-1037<\/a> para programar tu <a href=\"https:\/\/www.chidoluelaw.com\/contact\/\">consulta inicial<\/a> con nuestro equipo.<\/strong><\/p>\n","protected":false},"excerpt":{"rendered":"<p>Si eres residente legal permanente y quieres hacerte ciudadano de Estados Unidos, quiz\u00e1 est\u00e9s empezando a investigar sobre la naturalizaci\u00f3n, que es uno de los m\u00e9todos m\u00e1s comunes para obtener la ciudadan\u00eda estadounidense. Una vez completado con \u00e9xito el proceso de naturalizaci\u00f3n, podr\u00e1s disfrutar de los mismos beneficios que se ofrecen a los ciudadanos estadounidenses [&hellip;]<\/p>\n","protected":false},"author":31,"featured_media":14466,"parent":0,"menu_order":0,"comment_status":"closed","ping_status":"closed","template":"","meta":{"site-sidebar-layout":"default","site-content-layout":"","ast-site-content-layout":"default","site-content-style":"default","site-sidebar-style":"default","ast-global-header-display":"","ast-banner-title-visibility":"","ast-main-header-display":"","ast-hfb-above-header-display":"","ast-hfb-below-header-display":"","ast-hfb-mobile-header-display":"","site-post-title":"","ast-breadcrumbs-content":"","ast-featured-img":"","footer-sml-layout":"","ast-disable-related-posts":"","theme-transparent-header-meta":"default","adv-header-id-meta":"","stick-header-meta":"","header-above-stick-meta":"","header-main-stick-meta":"","header-below-stick-meta":"","astra-migrate-meta-layouts":"default","ast-page-background-enabled":"default","ast-page-background-meta":{"desktop":{"background-color":"var(--ast-global-color-4)","background-image":"","background-repeat":"repeat","background-position":"center center","background-size":"auto","background-attachment":"scroll","background-type":"","background-media":"","overlay-type":"","overlay-color":"","overlay-opacity":"","overlay-gradient":""},"tablet":{"background-color":"","background-image":"","background-repeat":"repeat","background-position":"center center","background-size":"auto","background-attachment":"scroll","background-type":"","background-media":"","overlay-type":"","overlay-color":"","overlay-opacity":"","overlay-gradient":""},"mobile":{"background-color":"","background-image":"","background-repeat":"repeat","background-position":"center center","background-size":"auto","background-attachment":"scroll","background-type":"","background-media":"","overlay-type":"","overlay-color":"","overlay-opacity":"","overlay-gradient":""}},"ast-content-background-meta":{"desktop":{"background-color":"var(--ast-global-color-5)","background-image":"","background-repeat":"repeat","background-position":"center center","background-size":"auto","background-attachment":"scroll","background-type":"","background-media":"","overlay-type":"","overlay-color":"","overlay-opacity":"","overlay-gradient":""},"tablet":{"background-color":"var(--ast-global-color-5)","background-image":"","background-repeat":"repeat","background-position":"center center","background-size":"auto","background-attachment":"scroll","background-type":"","background-media":"","overlay-type":"","overlay-color":"","overlay-opacity":"","overlay-gradient":""},"mobile":{"background-color":"var(--ast-global-color-5)","background-image":"","background-repeat":"repeat","background-position":"center center","background-size":"auto","background-attachment":"scroll","background-type":"","background-media":"","overlay-type":"","overlay-color":"","overlay-opacity":"","overlay-gradient":""}},"footnotes":""},"class_list":["post-14998","page","type-page","status-publish","has-post-thumbnail","hentry"],"yoast_head":"<!-- This site is optimized with the Yoast SEO plugin v27.3 - https:\/\/yoast.com\/product\/yoast-seo-wordpress\/ -->\n<title>Abogado de Naturalizaci\u00f3n en todo el pa\u00eds | Ciudadan\u00eda<\/title>\n<meta name=\"description\" content=\"\u00bfQuieres hacerte ciudadano estadounidense? Ponte en contacto con un abogado especializado en naturalizaci\u00f3n de todo el pa\u00eds para asegurarte de que re\u00fanes los requisitos para iniciar el proceso de ciudadan\u00eda.\" \/>\n<meta name=\"robots\" content=\"index, follow, max-snippet:-1, max-image-preview:large, max-video-preview:-1\" \/>\n<link rel=\"canonical\" href=\"https:\/\/www.chidoluelaw.com\/es\/abogado-de-naturalizacion\/\" \/>\n<meta property=\"og:locale\" content=\"es_ES\" \/>\n<meta property=\"og:type\" content=\"article\" \/>\n<meta property=\"og:title\" content=\"Abogado de Naturalizaci\u00f3n en todo el pa\u00eds | Ciudadan\u00eda\" \/>\n<meta property=\"og:description\" content=\"\u00bfQuieres hacerte ciudadano estadounidense? Ponte en contacto con un abogado especializado en naturalizaci\u00f3n de todo el pa\u00eds para asegurarte de que re\u00fanes los requisitos para iniciar el proceso de ciudadan\u00eda.\" \/>\n<meta property=\"og:url\" content=\"https:\/\/www.chidoluelaw.com\/es\/abogado-de-naturalizacion\/\" \/>\n<meta property=\"og:site_name\" content=\"The Chidolue Law Firm\" \/>\n<meta property=\"article:modified_time\" content=\"2025-02-25T13:53:37+00:00\" \/>\n<meta name=\"twitter:card\" content=\"summary_large_image\" \/>\n<meta name=\"twitter:label1\" content=\"Tiempo de lectura\" \/>\n\t<meta name=\"twitter:data1\" content=\"7 minutos\" \/>\n<!-- \/ Yoast SEO plugin. -->","yoast_head_json":{"title":"Abogado de Naturalizaci\u00f3n en todo el pa\u00eds | Ciudadan\u00eda","description":"\u00bfQuieres hacerte ciudadano estadounidense? Ponte en contacto con un abogado especializado en naturalizaci\u00f3n de todo el pa\u00eds para asegurarte de que re\u00fanes los requisitos para iniciar el proceso de ciudadan\u00eda.","robots":{"index":"index","follow":"follow","max-snippet":"max-snippet:-1","max-image-preview":"max-image-preview:large","max-video-preview":"max-video-preview:-1"},"canonical":"https:\/\/www.chidoluelaw.com\/es\/abogado-de-naturalizacion\/","og_locale":"es_ES","og_type":"article","og_title":"Abogado de Naturalizaci\u00f3n en todo el pa\u00eds | Ciudadan\u00eda","og_description":"\u00bfQuieres hacerte ciudadano estadounidense? Ponte en contacto con un abogado especializado en naturalizaci\u00f3n de todo el pa\u00eds para asegurarte de que re\u00fanes los requisitos para iniciar el proceso de ciudadan\u00eda.","og_url":"https:\/\/www.chidoluelaw.com\/es\/abogado-de-naturalizacion\/","og_site_name":"The Chidolue Law Firm","article_modified_time":"2025-02-25T13:53:37+00:00","twitter_card":"summary_large_image","twitter_misc":{"Tiempo de lectura":"7 minutos"},"schema":{"@context":"https:\/\/schema.org","@graph":[{"@type":"WebPage","@id":"https:\/\/www.chidoluelaw.com\/es\/abogado-de-naturalizacion\/","url":"https:\/\/www.chidoluelaw.com\/es\/abogado-de-naturalizacion\/","name":"Abogado de Naturalizaci\u00f3n en todo el pa\u00eds | Ciudadan\u00eda","isPartOf":{"@id":"https:\/\/www.chidoluelaw.com\/es\/#website"},"primaryImageOfPage":{"@id":"https:\/\/www.chidoluelaw.com\/es\/abogado-de-naturalizacion\/#primaryimage"},"image":{"@id":"https:\/\/www.chidoluelaw.com\/es\/abogado-de-naturalizacion\/#primaryimage"},"thumbnailUrl":"https:\/\/www.chidoluelaw.com\/wp-content\/uploads\/2024\/03\/fetured-1.svg","datePublished":"2024-03-22T12:58:15+00:00","dateModified":"2025-02-25T13:53:37+00:00","description":"\u00bfQuieres hacerte ciudadano estadounidense? Ponte en contacto con un abogado especializado en naturalizaci\u00f3n de todo el pa\u00eds para asegurarte de que re\u00fanes los requisitos para iniciar el proceso de ciudadan\u00eda.","breadcrumb":{"@id":"https:\/\/www.chidoluelaw.com\/es\/abogado-de-naturalizacion\/#breadcrumb"},"inLanguage":"es","potentialAction":[{"@type":"ReadAction","target":["https:\/\/www.chidoluelaw.com\/es\/abogado-de-naturalizacion\/"]}]},{"@type":"ImageObject","inLanguage":"es","@id":"https:\/\/www.chidoluelaw.com\/es\/abogado-de-naturalizacion\/#primaryimage","url":"https:\/\/www.chidoluelaw.com\/wp-content\/uploads\/2024\/03\/fetured-1.svg","contentUrl":"https:\/\/www.chidoluelaw.com\/wp-content\/uploads\/2024\/03\/fetured-1.svg"},{"@type":"BreadcrumbList","@id":"https:\/\/www.chidoluelaw.com\/es\/abogado-de-naturalizacion\/#breadcrumb","itemListElement":[{"@type":"ListItem","position":1,"name":"Home","item":"https:\/\/www.chidoluelaw.com\/es\/"},{"@type":"ListItem","position":2,"name":"Abogado de Naturalizaci\u00f3n"}]},{"@type":"WebSite","@id":"https:\/\/www.chidoluelaw.com\/es\/#website","url":"https:\/\/www.chidoluelaw.com\/es\/","name":"The Chidolue Law Firm","description":"","publisher":{"@id":"https:\/\/www.chidoluelaw.com\/es\/#organization"},"potentialAction":[{"@type":"SearchAction","target":{"@type":"EntryPoint","urlTemplate":"https:\/\/www.chidoluelaw.com\/es\/?s={search_term_string}"},"query-input":{"@type":"PropertyValueSpecification","valueRequired":true,"valueName":"search_term_string"}}],"inLanguage":"es"},{"@type":"Organization","@id":"https:\/\/www.chidoluelaw.com\/es\/#organization","name":"The Chidolue Law Firm","url":"https:\/\/www.chidoluelaw.com\/es\/","logo":{"@type":"ImageObject","inLanguage":"es","@id":"https:\/\/www.chidoluelaw.com\/es\/#\/schema\/logo\/image\/","url":"https:\/\/www.chidoluelaw.com\/wp-content\/uploads\/2024\/03\/logo-w.svg","contentUrl":"https:\/\/www.chidoluelaw.com\/wp-content\/uploads\/2024\/03\/logo-w.svg","caption":"The Chidolue Law Firm"},"image":{"@id":"https:\/\/www.chidoluelaw.com\/es\/#\/schema\/logo\/image\/"}}]}},"_links":{"self":[{"href":"https:\/\/www.chidoluelaw.com\/es\/wp-json\/wp\/v2\/pages\/14998","targetHints":{"allow":["GET"]}}],"collection":[{"href":"https:\/\/www.chidoluelaw.com\/es\/wp-json\/wp\/v2\/pages"}],"about":[{"href":"https:\/\/www.chidoluelaw.com\/es\/wp-json\/wp\/v2\/types\/page"}],"author":[{"embeddable":true,"href":"https:\/\/www.chidoluelaw.com\/es\/wp-json\/wp\/v2\/users\/31"}],"replies":[{"embeddable":true,"href":"https:\/\/www.chidoluelaw.com\/es\/wp-json\/wp\/v2\/comments?post=14998"}],"version-history":[{"count":0,"href":"https:\/\/www.chidoluelaw.com\/es\/wp-json\/wp\/v2\/pages\/14998\/revisions"}],"wp:featuredmedia":[{"embeddable":true,"href":"https:\/\/www.chidoluelaw.com\/es\/wp-json\/wp\/v2\/media\/14466"}],"wp:attachment":[{"href":"https:\/\/www.chidoluelaw.com\/es\/wp-json\/wp\/v2\/media?parent=14998"}],"curies":[{"name":"wp","href":"https:\/\/api.w.org\/{rel}","templated":true}]}}