{"id":14991,"date":"2023-11-14T07:23:33","date_gmt":"2023-11-14T07:23:33","guid":{"rendered":"https:\/\/www.chidoluelaw.com\/politica-de-privacidad\/"},"modified":"2025-03-26T02:05:19","modified_gmt":"2025-03-26T02:05:19","slug":"politica-de-privacidad","status":"publish","type":"page","link":"https:\/\/www.chidoluelaw.com\/es\/politica-de-privacidad\/","title":{"rendered":"Pol\u00edtica de privacidad"},"content":{"rendered":"<p>Esta declaraci\u00f3n se aplica a la recopilaci\u00f3n online de informaci\u00f3n personal a trav\u00e9s de sitios web gestionados y aplicaciones ofrecidas por el <strong>Bufete Chidolue<\/strong>. Los detalles de la Declaraci\u00f3n de Privacidad siguen inmediatamente a continuaci\u00f3n.<\/p>\n<h2>\u00bfQU\u00c9 DATOS PERSONALES SE RECOGEN Y C\u00d3MO SE UTILIZAN?<\/h2>\n<ul>\n<li>Recogemos informaci\u00f3n sobre nuestros usuarios de tres formas: directamente del usuario (por ejemplo, al pedir un producto, registrar una cuenta o suscribirse a un bolet\u00edn), de los registros de nuestro servidor Web y a trav\u00e9s de cookies.<\/li>\n<li>Utilizamos la informaci\u00f3n principalmente para ofrecerte una experiencia personalizada en Internet que te proporcione la informaci\u00f3n, los recursos y los servicios m\u00e1s relevantes y \u00fatiles para ti.<\/li>\n<li>No compartimos ninguna informaci\u00f3n que nos proporciones con terceros a menos que lo indiquemos en esta Declaraci\u00f3n de privacidad o cuando creamos de buena fe que la ley lo exige.<\/li>\n<li>\u00abLos SMS opt-in y los n\u00fameros de tel\u00e9fono recogidos con fines de comunicaci\u00f3n por SMS no se compartir\u00e1n con terceros ni afiliados con fines de marketing\u00bb<\/li>\n<\/ul>\n<h2>\u00bfC\u00d3MO SE PROTEGE MI INFORMACI\u00d3N PERSONAL?<\/h2>\n<ul>\n<li>Hemos implementado ciertas medidas de seguridad apropiadas para ayudar a proteger tu informaci\u00f3n personal de p\u00e9rdidas accidentales y del acceso, uso o divulgaci\u00f3n no autorizados.<\/li>\n<li>Sin embargo, ten en cuenta que no podemos garantizar que las personas no autorizadas sean siempre incapaces de anular nuestras medidas de seguridad.<\/li>\n<li>Adem\u00e1s, ten en cuenta que podemos almacenar y procesar tu informaci\u00f3n personal en sistemas ubicados fuera de tu pa\u00eds de origen. Independientemente de d\u00f3nde se produzcan estas actividades, tomamos las medidas adecuadas para garantizar que tu informaci\u00f3n est\u00e9 protegida y sea coherente con los principios establecidos en esta Declaraci\u00f3n de privacidad.<\/li>\n<\/ul>\n<h2>\u00bfQUI\u00c9N TIENE ACCESO A LA INFORMACI\u00d3N PERSONAL?<\/h2>\n<ul>\n<li>No venderemos, alquilaremos ni arrendaremos listas de correo u otros datos de clientes a terceros, y no pondremos tu informaci\u00f3n personal a disposici\u00f3n de ninguna parte no afiliada, excepto a nuestros agentes y contratistas aprobados o seg\u00fan se describa de otro modo en esta Declaraci\u00f3n de privacidad.<\/li>\n<li>Dependemos de algunas de nuestras filiales para el soporte de los productos y servicios que ofrecemos, y compartimos algunas de nuestras funciones de back-office con otras empresas. Todos nuestros afiliados est\u00e1n obligados a preservar la confidencialidad de cualquier informaci\u00f3n personal a la que puedan acceder.<\/li>\n<li>No revelaremos ning\u00fan dato personal ni informaci\u00f3n sobre tu uso de nuestros sitios web a terceros no afiliados, excepto cuando sea necesario para dar servicio a la cuenta, para hacer cumplir las condiciones de uso, para cumplir nuestras obligaciones con los proveedores de contenidos y tecnolog\u00eda, o cuando lo exija la ley.<\/li>\n<li><span style=\"font-weight: 400;\">Valoramos tu privacidad y nos comprometemos a proteger tu informaci\u00f3n personal. Cuando optes por recibir comunicaciones por SMS de The Chidolue Law Firm, PLLC, no compartiremos, venderemos, alquilaremos ni revelaremos tu n\u00famero de tel\u00e9fono a terceros con fines de marketing por SMS ni con ning\u00fan otro fin. <\/span><span style=\"font-weight: 400;\">Tu n\u00famero de tel\u00e9fono s\u00f3lo se utilizar\u00e1 para prestar los servicios que hayas solicitado, como enviar actualizaciones, mensajes promocionales o notificaciones relacionadas con consultas o casos.<\/span><\/li>\n<\/ul>\n<h2>\u00bfC\u00d3MO PUEDO CORREGIR, MODIFICAR O ELIMINAR MIS DATOS PERSONALES O ACTUALIZAR MIS PREFERENCIAS?<\/h2>\n<ul>\n<li>Puedes cancelar tu inscripci\u00f3n o actualizar tus preferencias en cualquier momento simplemente poni\u00e9ndote en contacto con nosotros.<\/li>\n<li>Si no deseas recibir informaci\u00f3n sobre nuestros productos o servicios, ponte en contacto con nosotros.<\/li>\n<\/ul>\n<p>Si tienes alguna pregunta o duda adicional relacionada con esta declaraci\u00f3n y\/o nuestras pr\u00e1cticas, ponte en contacto con nosotros en<\/p>\n<hr>\n<h2>POL\u00cdTICA DE PRIVACIDAD | EL BUFETE CHIDOLUE<\/h2>\n<p class=\"mb-3\">Ll\u00e1manos al <a href=\"tel:6783251037\">407-995-6567 o al 407-995-6567<\/a><\/p>\n<address class=\"d-flex mt-3\"><i class=\"fa fa-map-marker primary-color pe-3 mob-icon fa-icon-cnt\"><\/i><\/p>\n<div class=\"fw-400 font-alt-2 black-color fs-18\">1455 Old Alabama Rd., Suite 140,<br \/>\nRoswell GA, 30076<\/div>\n<\/address>\n","protected":false},"excerpt":{"rendered":"<p>Esta declaraci\u00f3n se aplica a la recopilaci\u00f3n online de informaci\u00f3n personal a trav\u00e9s de sitios web gestionados y aplicaciones ofrecidas por el Bufete Chidolue. Los detalles de la Declaraci\u00f3n de Privacidad siguen inmediatamente a continuaci\u00f3n. \u00bfQU\u00c9 DATOS PERSONALES SE RECOGEN Y C\u00d3MO SE UTILIZAN? Recogemos informaci\u00f3n sobre nuestros usuarios de tres formas: directamente del usuario [&hellip;]<\/p>\n","protected":false},"author":31,"featured_media":14466,"parent":0,"menu_order":0,"comment_status":"closed","ping_status":"closed","template":"","meta":{"site-sidebar-layout":"default","site-content-layout":"","ast-site-content-layout":"default","site-content-style":"default","site-sidebar-style":"default","ast-global-header-display":"","ast-banner-title-visibility":"","ast-main-header-display":"","ast-hfb-above-header-display":"","ast-hfb-below-header-display":"","ast-hfb-mobile-header-display":"","site-post-title":"","ast-breadcrumbs-content":"","ast-featured-img":"","footer-sml-layout":"","ast-disable-related-posts":"","theme-transparent-header-meta":"default","adv-header-id-meta":"","stick-header-meta":"","header-above-stick-meta":"","header-main-stick-meta":"","header-below-stick-meta":"","astra-migrate-meta-layouts":"default","ast-page-background-enabled":"default","ast-page-background-meta":{"desktop":{"background-color":"var(--ast-global-color-4)","background-image":"","background-repeat":"repeat","background-position":"center center","background-size":"auto","background-attachment":"scroll","background-type":"","background-media":"","overlay-type":"","overlay-color":"","overlay-opacity":"","overlay-gradient":""},"tablet":{"background-color":"","background-image":"","background-repeat":"repeat","background-position":"center center","background-size":"auto","background-attachment":"scroll","background-type":"","background-media":"","overlay-type":"","overlay-color":"","overlay-opacity":"","overlay-gradient":""},"mobile":{"background-color":"","background-image":"","background-repeat":"repeat","background-position":"center center","background-size":"auto","background-attachment":"scroll","background-type":"","background-media":"","overlay-type":"","overlay-color":"","overlay-opacity":"","overlay-gradient":""}},"ast-content-background-meta":{"desktop":{"background-color":"var(--ast-global-color-5)","background-image":"","background-repeat":"repeat","background-position":"center center","background-size":"auto","background-attachment":"scroll","background-type":"","background-media":"","overlay-type":"","overlay-color":"","overlay-opacity":"","overlay-gradient":""},"tablet":{"background-color":"var(--ast-global-color-5)","background-image":"","background-repeat":"repeat","background-position":"center center","background-size":"auto","background-attachment":"scroll","background-type":"","background-media":"","overlay-type":"","overlay-color":"","overlay-opacity":"","overlay-gradient":""},"mobile":{"background-color":"var(--ast-global-color-5)","background-image":"","background-repeat":"repeat","background-position":"center center","background-size":"auto","background-attachment":"scroll","background-type":"","background-media":"","overlay-type":"","overlay-color":"","overlay-opacity":"","overlay-gradient":""}},"footnotes":""},"class_list":["post-14991","page","type-page","status-publish","has-post-thumbnail","hentry"],"yoast_head":"<!-- This site is optimized with the Yoast SEO plugin v27.3 - https:\/\/yoast.com\/product\/yoast-seo-wordpress\/ -->\n<title>Pol\u00edtica de privacidad | El bufete Chidolue<\/title>\n<meta name=\"description\" content=\"Pol\u00edtica de privacidad | El bufete Chidolue\" \/>\n<meta name=\"robots\" content=\"noindex, follow\" \/>\n<meta property=\"og:locale\" content=\"es_ES\" \/>\n<meta property=\"og:type\" content=\"article\" \/>\n<meta property=\"og:title\" content=\"Pol\u00edtica de privacidad | El bufete Chidolue\" \/>\n<meta property=\"og:description\" content=\"Pol\u00edtica de privacidad | El bufete Chidolue\" \/>\n<meta property=\"og:url\" content=\"https:\/\/www.chidoluelaw.com\/es\/politica-de-privacidad\/\" \/>\n<meta property=\"og:site_name\" content=\"The Chidolue Law Firm\" \/>\n<meta property=\"article:modified_time\" content=\"2025-03-26T02:05:19+00:00\" \/>\n<meta name=\"twitter:card\" content=\"summary_large_image\" \/>\n<meta name=\"twitter:label1\" content=\"Tiempo de lectura\" \/>\n\t<meta name=\"twitter:data1\" content=\"3 minutos\" \/>\n<!-- \/ Yoast SEO plugin. -->","yoast_head_json":{"title":"Pol\u00edtica de privacidad | El bufete Chidolue","description":"Pol\u00edtica de privacidad | El bufete Chidolue","robots":{"index":"noindex","follow":"follow"},"og_locale":"es_ES","og_type":"article","og_title":"Pol\u00edtica de privacidad | El bufete Chidolue","og_description":"Pol\u00edtica de privacidad | El bufete Chidolue","og_url":"https:\/\/www.chidoluelaw.com\/es\/politica-de-privacidad\/","og_site_name":"The Chidolue Law Firm","article_modified_time":"2025-03-26T02:05:19+00:00","twitter_card":"summary_large_image","twitter_misc":{"Tiempo de lectura":"3 minutos"},"schema":{"@context":"https:\/\/schema.org","@graph":[{"@type":"WebPage","@id":"https:\/\/www.chidoluelaw.com\/es\/politica-de-privacidad\/","url":"https:\/\/www.chidoluelaw.com\/es\/politica-de-privacidad\/","name":"Pol\u00edtica de privacidad | El bufete Chidolue","isPartOf":{"@id":"https:\/\/www.chidoluelaw.com\/es\/#website"},"primaryImageOfPage":{"@id":"https:\/\/www.chidoluelaw.com\/es\/politica-de-privacidad\/#primaryimage"},"image":{"@id":"https:\/\/www.chidoluelaw.com\/es\/politica-de-privacidad\/#primaryimage"},"thumbnailUrl":"https:\/\/www.chidoluelaw.com\/wp-content\/uploads\/2024\/03\/fetured-1.svg","datePublished":"2023-11-14T07:23:33+00:00","dateModified":"2025-03-26T02:05:19+00:00","description":"Pol\u00edtica de privacidad | El bufete Chidolue","breadcrumb":{"@id":"https:\/\/www.chidoluelaw.com\/es\/politica-de-privacidad\/#breadcrumb"},"inLanguage":"es","potentialAction":[{"@type":"ReadAction","target":["https:\/\/www.chidoluelaw.com\/es\/politica-de-privacidad\/"]}]},{"@type":"ImageObject","inLanguage":"es","@id":"https:\/\/www.chidoluelaw.com\/es\/politica-de-privacidad\/#primaryimage","url":"https:\/\/www.chidoluelaw.com\/wp-content\/uploads\/2024\/03\/fetured-1.svg","contentUrl":"https:\/\/www.chidoluelaw.com\/wp-content\/uploads\/2024\/03\/fetured-1.svg"},{"@type":"BreadcrumbList","@id":"https:\/\/www.chidoluelaw.com\/es\/politica-de-privacidad\/#breadcrumb","itemListElement":[{"@type":"ListItem","position":1,"name":"Home","item":"https:\/\/www.chidoluelaw.com\/es\/"},{"@type":"ListItem","position":2,"name":"Pol\u00edtica de privacidad"}]},{"@type":"WebSite","@id":"https:\/\/www.chidoluelaw.com\/es\/#website","url":"https:\/\/www.chidoluelaw.com\/es\/","name":"The Chidolue Law Firm","description":"","publisher":{"@id":"https:\/\/www.chidoluelaw.com\/es\/#organization"},"potentialAction":[{"@type":"SearchAction","target":{"@type":"EntryPoint","urlTemplate":"https:\/\/www.chidoluelaw.com\/es\/?s={search_term_string}"},"query-input":{"@type":"PropertyValueSpecification","valueRequired":true,"valueName":"search_term_string"}}],"inLanguage":"es"},{"@type":"Organization","@id":"https:\/\/www.chidoluelaw.com\/es\/#organization","name":"The Chidolue Law Firm","url":"https:\/\/www.chidoluelaw.com\/es\/","logo":{"@type":"ImageObject","inLanguage":"es","@id":"https:\/\/www.chidoluelaw.com\/es\/#\/schema\/logo\/image\/","url":"https:\/\/www.chidoluelaw.com\/wp-content\/uploads\/2024\/03\/logo-w.svg","contentUrl":"https:\/\/www.chidoluelaw.com\/wp-content\/uploads\/2024\/03\/logo-w.svg","caption":"The Chidolue Law Firm"},"image":{"@id":"https:\/\/www.chidoluelaw.com\/es\/#\/schema\/logo\/image\/"}}]}},"_links":{"self":[{"href":"https:\/\/www.chidoluelaw.com\/es\/wp-json\/wp\/v2\/pages\/14991","targetHints":{"allow":["GET"]}}],"collection":[{"href":"https:\/\/www.chidoluelaw.com\/es\/wp-json\/wp\/v2\/pages"}],"about":[{"href":"https:\/\/www.chidoluelaw.com\/es\/wp-json\/wp\/v2\/types\/page"}],"author":[{"embeddable":true,"href":"https:\/\/www.chidoluelaw.com\/es\/wp-json\/wp\/v2\/users\/31"}],"replies":[{"embeddable":true,"href":"https:\/\/www.chidoluelaw.com\/es\/wp-json\/wp\/v2\/comments?post=14991"}],"version-history":[{"count":0,"href":"https:\/\/www.chidoluelaw.com\/es\/wp-json\/wp\/v2\/pages\/14991\/revisions"}],"wp:featuredmedia":[{"embeddable":true,"href":"https:\/\/www.chidoluelaw.com\/es\/wp-json\/wp\/v2\/media\/14466"}],"wp:attachment":[{"href":"https:\/\/www.chidoluelaw.com\/es\/wp-json\/wp\/v2\/media?parent=14991"}],"curies":[{"name":"wp","href":"https:\/\/api.w.org\/{rel}","templated":true}]}}